{"id":15240,"date":"2024-04-14T00:00:46","date_gmt":"2025-03-20T10:49:39","guid":{"rendered":"https:\/\/delices.lu\/produit\/perlemor-home-grosse-vase\/"},"modified":"2025-03-20T11:49:39","modified_gmt":"2025-03-20T10:49:39","slug":"perlemor-home-grosse-vase","status":"publish","type":"product","link":"https:\/\/delices.lu\/de\/produit\/perlemor-home-grosse-vase\/","title":{"rendered":"Perlemor Home &#8211; Gro\u00dfe Vase"},"content":{"rendered":"<p><strong>Eine gro\u00dfe rosafarbene Vase mit sommerlichem<\/strong> Flair<br \/>\nUm Ihrem Zuhause einen Hauch von Urlaub zu verleihen, setzen Sie auf die Geschirr- und Dekorationskollektion von Perlemor. Die Kollektion wurde entworfen, um an leichte und unbeschwerte Sommertage am Meer zu erinnern. Diese gro\u00dfe, zarte Vase ist eine perfekte Verk\u00f6rperung der Sommersaison. Sie zeigt sanfte Rosat\u00f6ne, eine flie\u00dfende Glasur und harmonische Kurven. Ein T\u00f6pferstil, der ganz im Trend der Zeit liegt! Geben Sie einige frische oder getrocknete Blumen in diesen sch\u00f6nen Designbeh\u00e4lter. Stellen Sie es dann in die Mitte Ihres Ess- oder Couchtisches. Um es noch besser zur Geltung zu bringen, stellen Sie ein sch\u00f6nes, beigefarbenes Perlemor Windlicht aus hochwertigem Porzellan dazu. Dies ist eine Dekoration, die nicht unbemerkt bleiben wird. Diese gro\u00dfe Vase ist auch eine ausgezeichnete Geschenkidee f\u00fcr einen Geburtstag oder eine Einweihungsparty. Setzen Sie auf ein trendiges, sommerliches Design mit der Perlemor-Kollektion von Villeroy &amp; Boch.          <\/p>\n","protected":false},"excerpt":{"rendered":"<p><strong>Perlemor Home<br \/>\n<\/strong> Vase<strong>, gro\u00df, zartrosa<br \/>\n<\/strong>MATERIAL: Steingut<br \/>\nGR\u00d6SSE: Durchm. ca. 155 mm und 2700 ml<br \/>\nFARBE: Zartrosa<br \/>\nGARANTIE SP\u00dcLMASCHINENGARANTIE: nicht<br \/>\nKOMPATIBEL MIKROWELLENGER\u00c4TE: nicht<br \/>\nREF. ARTIKEL: 1951765080  <\/p>\n","protected":false},"featured_media":15244,"template":"","meta":[],"location":[],"product_brand":[],"product_cat":[1311,2333,1309],"product_tag":[743,2419,2275,2405],"class_list":{"0":"post-15240","1":"product","2":"type-product","3":"status-publish","4":"has-post-thumbnail","6":"product_cat-dekoration","7":"product_cat-vase-de","8":"product_cat-villeroy-boch-de","9":"product_tag-decoration-de","10":"product_tag-nek-de","11":"product_tag-rosa","12":"product_tag-vase-de","14":"first","15":"instock","16":"shipping-taxable","17":"purchasable","18":"product-type-simple"},"supplier_id":9071,"supplier_sku":"1951765080","barcode":"4003686420632","atum_controlled":true,"out_stock_date":"2024-04-14 08:53:57","out_stock_threshold":null,"inheritable":false,"inbound_stock":0,"stock_on_hold":0,"sold_today":0,"sales_last_days":0,"reserved_stock":0,"customer_returns":0,"warehouse_damage":null,"lost_in_post":0,"other_logs":0,"out_stock_days":460,"lost_sales":0,"has_location":false,"update_date":"2025-07-19T06:26:38","atum_locations":[],"atum_stock_status":"onbackorder","restock_status":false,"low_stock_amount":"","sales_update_date":"2025-07-19T06:26:38","calc_backorders":0,"locations":[],"_links":{"self":[{"href":"https:\/\/delices.lu\/de\/wp-json\/wp\/v2\/product\/15240","targetHints":{"allow":["GET"]}}],"collection":[{"href":"https:\/\/delices.lu\/de\/wp-json\/wp\/v2\/product"}],"about":[{"href":"https:\/\/delices.lu\/de\/wp-json\/wp\/v2\/types\/product"}],"wp:featuredmedia":[{"embeddable":true,"href":"https:\/\/delices.lu\/de\/wp-json\/wp\/v2\/media\/15244"}],"wp:attachment":[{"href":"https:\/\/delices.lu\/de\/wp-json\/wp\/v2\/media?parent=15240"}],"wp:term":[{"taxonomy":"location","embeddable":true,"href":"https:\/\/delices.lu\/de\/wp-json\/wp\/v2\/location?post=15240"},{"taxonomy":"product_brand","embeddable":true,"href":"https:\/\/delices.lu\/de\/wp-json\/wp\/v2\/product_brand?post=15240"},{"taxonomy":"product_cat","embeddable":true,"href":"https:\/\/delices.lu\/de\/wp-json\/wp\/v2\/product_cat?post=15240"},{"taxonomy":"product_tag","embeddable":true,"href":"https:\/\/delices.lu\/de\/wp-json\/wp\/v2\/product_tag?post=15240"}],"curies":[{"name":"wp","href":"https:\/\/api.w.org\/{rel}","templated":true}]}}