{"id":15263,"date":"2024-04-14T00:00:43","date_gmt":"2025-03-20T10:49:41","guid":{"rendered":"https:\/\/delices.lu\/produit\/perlemor-home-grosse-vase-2\/"},"modified":"2025-03-20T11:49:41","modified_gmt":"2025-03-20T10:49:41","slug":"perlemor-home-grosse-vase-2","status":"publish","type":"product","link":"https:\/\/delices.lu\/de\/produit\/perlemor-home-grosse-vase-2\/","title":{"rendered":"Perlemor Home &#8211; Gro\u00dfe Vase"},"content":{"rendered":"<p><strong>Eine gro\u00dfe Vase, um Ihr Zuhause in Urlaubsstimmung zu versetzen<\/strong><br \/>\nSp\u00fcren Sie den angenehmen blumigen Duft und die w\u00e4rmende Sonne? Mit der Kollektion Perlemor hat Villeroy &amp; Boch Geschirr und Dekoration entworfen, die an einen sonnigen Sommertag am Meer erinnern. Die gro\u00dfe Vase verk\u00f6rpert dieses Gef\u00fchl der sommerlichen Leichtigkeit perfekt. Sie ist ein sehr elegantes Dekorationselement. Nach einem Spaziergang und einigen Blumen, die Sie auf den Feldern gesammelt haben, k\u00f6nnen Sie ein farbenfrohes Arrangement in der gro\u00dfen Vase arrangieren. Stellen Sie sie auf die Anrichte in Ihrem Esszimmer, auf einen Tisch oder ein M\u00f6belst\u00fcck im Eingangsbereich. Mit ihrem Schattierungseffekt und den zartrosa Farbt\u00f6nen wird sie Ihrem Zuhause viel Sanftheit verleihen. Sind Sie von der Perlemor-Kollektion mit ihrem trendigen Design, das nach Sommer riecht, begeistert? \u00dcbernehmen Sie die Geschirrsets der Kollektion (flache Teller, Salatsch\u00fcsseln, Schalen, Kaffeetassen&#8230;) und kreieren Sie einen bezaubernden und warmen Tisch! Setzen Sie auf ein trendiges, sommerliches Design mit der Kollektion Perlemor von Villeroy &amp; Boch.         <\/p>\n","protected":false},"excerpt":{"rendered":"<p><strong>Perlemor Home<br \/>\n<\/strong><strong>Gro\u00dfe Vase, zartrosa<br \/>\n<\/strong>MATERIAL: Steingut<br \/>\nGR\u00d6SSE: Durchm. ca. 143 mm und 1780 ml<br \/>\nFARBE: Zartrosa<br \/>\nGARANTIERT SP\u00dcLMASCHINENGARANTIE: Ja<br \/>\nMIKROWELLENKOMPATIBEL: Ja<br \/>\nREF. ARTIKEL: 1951765070  <\/p>\n","protected":false},"featured_media":15265,"template":"","meta":[],"location":[],"product_brand":[],"product_cat":[1311,2333,1309],"product_tag":[2275,2405],"class_list":{"0":"post-15263","1":"product","2":"type-product","3":"status-publish","4":"has-post-thumbnail","6":"product_cat-dekoration","7":"product_cat-vase-de","8":"product_cat-villeroy-boch-de","9":"product_tag-rosa","10":"product_tag-vase-de","12":"first","13":"instock","14":"shipping-taxable","15":"purchasable","16":"product-type-simple"},"supplier_id":9071,"supplier_sku":"1951765070","barcode":"4003686420618","atum_controlled":true,"out_stock_date":"2024-04-14 08:52:09","out_stock_threshold":null,"inheritable":false,"inbound_stock":0,"stock_on_hold":0,"sold_today":0,"sales_last_days":0,"reserved_stock":0,"customer_returns":0,"warehouse_damage":null,"lost_in_post":0,"other_logs":0,"out_stock_days":460,"lost_sales":0,"has_location":false,"update_date":"2025-07-19T06:26:38","atum_locations":[],"atum_stock_status":"onbackorder","restock_status":false,"low_stock_amount":"","sales_update_date":"2025-07-19T06:26:38","calc_backorders":0,"locations":[],"_links":{"self":[{"href":"https:\/\/delices.lu\/de\/wp-json\/wp\/v2\/product\/15263","targetHints":{"allow":["GET"]}}],"collection":[{"href":"https:\/\/delices.lu\/de\/wp-json\/wp\/v2\/product"}],"about":[{"href":"https:\/\/delices.lu\/de\/wp-json\/wp\/v2\/types\/product"}],"wp:featuredmedia":[{"embeddable":true,"href":"https:\/\/delices.lu\/de\/wp-json\/wp\/v2\/media\/15265"}],"wp:attachment":[{"href":"https:\/\/delices.lu\/de\/wp-json\/wp\/v2\/media?parent=15263"}],"wp:term":[{"taxonomy":"location","embeddable":true,"href":"https:\/\/delices.lu\/de\/wp-json\/wp\/v2\/location?post=15263"},{"taxonomy":"product_brand","embeddable":true,"href":"https:\/\/delices.lu\/de\/wp-json\/wp\/v2\/product_brand?post=15263"},{"taxonomy":"product_cat","embeddable":true,"href":"https:\/\/delices.lu\/de\/wp-json\/wp\/v2\/product_cat?post=15263"},{"taxonomy":"product_tag","embeddable":true,"href":"https:\/\/delices.lu\/de\/wp-json\/wp\/v2\/product_tag?post=15263"}],"curies":[{"name":"wp","href":"https:\/\/api.w.org\/{rel}","templated":true}]}}