{"id":15264,"date":"2024-06-09T00:00:42","date_gmt":"2025-03-20T10:49:41","guid":{"rendered":"https:\/\/delices.lu\/produit\/like-lavender-set-von-2-weinglaesern\/"},"modified":"2025-03-20T11:49:41","modified_gmt":"2025-03-20T10:49:41","slug":"like-lavender-set-von-2-weinglaesern","status":"publish","type":"product","link":"https:\/\/delices.lu\/de\/produit\/like-lavender-set-von-2-weinglaesern\/","title":{"rendered":"Like Lavender &#8211; Set von 2 Weingl\u00e4sern"},"content":{"rendered":"<p><strong>Lila Weingl\u00e4ser f\u00fcr Ihr Lieblingsgetr\u00e4nk<\/strong><br \/>\nOb Sommer oder Winter, mit den Like Lavender <strong>Gl\u00e4sern<\/strong> k\u00f6nnen Sie Ihren Tisch aufpeppen! Es gibt nichts Besseres als farbige Gl\u00e4ser, um eine sommerliche oder festliche Atmosph\u00e4re zu schaffen. Dieses lilafarbene Weinglasset ist ideal, um Ihr Lieblingsgetr\u00e4nk zu einem k\u00f6stlichen Gericht zu genie\u00dfen. Dieses Set aus zwei Stielgl\u00e4sern kann mit Wasser- oder Cocktailgl\u00e4sern in einer anderen Farbe kombiniert werden. Blau, gr\u00fcn, orange&#8230; Stellen Sie sich Ihr eigenes Geschirrset zusammen, indem Sie Ihre Lieblingsfarben kombinieren! F\u00fcr den Aperitif oder das Essen? Die Teller, Schalen und Sch\u00fcsseln aus Steingut der Lave-Kollektion werden mit Ihren get\u00f6nten Gl\u00e4sern einen tollen Effekt erzielen. Entscheiden Sie sich f\u00fcr ein trendiges Mix &amp; Match mit diesen beiden emblematischen Kollektionen von Villeroy &amp; Boch! Dieses Set aus zwei Weingl\u00e4sern ist auch eine perfekte Geschenkidee, zum Beispiel f\u00fcr eine Einweihungsparty oder einen Geburtstag. Es kann auch ein bereits bestehendes Set von farbigen Gl\u00e4sern erg\u00e4nzen. Feiern Sie das Leben in seiner wunderbaren bunten Vielfalt, mit Like Glass von like. by Villeroy &amp; Boch.           <\/p>\n","protected":false},"excerpt":{"rendered":"<p><strong>Like Lavender &#8211; Set von 2 Weingl\u00e4sern<\/strong><br \/>\n<strong>Lila, aus Kristallglas<\/strong><br \/>\nMATERIAL: Kristallglas<br \/>\nDURCHMESSER: ca. 85 mm<br \/>\nGR\u00d6SSE: ca. 270 ml<br \/>\nFARBE: Lila, transparent<br \/>\nGARANTIE SP\u00dcLMASCHINENGARANTIE:Nein<br \/>\nMIKROWELLENKOMPATIBEL: Nein<br \/>\nREF. ARTIKEL: 1951828200 <\/p>\n","protected":false},"featured_media":15270,"template":"","meta":[],"location":[],"product_brand":[],"product_cat":[1354,2359,1309],"product_tag":[2211,2378,2410,2408],"class_list":{"0":"post-15264","1":"product","2":"type-product","3":"status-publish","4":"has-post-thumbnail","6":"product_cat-art-de-la-table-de","7":"product_cat-glas","8":"product_cat-villeroy-boch-de","9":"product_tag-glas","10":"product_tag-kristallin","11":"product_tag-lavendel","12":"product_tag-set-mit-2-glasern","14":"first","15":"instock","16":"shipping-taxable","17":"purchasable","18":"product-type-simple"},"supplier_id":9071,"supplier_sku":"1951828200","barcode":"4003686431553","atum_controlled":true,"out_stock_date":"2024-06-09 12:41:35","out_stock_threshold":null,"inheritable":false,"inbound_stock":0,"stock_on_hold":0,"sold_today":0,"sales_last_days":0,"reserved_stock":0,"customer_returns":0,"warehouse_damage":null,"lost_in_post":0,"other_logs":0,"out_stock_days":404,"lost_sales":0,"has_location":false,"update_date":"2025-07-19T06:26:38","atum_locations":[],"atum_stock_status":"onbackorder","restock_status":false,"low_stock_amount":"","sales_update_date":"2025-07-19T06:26:38","calc_backorders":0,"locations":[],"_links":{"self":[{"href":"https:\/\/delices.lu\/de\/wp-json\/wp\/v2\/product\/15264","targetHints":{"allow":["GET"]}}],"collection":[{"href":"https:\/\/delices.lu\/de\/wp-json\/wp\/v2\/product"}],"about":[{"href":"https:\/\/delices.lu\/de\/wp-json\/wp\/v2\/types\/product"}],"wp:featuredmedia":[{"embeddable":true,"href":"https:\/\/delices.lu\/de\/wp-json\/wp\/v2\/media\/15270"}],"wp:attachment":[{"href":"https:\/\/delices.lu\/de\/wp-json\/wp\/v2\/media?parent=15264"}],"wp:term":[{"taxonomy":"location","embeddable":true,"href":"https:\/\/delices.lu\/de\/wp-json\/wp\/v2\/location?post=15264"},{"taxonomy":"product_brand","embeddable":true,"href":"https:\/\/delices.lu\/de\/wp-json\/wp\/v2\/product_brand?post=15264"},{"taxonomy":"product_cat","embeddable":true,"href":"https:\/\/delices.lu\/de\/wp-json\/wp\/v2\/product_cat?post=15264"},{"taxonomy":"product_tag","embeddable":true,"href":"https:\/\/delices.lu\/de\/wp-json\/wp\/v2\/product_tag?post=15264"}],"curies":[{"name":"wp","href":"https:\/\/api.w.org\/{rel}","templated":true}]}}