{"id":15275,"date":"2024-09-18T00:00:31","date_gmt":"2025-03-20T10:49:41","guid":{"rendered":"https:\/\/delices.lu\/produit\/perlemor-sand-tasse\/"},"modified":"2025-03-20T11:49:41","modified_gmt":"2025-03-20T10:49:41","slug":"perlemor-sand-tasse","status":"publish","type":"product","link":"https:\/\/delices.lu\/de\/produit\/perlemor-sand-tasse\/","title":{"rendered":"Perlemor Sand &#8211; Tasse"},"content":{"rendered":"<p><strong>Ein Tee- oder Kaffeebecher f\u00fcr Ihr Lieblingshei\u00dfgetr\u00e4nk<\/strong><br \/>\nDie spezielle Emaillierung dieses h\u00fcbschen Bechers verleiht ihm eine originelle und einzigartige Farbabstufung! F\u00fcr ein trendiges Mix &amp; Match k\u00f6nnen Sie ihn mit anderen rosafarbenen Tassen oder Tellern kombinieren. Die beiden Hauptfarben der Perlemor-Kollektion passen perfekt zu ihrem modernen T\u00f6pferei-Look! Diese Tasse mit Henkel ist ein Muss f\u00fcr das Fr\u00fchst\u00fcck oder den Nachmittagssnack. Genie\u00dfen Sie eine k\u00f6stliche L\u00fctticher Schokolade, einen Latte Macchiato oder einen fruchtigen Tee aus dieser Designertasse! Sie k\u00f6nnen auch einen leckeren Kuchenbecher daraus machen&#8230; Diese Kollektion in sanften und nat\u00fcrlichen Farben verleiht Ihrer Dekoration eine angenehme Atmosph\u00e4re. Entdecken Sie auch die passenden Vasen und Windlichter! Mit einem Strau\u00df getrockneter Blumen oder einer Duftkerze wird Ihre Tischdekoration Erinnerungen an Strand und Sommer wecken. M\u00f6chten Sie einem lieben Menschen eine Freude machen? Stellen Sie Ihr eigenes komplettes Tischset mit Tassen, Tellern und Schalen aus rosa und beigem Porzellan zusammen! Jedes St\u00fcck ist ein echtes Must-Have f\u00fcr Ihr Zuhause.          <\/p>\n","protected":false},"excerpt":{"rendered":"<p><strong>Perlemor Sand<br \/>\n<\/strong>Mug<strong>, beige<br \/>\n<\/strong>MATERIAL: Premium Porcelain.<br \/>\nGR\u00d6SSE: ca. 290 ml<br \/>\nFARBE: beige<br \/>\nGARANTIE SP\u00dcLMASCHINENGARANTIE: Ja<br \/>\nMIKROWELLENKOMPATIBEL: Ja<br \/>\nREF. ARTIKEL: 1951729651 <\/p>\n","protected":false},"featured_media":15277,"template":"","meta":[],"location":[959],"product_brand":[],"product_cat":[1354,2235,2163,1309],"product_tag":[2343,1154,2420],"class_list":{"0":"post-15275","1":"product","2":"type-product","3":"status-publish","4":"has-post-thumbnail","6":"location-0-shop","7":"product_cat-art-de-la-table-de","8":"product_cat-tasse-de","9":"product_cat-tasse-krug","10":"product_cat-villeroy-boch-de","11":"product_tag-beige-de","12":"product_tag-mug-becher","13":"product_tag-perlemor-sand-de","15":"first","16":"instock","17":"shipping-taxable","18":"purchasable","19":"product-type-simple"},"supplier_id":9071,"supplier_sku":"1951729651","barcode":"4003686410817","atum_controlled":true,"out_stock_date":"2024-09-18 17:19:52","out_stock_threshold":null,"inheritable":false,"inbound_stock":0,"stock_on_hold":0,"sold_today":0,"sales_last_days":0,"reserved_stock":0,"customer_returns":0,"warehouse_damage":null,"lost_in_post":0,"other_logs":0,"out_stock_days":303,"lost_sales":0,"has_location":false,"update_date":"2025-07-19T06:26:38","atum_locations":[{"id":960,"name":"0 SHOP","slug":"0-shop"}],"atum_stock_status":"onbackorder","restock_status":false,"low_stock_amount":"","sales_update_date":"2025-07-19T06:26:38","calc_backorders":0,"locations":[],"_links":{"self":[{"href":"https:\/\/delices.lu\/de\/wp-json\/wp\/v2\/product\/15275","targetHints":{"allow":["GET"]}}],"collection":[{"href":"https:\/\/delices.lu\/de\/wp-json\/wp\/v2\/product"}],"about":[{"href":"https:\/\/delices.lu\/de\/wp-json\/wp\/v2\/types\/product"}],"wp:featuredmedia":[{"embeddable":true,"href":"https:\/\/delices.lu\/de\/wp-json\/wp\/v2\/media\/15277"}],"wp:attachment":[{"href":"https:\/\/delices.lu\/de\/wp-json\/wp\/v2\/media?parent=15275"}],"wp:term":[{"taxonomy":"location","embeddable":true,"href":"https:\/\/delices.lu\/de\/wp-json\/wp\/v2\/location?post=15275"},{"taxonomy":"product_brand","embeddable":true,"href":"https:\/\/delices.lu\/de\/wp-json\/wp\/v2\/product_brand?post=15275"},{"taxonomy":"product_cat","embeddable":true,"href":"https:\/\/delices.lu\/de\/wp-json\/wp\/v2\/product_cat?post=15275"},{"taxonomy":"product_tag","embeddable":true,"href":"https:\/\/delices.lu\/de\/wp-json\/wp\/v2\/product_tag?post=15275"}],"curies":[{"name":"wp","href":"https:\/\/api.w.org\/{rel}","templated":true}]}}