{"id":15291,"date":"2024-05-04T00:00:44","date_gmt":"2025-03-20T10:49:42","guid":{"rendered":"https:\/\/delices.lu\/produit\/perlemor-sand-schuessel\/"},"modified":"2025-03-20T11:49:42","modified_gmt":"2025-03-20T10:49:42","slug":"perlemor-sand-schuessel","status":"publish","type":"product","link":"https:\/\/delices.lu\/de\/produit\/perlemor-sand-schuessel\/","title":{"rendered":"Perlemor Sand &#8211; Sch\u00fcssel"},"content":{"rendered":"<p><strong>Ein vielseitiger kleiner tiefer Teller f\u00fcr das Essen<\/strong><br \/>\nDie einzigartige \u00c4sthetik dieses sch\u00f6nen Tellers erm\u00f6glicht es, ihn in ein Deko-Objekt zu verwandeln, das z.B. als trendiger Taschenleerer oder als Halter f\u00fcr eine Duftkerze dienen kann. Die Perlemor-Kollektion ist ideal, um eine angenehme Sommeratmosph\u00e4re zu schaffen. Veredeln Sie Ihr Zuhause mit dem beigefarbenen oder puderrosa Porzellan-Geschirr: Tassen, Schalen, Teller, Becher, Salatsch\u00fcsseln, Design-Vasen und Windlichter. Die beiden Hauptfarben dieser Kollektion passen perfekt zusammen! Dieser kleine, schlichte und elegante Suppenteller aus Porzellan hat einen originellen T\u00f6pferei-Look! Sein kleines Format macht ihn zu einem perfekten Beh\u00e4lter f\u00fcr ein paar Kekse zum Kaffee. F\u00fcr den Aperitif wird dieser Designteller zu einer Dipschale, in der Sie Ihre hausgemachten Rezepte servieren k\u00f6nnen: Hummus, Guacamole, Pesto&#8230; Und Sie k\u00f6nnen ihn auch als Dessertteller verwenden: Es gibt nichts Besseres als ein leckeres St\u00fcck Kuchen, das sch\u00f6n angerichtet ist, um Ihre G\u00e4ste zu verw\u00f6hnen! Jedes St\u00fcck ist wirklich ein Muss f\u00fcr Ihr Zuhause.       <\/p>\n","protected":false},"excerpt":{"rendered":"<p><strong>Perlemor Sand<br \/>\nKleiner tiefer Teller, beige<br \/>\n<\/strong>MATERIAL: Premium Porcelain.<br \/>\nGR\u00d6\u00dfE: ca. 117 mm und 80 ml<br \/>\nFARBE: beige<br \/>\nGARANTIE SP\u00dcLGERECHT: Ja<br \/>\nMIKROWELLENKOMPATIBEL: Ja<br \/>\nREF. ARTIKEL: 1951723932 <\/p>\n","protected":false},"featured_media":15295,"template":"","meta":[],"location":[959],"product_brand":[],"product_cat":[1354,1356,2242,1309],"product_tag":[2343,2422,2420,2243],"class_list":{"0":"post-15291","1":"product","2":"type-product","3":"status-publish","4":"has-post-thumbnail","6":"location-0-shop","7":"product_cat-art-de-la-table-de","8":"product_cat-coupe-de","9":"product_cat-schussel","10":"product_cat-villeroy-boch-de","11":"product_tag-beige-de","12":"product_tag-kleiner-tiefer-teller","13":"product_tag-perlemor-sand-de","14":"product_tag-schussel","16":"first","17":"instock","18":"shipping-taxable","19":"purchasable","20":"product-type-simple"},"supplier_id":9071,"supplier_sku":"1951723932","barcode":"4003686410848","atum_controlled":true,"out_stock_date":null,"out_stock_threshold":null,"inheritable":false,"inbound_stock":0,"stock_on_hold":0,"sold_today":0,"sales_last_days":0,"reserved_stock":0,"customer_returns":0,"warehouse_damage":null,"lost_in_post":0,"other_logs":0,"out_stock_days":0,"lost_sales":0,"has_location":false,"update_date":"2025-07-19T06:26:25","atum_locations":[{"id":960,"name":"0 SHOP","slug":"0-shop"}],"atum_stock_status":"instock","restock_status":false,"low_stock_amount":"","sales_update_date":"2025-07-19T06:26:25","calc_backorders":0,"locations":[],"_links":{"self":[{"href":"https:\/\/delices.lu\/de\/wp-json\/wp\/v2\/product\/15291","targetHints":{"allow":["GET"]}}],"collection":[{"href":"https:\/\/delices.lu\/de\/wp-json\/wp\/v2\/product"}],"about":[{"href":"https:\/\/delices.lu\/de\/wp-json\/wp\/v2\/types\/product"}],"wp:featuredmedia":[{"embeddable":true,"href":"https:\/\/delices.lu\/de\/wp-json\/wp\/v2\/media\/15295"}],"wp:attachment":[{"href":"https:\/\/delices.lu\/de\/wp-json\/wp\/v2\/media?parent=15291"}],"wp:term":[{"taxonomy":"location","embeddable":true,"href":"https:\/\/delices.lu\/de\/wp-json\/wp\/v2\/location?post=15291"},{"taxonomy":"product_brand","embeddable":true,"href":"https:\/\/delices.lu\/de\/wp-json\/wp\/v2\/product_brand?post=15291"},{"taxonomy":"product_cat","embeddable":true,"href":"https:\/\/delices.lu\/de\/wp-json\/wp\/v2\/product_cat?post=15291"},{"taxonomy":"product_tag","embeddable":true,"href":"https:\/\/delices.lu\/de\/wp-json\/wp\/v2\/product_tag?post=15291"}],"curies":[{"name":"wp","href":"https:\/\/api.w.org\/{rel}","templated":true}]}}