{"id":15299,"date":"2024-08-01T00:00:59","date_gmt":"2025-03-20T10:49:51","guid":{"rendered":"https:\/\/delices.lu\/produit\/perlemor-sand-grosser-suppenteller\/"},"modified":"2025-03-20T11:49:51","modified_gmt":"2025-03-20T10:49:51","slug":"perlemor-sand-grosser-suppenteller","status":"publish","type":"product","link":"https:\/\/delices.lu\/de\/produit\/perlemor-sand-grosser-suppenteller\/","title":{"rendered":"Perlemor Sand &#8211; Gro\u00dfer Suppenteller"},"content":{"rendered":"<p><strong>Ein gro\u00dfer tiefer Sommerteller mit vielen Verwendungsm\u00f6glichkeiten<\/strong><br \/>\nDas gro\u00dfe Format und das trendige Design dieses tiefen Tellers im T\u00f6pferei-Look machen ihn zu einem vielseitigen Gef\u00e4\u00df! Im Alltag ist dieser originelle Teller eine Bereicherung f\u00fcr die Pr\u00e4sentation Ihrer Gerichte: Nudelteller, gemischter Salat, Kekse oder Beilagen in der Mitte des Tisches&#8230; Seine nat\u00fcrliche Farbe ist perfekt, um eine entspannte Sommeratmosph\u00e4re zu schaffen! Aber er ist nicht nur beim Essen n\u00fctzlich. Dieser schicke und diskrete gro\u00dfe Teller kann auch als Deko-Objekt dienen und sich in einen Taschenleerer verwandeln, den Sie auf einem M\u00f6belst\u00fcck ausstellen k\u00f6nnen. Zusammen mit einer Duftkerze oder einer Vase aus der gleichen Kollektion wird dieser Design-Teller eine sehr sch\u00f6ne Wirkung haben! Vervollst\u00e4ndigen Sie Ihr Zuhause oder machen Sie einem lieben Menschen eine Freude. Jedes St\u00fcck ist ein Muss f\u00fcr Ihre Einrichtung.      <\/p>\n<p>&nbsp;<\/p>\n","protected":false},"excerpt":{"rendered":"<p><strong>Perlemor Sand<br \/>\nGro\u00dfer Suppenteller, beige<br \/>\n<\/strong>MATERIAL: Premium Porcelain.<br \/>\nGR\u00d6\u00dfE: ca. 261 mm und 1280 ml<br \/>\nFARBE: beige<br \/>\nGARANTIERT SP\u00dcLGERECHT: Ja<br \/>\nMIKROWELLENKOMPATIBEL: Ja<br \/>\nREF. ARTIKEL: 1951723760 <\/p>\n","protected":false},"featured_media":15302,"template":"","meta":[],"location":[959,1261],"product_brand":[],"product_cat":[1354,2231,1309],"product_tag":[2343,1358,2420],"class_list":{"0":"post-15299","1":"product","2":"type-product","3":"status-publish","4":"has-post-thumbnail","6":"location-0-shop","7":"location-22-4","8":"product_cat-art-de-la-table-de","9":"product_cat-teller","10":"product_cat-villeroy-boch-de","11":"product_tag-beige-de","12":"product_tag-coupe-de","13":"product_tag-perlemor-sand-de","15":"first","16":"instock","17":"shipping-taxable","18":"purchasable","19":"product-type-simple"},"supplier_id":9071,"supplier_sku":"1951723760","barcode":"4003686410855","atum_controlled":true,"out_stock_date":null,"out_stock_threshold":null,"inheritable":false,"inbound_stock":0,"stock_on_hold":0,"sold_today":0,"sales_last_days":0,"reserved_stock":0,"customer_returns":0,"warehouse_damage":null,"lost_in_post":0,"other_logs":0,"out_stock_days":0,"lost_sales":0,"has_location":false,"update_date":"2025-07-19T06:26:28","atum_locations":[{"id":960,"name":"0 SHOP","slug":"0-shop"},{"id":1277,"name":"224","slug":"224"}],"atum_stock_status":"instock","restock_status":false,"low_stock_amount":"","sales_update_date":"2025-07-19T06:26:28","calc_backorders":0,"locations":[],"_links":{"self":[{"href":"https:\/\/delices.lu\/de\/wp-json\/wp\/v2\/product\/15299","targetHints":{"allow":["GET"]}}],"collection":[{"href":"https:\/\/delices.lu\/de\/wp-json\/wp\/v2\/product"}],"about":[{"href":"https:\/\/delices.lu\/de\/wp-json\/wp\/v2\/types\/product"}],"wp:featuredmedia":[{"embeddable":true,"href":"https:\/\/delices.lu\/de\/wp-json\/wp\/v2\/media\/15302"}],"wp:attachment":[{"href":"https:\/\/delices.lu\/de\/wp-json\/wp\/v2\/media?parent=15299"}],"wp:term":[{"taxonomy":"location","embeddable":true,"href":"https:\/\/delices.lu\/de\/wp-json\/wp\/v2\/location?post=15299"},{"taxonomy":"product_brand","embeddable":true,"href":"https:\/\/delices.lu\/de\/wp-json\/wp\/v2\/product_brand?post=15299"},{"taxonomy":"product_cat","embeddable":true,"href":"https:\/\/delices.lu\/de\/wp-json\/wp\/v2\/product_cat?post=15299"},{"taxonomy":"product_tag","embeddable":true,"href":"https:\/\/delices.lu\/de\/wp-json\/wp\/v2\/product_tag?post=15299"}],"curies":[{"name":"wp","href":"https:\/\/api.w.org\/{rel}","templated":true}]}}