{"id":15300,"date":"2024-09-18T00:00:26","date_gmt":"2025-03-20T10:49:51","guid":{"rendered":"https:\/\/delices.lu\/produit\/perlemor-sand-schuessel-beige\/"},"modified":"2025-03-20T11:49:51","modified_gmt":"2025-03-20T10:49:51","slug":"perlemor-sand-schuessel-beige","status":"publish","type":"product","link":"https:\/\/delices.lu\/de\/produit\/perlemor-sand-schuessel-beige\/","title":{"rendered":"Perlemor Sand &#8211; Sch\u00fcssel, beige"},"content":{"rendered":"<p><strong>Eine trendige und vielseitige Schale im T\u00f6pferstil<\/strong><br \/>\nDas raue und gleichzeitig bearbeitete Aussehen dieser Schale ist typisch f\u00fcr die Perlemor-Kollektion mit ihrem T\u00f6pferstil. Wenn Sie gerne Farben kombinieren, sehen Sie sich auch die Porzellanschale in Puderrosa an! Und wenn Sie ein komplettes und einzigartiges Geschirrset zusammenstellen m\u00f6chten, sehen Sie sich alle Perlemor Geschirrteile an! Sie suchen nach einem Mehrzweckgeschirr? Diese h\u00fcbsche Porzellanschale wird Ihnen gefallen! Perfekt f\u00fcr Fr\u00fchst\u00fccksm\u00fcsli oder einen leckeren Salat, diese beigefarbene Sch\u00fcssel aus der Perlemor Sand Kollektion wird Sie bei all Ihren t\u00e4glichen Mahlzeiten begleiten! Mit ein wenig Phantasie k\u00f6nnen Sie sie sogar zu einem Dekorationsobjekt machen, indem Sie z.B. ein paar getrocknete Blumen hineinlegen. Jedes St\u00fcck ist ein Muss f\u00fcr Ihre Einrichtung.       <\/p>\n","protected":false},"excerpt":{"rendered":"<p><strong>Perlemor Sand<br \/>\n<\/strong>Schale<strong>, beige<br \/>\n<\/strong>MATERIAL: Premium Porcelain.<br \/>\nGR\u00d6SSE: ca. 169 mm und 850 ml<br \/>\nFARBE: beige<br \/>\nGARANTIE SP\u00dcLMASCHINENGARANTIE: Ja<br \/>\nMIKROWELLENKOMPATIBEL: Ja<br \/>\nREF. ARTIKEL: 1951721900 <\/p>\n","protected":false},"featured_media":15301,"template":"","meta":[],"location":[959],"product_brand":[],"product_cat":[1354,1355,1309],"product_tag":[2343,1359,2420],"class_list":{"0":"post-15300","1":"product","2":"type-product","3":"status-publish","4":"has-post-thumbnail","6":"location-0-shop","7":"product_cat-art-de-la-table-de","8":"product_cat-bol-de","9":"product_cat-villeroy-boch-de","10":"product_tag-beige-de","11":"product_tag-bol-de","12":"product_tag-perlemor-sand-de","14":"first","15":"instock","16":"shipping-taxable","17":"purchasable","18":"product-type-simple"},"supplier_id":9071,"supplier_sku":"1951721900","barcode":"4003686410770","atum_controlled":true,"out_stock_date":"2024-09-18 17:16:34","out_stock_threshold":null,"inheritable":false,"inbound_stock":0,"stock_on_hold":0,"sold_today":0,"sales_last_days":0,"reserved_stock":0,"customer_returns":0,"warehouse_damage":null,"lost_in_post":0,"other_logs":0,"out_stock_days":303,"lost_sales":0,"has_location":false,"update_date":"2025-07-19T06:26:37","atum_locations":[{"id":960,"name":"0 SHOP","slug":"0-shop"}],"atum_stock_status":"onbackorder","restock_status":false,"low_stock_amount":"","sales_update_date":"2025-07-19T06:26:37","calc_backorders":0,"locations":[],"_links":{"self":[{"href":"https:\/\/delices.lu\/de\/wp-json\/wp\/v2\/product\/15300","targetHints":{"allow":["GET"]}}],"collection":[{"href":"https:\/\/delices.lu\/de\/wp-json\/wp\/v2\/product"}],"about":[{"href":"https:\/\/delices.lu\/de\/wp-json\/wp\/v2\/types\/product"}],"wp:featuredmedia":[{"embeddable":true,"href":"https:\/\/delices.lu\/de\/wp-json\/wp\/v2\/media\/15301"}],"wp:attachment":[{"href":"https:\/\/delices.lu\/de\/wp-json\/wp\/v2\/media?parent=15300"}],"wp:term":[{"taxonomy":"location","embeddable":true,"href":"https:\/\/delices.lu\/de\/wp-json\/wp\/v2\/location?post=15300"},{"taxonomy":"product_brand","embeddable":true,"href":"https:\/\/delices.lu\/de\/wp-json\/wp\/v2\/product_brand?post=15300"},{"taxonomy":"product_cat","embeddable":true,"href":"https:\/\/delices.lu\/de\/wp-json\/wp\/v2\/product_cat?post=15300"},{"taxonomy":"product_tag","embeddable":true,"href":"https:\/\/delices.lu\/de\/wp-json\/wp\/v2\/product_tag?post=15300"}],"curies":[{"name":"wp","href":"https:\/\/api.w.org\/{rel}","templated":true}]}}