{"id":15317,"date":"2024-05-04T00:00:53","date_gmt":"2025-03-20T10:49:52","guid":{"rendered":"https:\/\/delices.lu\/produit\/perlemor-sand-espressountertasse\/"},"modified":"2025-03-20T11:49:52","modified_gmt":"2025-03-20T10:49:52","slug":"perlemor-sand-espressountertasse","status":"publish","type":"product","link":"https:\/\/delices.lu\/de\/produit\/perlemor-sand-espressountertasse\/","title":{"rendered":"Perlemor Sand &#8211; Espressountertasse"},"content":{"rendered":"<p><strong>Eine einzigartige Espresso-Untertasse f\u00fcr Ihren Kaffee<\/strong><br \/>\nWie sch\u00f6n ist es doch, einen guten Espresso aus einer sch\u00f6nen Tasse zu genie\u00dfen! Was k\u00f6nnte besser dazu passen als eine passende Untertasse? Mit dem typischen T\u00f6pferstil der Perlemor-Kollektion wird diese Espresso-Untertasse schnell unentbehrlich werden! Organisieren Sie einen Brunch oder ein Familienessen? Entdecken Sie auch das andere Porzellangeschirr aus der Perlemor-Kollektion, um einen eleganten und harmonischen Tisch zu decken, vom Aperitif bis zum Kaffee. Ob flacher Teller, tiefe Schale oder Salatsch\u00fcssel: Mit Perlemor Sand werden Ihre kulinarischen Kreationen noch besser zur Geltung kommen! Jedes St\u00fcck ist ein absolutes Muss f\u00fcr Ihr Zuhause.      <\/p>\n","protected":false},"excerpt":{"rendered":"<p><strong>Perlemor Sand<br \/>\nEspresso-Untertasse, beige<br \/>\n<\/strong>MATERIAL: Premium Porcelain.<br \/>\nGR\u00d6SSE: ca. 120 mm<br \/>\nFARBE: beige<br \/>\nGARANTIERT SP\u00dcLMASCHINENGARANTIE: Ja<br \/>\nMIKROWELLENGER\u00c4TEKOMPATIBEL: Ja<br \/>\nREF. ARTIKEL: 1951721430 <\/p>\n","protected":false},"featured_media":15321,"template":"","meta":[],"location":[959],"product_brand":[],"product_cat":[1354,2235,2266,1309],"product_tag":[2343,2354,2395,2420],"class_list":{"0":"post-15317","1":"product","2":"type-product","3":"status-publish","4":"has-post-thumbnail","6":"location-0-shop","7":"product_cat-art-de-la-table-de","8":"product_cat-tasse-de","9":"product_cat-untertasse","10":"product_cat-villeroy-boch-de","11":"product_tag-beige-de","12":"product_tag-espressotasse","13":"product_tag-ohne-untertasse","14":"product_tag-perlemor-sand-de","16":"first","17":"instock","18":"shipping-taxable","19":"purchasable","20":"product-type-simple"},"supplier_id":9071,"supplier_sku":"1951721430","barcode":"4003686410831","atum_controlled":true,"out_stock_date":null,"out_stock_threshold":null,"inheritable":false,"inbound_stock":0,"stock_on_hold":0,"sold_today":0,"sales_last_days":0,"reserved_stock":0,"customer_returns":0,"warehouse_damage":null,"lost_in_post":0,"other_logs":0,"out_stock_days":0,"lost_sales":0,"has_location":false,"update_date":"2025-07-19T06:26:31","atum_locations":[{"id":960,"name":"0 SHOP","slug":"0-shop"}],"atum_stock_status":"instock","restock_status":false,"low_stock_amount":"","sales_update_date":"2025-07-19T06:26:31","calc_backorders":0,"locations":[],"_links":{"self":[{"href":"https:\/\/delices.lu\/de\/wp-json\/wp\/v2\/product\/15317","targetHints":{"allow":["GET"]}}],"collection":[{"href":"https:\/\/delices.lu\/de\/wp-json\/wp\/v2\/product"}],"about":[{"href":"https:\/\/delices.lu\/de\/wp-json\/wp\/v2\/types\/product"}],"wp:featuredmedia":[{"embeddable":true,"href":"https:\/\/delices.lu\/de\/wp-json\/wp\/v2\/media\/15321"}],"wp:attachment":[{"href":"https:\/\/delices.lu\/de\/wp-json\/wp\/v2\/media?parent=15317"}],"wp:term":[{"taxonomy":"location","embeddable":true,"href":"https:\/\/delices.lu\/de\/wp-json\/wp\/v2\/location?post=15317"},{"taxonomy":"product_brand","embeddable":true,"href":"https:\/\/delices.lu\/de\/wp-json\/wp\/v2\/product_brand?post=15317"},{"taxonomy":"product_cat","embeddable":true,"href":"https:\/\/delices.lu\/de\/wp-json\/wp\/v2\/product_cat?post=15317"},{"taxonomy":"product_tag","embeddable":true,"href":"https:\/\/delices.lu\/de\/wp-json\/wp\/v2\/product_tag?post=15317"}],"curies":[{"name":"wp","href":"https:\/\/api.w.org\/{rel}","templated":true}]}}