{"id":15325,"date":"2024-09-18T00:00:48","date_gmt":"2025-03-20T10:49:52","guid":{"rendered":"https:\/\/delices.lu\/produit\/perlemor-sand-kleiner-tiefer-teller\/"},"modified":"2025-03-20T11:49:52","modified_gmt":"2025-03-20T10:49:52","slug":"perlemor-sand-kleiner-tiefer-teller","status":"publish","type":"product","link":"https:\/\/delices.lu\/de\/produit\/perlemor-sand-kleiner-tiefer-teller\/","title":{"rendered":"Perlemor Sand &#8211; Kleiner tiefer Teller"},"content":{"rendered":"<p><strong>Ein kleiner tiefer Teller, der auch als dekorative Schale dienen kann<\/strong><br \/>\nDer T\u00f6pferei-Stil der Perlemor-Kollektion l\u00e4sst keine W\u00fcnsche offen. Viele der Geschirrteile, aus denen die Kollektion besteht, k\u00f6nnen auch als Deko-Objekte verwendet werden. Dieser Dessertteller kann als Taschenleerer oder als dekorative Schale auf dem Buffet im Esszimmer verwendet werden! Wie w\u00e4re es mit einer originellen Vase oder einer kleinen Duftkerze aus der gleichen Serie, um Ihr Zuhause zu versch\u00f6nern? Das elegante und zeitlose Design der Perlemor Sand Geschirrsets macht sie auch zu einer perfekten Geschenkidee f\u00fcr Geburtstage oder Einweihungsfeiern. Dieser kleine tiefe Teller aus Porzellan ist ideal, um eine sommerliche und entspannte Atmosph\u00e4re auf den Tisch zu bringen. Seine sch\u00f6ne nat\u00fcrliche Farbe passt perfekt zu den rosafarbenen Schalen, Tassen, Platten und Tellern aus der gleichen Kollektion. So entsteht ein trendiges Mix &amp; Match in einem Stil, der an den Sommerurlaub erinnert! Jedes St\u00fcck ist ein echtes Must-Have f\u00fcr Ihr Zuhause.        <\/p>\n<p>&nbsp;<\/p>\n","protected":false},"excerpt":{"rendered":"<p><strong>Perlemor Sand<br \/>\nKleiner tiefer Teller, beige<br \/>\n<\/strong>MATERIAL: Premium Porcelain.<br \/>\nGR\u00d6SSE: ca. 238 mm<br \/>\nFARBE: beige<br \/>\nGARANTIE SP\u00dcLMASCHINENGARANTIE: Ja<br \/>\nMIKROWELLENKOMPATIBEL: Ja<br \/>\nREF. ARTIKEL: 1951722640 <\/p>\n","protected":false},"featured_media":15327,"template":"","meta":[],"location":[959],"product_brand":[],"product_cat":[1354,2231,1309],"product_tag":[2343,2375,2420,2248],"class_list":{"0":"post-15325","1":"product","2":"type-product","3":"status-publish","4":"has-post-thumbnail","6":"location-0-shop","7":"product_cat-art-de-la-table-de","8":"product_cat-teller","9":"product_cat-villeroy-boch-de","10":"product_tag-beige-de","11":"product_tag-creuse-de","12":"product_tag-perlemor-sand-de","13":"product_tag-teller","15":"first","16":"instock","17":"shipping-taxable","18":"purchasable","19":"product-type-simple"},"supplier_id":9071,"supplier_sku":"1951722640","barcode":"4003686410794","atum_controlled":true,"out_stock_date":"2024-09-18 17:18:35","out_stock_threshold":null,"inheritable":false,"inbound_stock":0,"stock_on_hold":0,"sold_today":0,"sales_last_days":0,"reserved_stock":0,"customer_returns":0,"warehouse_damage":null,"lost_in_post":0,"other_logs":0,"out_stock_days":303,"lost_sales":0,"has_location":false,"update_date":"2025-07-19T06:26:37","atum_locations":[{"id":960,"name":"0 SHOP","slug":"0-shop"}],"atum_stock_status":"onbackorder","restock_status":false,"low_stock_amount":"","sales_update_date":"2025-07-19T06:26:37","calc_backorders":0,"locations":[],"_links":{"self":[{"href":"https:\/\/delices.lu\/de\/wp-json\/wp\/v2\/product\/15325","targetHints":{"allow":["GET"]}}],"collection":[{"href":"https:\/\/delices.lu\/de\/wp-json\/wp\/v2\/product"}],"about":[{"href":"https:\/\/delices.lu\/de\/wp-json\/wp\/v2\/types\/product"}],"wp:featuredmedia":[{"embeddable":true,"href":"https:\/\/delices.lu\/de\/wp-json\/wp\/v2\/media\/15327"}],"wp:attachment":[{"href":"https:\/\/delices.lu\/de\/wp-json\/wp\/v2\/media?parent=15325"}],"wp:term":[{"taxonomy":"location","embeddable":true,"href":"https:\/\/delices.lu\/de\/wp-json\/wp\/v2\/location?post=15325"},{"taxonomy":"product_brand","embeddable":true,"href":"https:\/\/delices.lu\/de\/wp-json\/wp\/v2\/product_brand?post=15325"},{"taxonomy":"product_cat","embeddable":true,"href":"https:\/\/delices.lu\/de\/wp-json\/wp\/v2\/product_cat?post=15325"},{"taxonomy":"product_tag","embeddable":true,"href":"https:\/\/delices.lu\/de\/wp-json\/wp\/v2\/product_tag?post=15325"}],"curies":[{"name":"wp","href":"https:\/\/api.w.org\/{rel}","templated":true}]}}