{"id":15326,"date":"2024-08-01T00:00:06","date_gmt":"2025-03-20T10:49:52","guid":{"rendered":"https:\/\/delices.lu\/produit\/perlemor-sand-kaffeeuntertasse\/"},"modified":"2025-03-20T11:49:52","modified_gmt":"2025-03-20T10:49:52","slug":"perlemor-sand-kaffeeuntertasse","status":"publish","type":"product","link":"https:\/\/delices.lu\/de\/produit\/perlemor-sand-kaffeeuntertasse\/","title":{"rendered":"Perlemor Sand &#8211; Kaffeeuntertasse"},"content":{"rendered":"<p><strong>Eine beige Kaffeeuntertasse f\u00fcr kleine s\u00fc\u00dfe Leckereien<\/strong><br \/>\nDiese <strong>Untertasse<\/strong> aus Porzellan hat ein sch\u00f6nes get\u00f6pfertes Finish und passt zu Ihrer beigen Kaffeetasse Perlemor, um ein harmonisches Ensemble zu schaffen! Zwischen Einfachheit und Authentizit\u00e4t setzt diese Untertasse aus T\u00f6pferei auf eine qualitativ hochwertige Herstellung, um die Kaffeepause noch leckerer zu machen&#8230; Dank ihres Designs k\u00f6nnen Sie einige Kekse, Schokoladenst\u00fccke oder Makronen zu Ihrem Kaffee servieren. M\u00f6gen Sie es, Farben zu kombinieren? Entdecken Sie auch die Porzellantassen und Kaffeeuntertassen in Puderrosa aus der gleichen Kollektion oder aus der Kollektion Lave. Und wenn Sie nach einer Geschenkidee suchen, stellen Sie doch ein Set aus mehreren Tassen und Untertassen zusammen. Ein garantierter Effekt f\u00fcr Kaffeeliebhaber! Jedes St\u00fcck ist ein absolutes Muss f\u00fcr Ihre Einrichtung.      <\/p>\n","protected":false},"excerpt":{"rendered":"<p><strong>Perlemor Sand<br \/>\nKaffeeunterteller, beige<br \/>\n<\/strong>MATERIAL: Premium Porcelain.<br \/>\nGR\u00d6\u00dfE: ca. 160 mm<br \/>\nFARBE: beige<br \/>\nGARANTIE SP\u00dcLMASCHINENGARANTIE: Ja<br \/>\nMIKROWELLENKOMPATIBEL: Ja<br \/>\nREF. ARTIKEL: 1951721310 <\/p>\n","protected":false},"featured_media":15330,"template":"","meta":[],"location":[959],"product_brand":[],"product_cat":[1354,2266,1309],"product_tag":[2343,2298,2420,2227],"class_list":{"0":"post-15326","1":"product","2":"type-product","3":"status-publish","4":"has-post-thumbnail","6":"location-0-shop","7":"product_cat-art-de-la-table-de","8":"product_cat-untertasse","9":"product_cat-villeroy-boch-de","10":"product_tag-beige-de","11":"product_tag-ohne-tasse","12":"product_tag-perlemor-sand-de","13":"product_tag-untertasse","15":"first","16":"instock","17":"shipping-taxable","18":"purchasable","19":"product-type-simple"},"supplier_id":9071,"supplier_sku":"1951721310","barcode":"4003686410763","atum_controlled":true,"out_stock_date":"2024-08-01 17:49:26","out_stock_threshold":null,"inheritable":false,"inbound_stock":0,"stock_on_hold":0,"sold_today":0,"sales_last_days":0,"reserved_stock":0,"customer_returns":0,"warehouse_damage":null,"lost_in_post":0,"other_logs":0,"out_stock_days":351,"lost_sales":0,"has_location":false,"update_date":"2025-07-19T06:26:37","atum_locations":[{"id":960,"name":"0 SHOP","slug":"0-shop"}],"atum_stock_status":"onbackorder","restock_status":false,"low_stock_amount":"","sales_update_date":"2025-07-19T06:26:37","calc_backorders":0,"locations":[],"_links":{"self":[{"href":"https:\/\/delices.lu\/de\/wp-json\/wp\/v2\/product\/15326","targetHints":{"allow":["GET"]}}],"collection":[{"href":"https:\/\/delices.lu\/de\/wp-json\/wp\/v2\/product"}],"about":[{"href":"https:\/\/delices.lu\/de\/wp-json\/wp\/v2\/types\/product"}],"wp:featuredmedia":[{"embeddable":true,"href":"https:\/\/delices.lu\/de\/wp-json\/wp\/v2\/media\/15330"}],"wp:attachment":[{"href":"https:\/\/delices.lu\/de\/wp-json\/wp\/v2\/media?parent=15326"}],"wp:term":[{"taxonomy":"location","embeddable":true,"href":"https:\/\/delices.lu\/de\/wp-json\/wp\/v2\/location?post=15326"},{"taxonomy":"product_brand","embeddable":true,"href":"https:\/\/delices.lu\/de\/wp-json\/wp\/v2\/product_brand?post=15326"},{"taxonomy":"product_cat","embeddable":true,"href":"https:\/\/delices.lu\/de\/wp-json\/wp\/v2\/product_cat?post=15326"},{"taxonomy":"product_tag","embeddable":true,"href":"https:\/\/delices.lu\/de\/wp-json\/wp\/v2\/product_tag?post=15326"}],"curies":[{"name":"wp","href":"https:\/\/api.w.org\/{rel}","templated":true}]}}