{"id":15336,"date":"2024-05-04T00:00:43","date_gmt":"2025-03-20T10:49:53","guid":{"rendered":"https:\/\/delices.lu\/produit\/perlemor-sand-espressotasse\/"},"modified":"2025-03-20T11:49:53","modified_gmt":"2025-03-20T10:49:53","slug":"perlemor-sand-espressotasse","status":"publish","type":"product","link":"https:\/\/delices.lu\/de\/produit\/perlemor-sand-espressotasse\/","title":{"rendered":"Perlemor Sand &#8211; Espressotasse"},"content":{"rendered":"<p><strong>Eine Espressotasse in Beige, die keiner anderen gleicht<\/strong><br \/>\nDer zarte Beigeton dieser Espressotasse l\u00e4dt zu einem sanften Genuss ein&#8230;. Diese Espressotasse ist eine Hommage an die Kunst des T\u00f6pferns und entfaltet nicht nur das volle Aroma Ihres Lieblingsgetr\u00e4nks, sondern sieht auch noch gut aus! Aus hochwertigem Porzellan gefertigt, wird diese Tasse schnell zu einem unverzichtbaren Bestandteil Ihres Alltags werden! Wenn Sie einen engen Kaffee bevorzugen, ist diese kleine Kaffeetasse genau das Richtige f\u00fcr Sie! F\u00fcr ein harmonisches Gesamtbild entdecken Sie die beigefarbene Untertasse aus Porzellan von Perlemor. Und wenn Sie gerne Tassen sammeln, werden Sie das Mix and Match mit der Lave Kollektion lieben! Das Beige und die blauen Nuancen passen perfekt zusammen! Jedes St\u00fcck ist wirklich ein Muss f\u00fcr Ihre Einrichtung.       <\/p>\n","protected":false},"excerpt":{"rendered":"<p><strong>Perlemor Sand<br \/>\nEspressotasse, ohne Untertasse, beige<br \/>\n<\/strong>MATERIAL: Premium Porcelain.<br \/>\nGR\u00d6\u00dfE: ca. 60 ml<br \/>\nFARBE: beige<br \/>\nGARANTIERT SP\u00dcLMASCHINENGARANTIE: Ja<br \/>\nMIKROWELLENGERECHT: Ja<br \/>\nREF. ARTIKEL: 1951721420 <\/p>\n","protected":false},"featured_media":15338,"template":"","meta":[],"location":[959],"product_brand":[],"product_cat":[1354,2235,1309],"product_tag":[2343,2354,2395,2420],"class_list":{"0":"post-15336","1":"product","2":"type-product","3":"status-publish","4":"has-post-thumbnail","6":"location-0-shop","7":"product_cat-art-de-la-table-de","8":"product_cat-tasse-de","9":"product_cat-villeroy-boch-de","10":"product_tag-beige-de","11":"product_tag-espressotasse","12":"product_tag-ohne-untertasse","13":"product_tag-perlemor-sand-de","15":"first","16":"instock","17":"shipping-taxable","18":"purchasable","19":"product-type-simple"},"supplier_id":9071,"supplier_sku":"1951721420","barcode":"4003686410824","atum_controlled":true,"out_stock_date":null,"out_stock_threshold":null,"inheritable":false,"inbound_stock":0,"stock_on_hold":0,"sold_today":0,"sales_last_days":0,"reserved_stock":0,"customer_returns":0,"warehouse_damage":null,"lost_in_post":0,"other_logs":0,"out_stock_days":0,"lost_sales":0,"has_location":false,"update_date":"2025-07-19T06:26:25","atum_locations":[{"id":960,"name":"0 SHOP","slug":"0-shop"}],"atum_stock_status":"instock","restock_status":false,"low_stock_amount":"","sales_update_date":"2025-07-19T06:26:25","calc_backorders":0,"locations":[],"_links":{"self":[{"href":"https:\/\/delices.lu\/de\/wp-json\/wp\/v2\/product\/15336","targetHints":{"allow":["GET"]}}],"collection":[{"href":"https:\/\/delices.lu\/de\/wp-json\/wp\/v2\/product"}],"about":[{"href":"https:\/\/delices.lu\/de\/wp-json\/wp\/v2\/types\/product"}],"wp:featuredmedia":[{"embeddable":true,"href":"https:\/\/delices.lu\/de\/wp-json\/wp\/v2\/media\/15338"}],"wp:attachment":[{"href":"https:\/\/delices.lu\/de\/wp-json\/wp\/v2\/media?parent=15336"}],"wp:term":[{"taxonomy":"location","embeddable":true,"href":"https:\/\/delices.lu\/de\/wp-json\/wp\/v2\/location?post=15336"},{"taxonomy":"product_brand","embeddable":true,"href":"https:\/\/delices.lu\/de\/wp-json\/wp\/v2\/product_brand?post=15336"},{"taxonomy":"product_cat","embeddable":true,"href":"https:\/\/delices.lu\/de\/wp-json\/wp\/v2\/product_cat?post=15336"},{"taxonomy":"product_tag","embeddable":true,"href":"https:\/\/delices.lu\/de\/wp-json\/wp\/v2\/product_tag?post=15336"}],"curies":[{"name":"wp","href":"https:\/\/api.w.org\/{rel}","templated":true}]}}