{"id":15337,"date":"2024-09-18T00:00:23","date_gmt":"2025-03-20T10:49:53","guid":{"rendered":"https:\/\/delices.lu\/produit\/perlemor-sand-platzteller-beige\/"},"modified":"2025-03-20T11:49:53","modified_gmt":"2025-03-20T10:49:53","slug":"perlemor-sand-platzteller-beige","status":"publish","type":"product","link":"https:\/\/delices.lu\/de\/produit\/perlemor-sand-platzteller-beige\/","title":{"rendered":"Perlemor Sand &#8211; Platzteller, beige"},"content":{"rendered":"<p><strong>Ein flacher Teller f\u00fcr Ihre kulinarischen Kreationen<\/strong><br \/>\nHaben Sie G\u00e4ste zu einem besonderen Anlass? Entdecken Sie alle Geschirrteile von Perlemor Sand und decken Sie einen Tisch, der mit diesem gro\u00dfen Teller harmoniert: Salatsch\u00fcssel, tiefe Schale oder Dessertteller&#8230; Sie k\u00f6nnen auch eine sch\u00f6ne Porzellanvase aus der gleichen Kollektion in die Mitte des Tisches stellen und einen frischen Blumenstrau\u00df hineinlegen. Ihre G\u00e4ste werden aus dem Staunen nicht mehr herauskommen! Mit diesem flachen Teller k\u00f6nnen Sie alles auf den Tisch bringen! Selbst die einfachsten Rezepte werden durch die Glasur im T\u00f6pferstil hervorgehoben, die jedes St\u00fcck zu einem Unikat macht. Der dezente, geschwungene Rand verleiht dem Teller eine originelle Note, mit der Sie Ihre Gerichte kreativ pr\u00e4sentieren k\u00f6nnen. Jedes St\u00fcck ist ein absolutes Muss f\u00fcr Ihr Zuhause.      <\/p>\n","protected":false},"excerpt":{"rendered":"<p><strong>Perlemor Sand<br \/>\nPlatzteller, beige<br \/>\n<\/strong>MATERIAL: Premium Porcelain.<br \/>\nGR\u00d6SSE: ca. 270 mm<br \/>\nFARBE: beige<br \/>\nGARANTIE SP\u00dcLMASCHINENGARANTIE: Ja<br \/>\nMIKROWELLENKOMPATIBEL: Ja<br \/>\nREF. ARTIKEL: 1951722610 <\/p>\n","protected":false},"featured_media":15341,"template":"","meta":[],"location":[959],"product_brand":[],"product_cat":[1354,2231,1309],"product_tag":[2343,2420,2423,2248],"class_list":{"0":"post-15337","1":"product","2":"type-product","3":"status-publish","4":"has-post-thumbnail","6":"location-0-shop","7":"product_cat-art-de-la-table-de","8":"product_cat-teller","9":"product_cat-villeroy-boch-de","10":"product_tag-beige-de","11":"product_tag-perlemor-sand-de","12":"product_tag-plate-de","13":"product_tag-teller","15":"first","16":"instock","17":"shipping-taxable","18":"purchasable","19":"product-type-simple"},"supplier_id":9071,"supplier_sku":"1951722610","barcode":"4003686410787","atum_controlled":true,"out_stock_date":"2024-09-18 17:18:02","out_stock_threshold":null,"inheritable":false,"inbound_stock":0,"stock_on_hold":0,"sold_today":0,"sales_last_days":0,"reserved_stock":0,"customer_returns":0,"warehouse_damage":null,"lost_in_post":0,"other_logs":0,"out_stock_days":303,"lost_sales":0,"has_location":false,"update_date":"2025-07-19T06:26:37","atum_locations":[{"id":960,"name":"0 SHOP","slug":"0-shop"}],"atum_stock_status":"onbackorder","restock_status":false,"low_stock_amount":"","sales_update_date":"2025-07-19T06:26:37","calc_backorders":0,"locations":[],"_links":{"self":[{"href":"https:\/\/delices.lu\/de\/wp-json\/wp\/v2\/product\/15337","targetHints":{"allow":["GET"]}}],"collection":[{"href":"https:\/\/delices.lu\/de\/wp-json\/wp\/v2\/product"}],"about":[{"href":"https:\/\/delices.lu\/de\/wp-json\/wp\/v2\/types\/product"}],"wp:featuredmedia":[{"embeddable":true,"href":"https:\/\/delices.lu\/de\/wp-json\/wp\/v2\/media\/15341"}],"wp:attachment":[{"href":"https:\/\/delices.lu\/de\/wp-json\/wp\/v2\/media?parent=15337"}],"wp:term":[{"taxonomy":"location","embeddable":true,"href":"https:\/\/delices.lu\/de\/wp-json\/wp\/v2\/location?post=15337"},{"taxonomy":"product_brand","embeddable":true,"href":"https:\/\/delices.lu\/de\/wp-json\/wp\/v2\/product_brand?post=15337"},{"taxonomy":"product_cat","embeddable":true,"href":"https:\/\/delices.lu\/de\/wp-json\/wp\/v2\/product_cat?post=15337"},{"taxonomy":"product_tag","embeddable":true,"href":"https:\/\/delices.lu\/de\/wp-json\/wp\/v2\/product_tag?post=15337"}],"curies":[{"name":"wp","href":"https:\/\/api.w.org\/{rel}","templated":true}]}}