{"id":15347,"date":"2024-09-17T00:00:44","date_gmt":"2025-03-20T10:49:54","guid":{"rendered":"https:\/\/delices.lu\/produit\/perlemor-sand-suppenteller-beige\/"},"modified":"2025-03-20T11:49:54","modified_gmt":"2025-03-20T10:49:54","slug":"perlemor-sand-suppenteller-beige","status":"publish","type":"product","link":"https:\/\/delices.lu\/de\/produit\/perlemor-sand-suppenteller-beige\/","title":{"rendered":"Perlemor Sand &#8211; Suppenteller, beige"},"content":{"rendered":"<p><strong>Ein trendiger und vielseitiger Suppenteller<\/strong><br \/>\nBereiten Sie sich mit der Perlemor-Kollektion auf einen Brunch in sommerlicher Atmosph\u00e4re vor! Tassen, Teller, Schalen, Vasen, Duftkerzen und Windlichter finden auf dem Esstisch ihren Platz. So gedeckt ist der Tisch bereit, Ihre G\u00e4ste zu einem festlichen und leckeren Essen zu empfangen. Wir lieben die nat\u00fcrlichen Farben, die f\u00fcr diese Kollektion typisch sind! Rosa und Beige verbinden sich harmonisch zu einer eleganten Tischdekoration! Dieser Suppenteller aus Porzellan eignet sich hervorragend f\u00fcr die Pr\u00e4sentation Ihrer Gerichte: gemischter Salat, Nudelgerichte oder Gerichte mit Sauce. Bei einem reichhaltigen Fr\u00fchst\u00fcck kann dieser Designerteller auch als Servierplatte f\u00fcr Waffeln oder Kekse in der Mitte des Tisches dienen. Entscheiden Sie sich f\u00fcr ein komplettes Geschirrset und einige passende Dekorationselemente mit dieser trendigen Serie! Jedes St\u00fcck ist ein echtes Must-Have f\u00fcr Ihr Zuhause.        <\/p>\n","protected":false},"excerpt":{"rendered":"<p><strong>Perlemor Sand<br \/>\nSuppenteller, beige<br \/>\n<\/strong>MATERIAL: Premium Porcelain.<br \/>\nGR\u00d6SSE: ca. 222 mm und 650 ml<br \/>\nFARBE: beige<br \/>\nGARANTIE SP\u00dcLGER\u00c4TE: Ja<br \/>\nMIKROWELLENKOMPATIBEL: Ja<br \/>\nREF. ARTIKEL: 1951722536 <\/p>\n","protected":false},"featured_media":15349,"template":"","meta":[],"location":[959],"product_brand":[],"product_cat":[1354,2231,1309],"product_tag":[2343,2375,2420,2248],"class_list":{"0":"post-15347","1":"product","2":"type-product","3":"status-publish","4":"has-post-thumbnail","6":"location-0-shop","7":"product_cat-art-de-la-table-de","8":"product_cat-teller","9":"product_cat-villeroy-boch-de","10":"product_tag-beige-de","11":"product_tag-creuse-de","12":"product_tag-perlemor-sand-de","13":"product_tag-teller","15":"first","16":"instock","17":"shipping-taxable","18":"purchasable","19":"product-type-simple"},"supplier_id":9071,"supplier_sku":"1951722536","barcode":"4003686419049","atum_controlled":true,"out_stock_date":"2024-09-18 17:17:17","out_stock_threshold":null,"inheritable":false,"inbound_stock":0,"stock_on_hold":0,"sold_today":0,"sales_last_days":0,"reserved_stock":0,"customer_returns":0,"warehouse_damage":null,"lost_in_post":0,"other_logs":0,"out_stock_days":303,"lost_sales":0,"has_location":false,"update_date":"2025-07-19T06:26:37","atum_locations":[{"id":960,"name":"0 SHOP","slug":"0-shop"}],"atum_stock_status":"onbackorder","restock_status":false,"low_stock_amount":"","sales_update_date":"2025-07-19T06:26:37","calc_backorders":0,"locations":[],"_links":{"self":[{"href":"https:\/\/delices.lu\/de\/wp-json\/wp\/v2\/product\/15347","targetHints":{"allow":["GET"]}}],"collection":[{"href":"https:\/\/delices.lu\/de\/wp-json\/wp\/v2\/product"}],"about":[{"href":"https:\/\/delices.lu\/de\/wp-json\/wp\/v2\/types\/product"}],"wp:featuredmedia":[{"embeddable":true,"href":"https:\/\/delices.lu\/de\/wp-json\/wp\/v2\/media\/15349"}],"wp:attachment":[{"href":"https:\/\/delices.lu\/de\/wp-json\/wp\/v2\/media?parent=15347"}],"wp:term":[{"taxonomy":"location","embeddable":true,"href":"https:\/\/delices.lu\/de\/wp-json\/wp\/v2\/location?post=15347"},{"taxonomy":"product_brand","embeddable":true,"href":"https:\/\/delices.lu\/de\/wp-json\/wp\/v2\/product_brand?post=15347"},{"taxonomy":"product_cat","embeddable":true,"href":"https:\/\/delices.lu\/de\/wp-json\/wp\/v2\/product_cat?post=15347"},{"taxonomy":"product_tag","embeddable":true,"href":"https:\/\/delices.lu\/de\/wp-json\/wp\/v2\/product_tag?post=15347"}],"curies":[{"name":"wp","href":"https:\/\/api.w.org\/{rel}","templated":true}]}}