{"id":15356,"date":"2024-09-21T00:00:37","date_gmt":"2025-03-20T10:50:03","guid":{"rendered":"https:\/\/delices.lu\/produit\/perlemor-coral-tasse\/"},"modified":"2025-03-20T11:50:03","modified_gmt":"2025-03-20T10:50:03","slug":"perlemor-coral-tasse","status":"publish","type":"product","link":"https:\/\/delices.lu\/de\/produit\/perlemor-coral-tasse\/","title":{"rendered":"Perlemor Coral &#8211; Tasse"},"content":{"rendered":"<p><strong>Ein Tee- oder Kaffeebecher f\u00fcr Ihr Lieblingshei\u00dfgetr\u00e4nk<\/strong><br \/>\nWas gibt es Sch\u00f6neres als eine k\u00f6stliche hei\u00dfe Schokolade, einen leckeren Tee oder einen Kaffee zum Fr\u00fchst\u00fcck oder zum Nachmittagstee? In diesem sch\u00f6nen Becher serviert, wird Ihr Lieblingsgetr\u00e4nk noch besser schmecken! Diese gro\u00dfe Tasse mit Henkel ist Teil der Perlemor-Kollektion: hochwertiges Porzellangeschirr, dem es nicht an Originalit\u00e4t mangelt. Das sanfte Zartrosa wird hier in einem Farbverlauf dargestellt, der von einem St\u00fcck zum anderen variiert. Lassen Sie sich von den einzigartigen Tellern, Schalen und Tassen im trendigen T\u00f6pferlook verzaubern! Die Feinschmecker unter Ihnen werden das gro\u00dfe Format dieser h\u00fcbschen Tasse nutzen, um leckere Rezepte zu kreieren: Cappuccino, Latte Macchiato oder, warum nicht, einen k\u00f6stlichen Mug Cake? Setzen Sie auf eine sommerliche Tischdekoration f\u00fcr Ihren Brunch mit Freunden! Die Perlemor Kollektion besteht auch aus Duftkerzen und originellen Vasen, um Ihr Zuhause zu vervollst\u00e4ndigen! Jedes St\u00fcck ist ein echtes Must-Have f\u00fcr eine trendige Einrichtung.        <\/p>\n","protected":false},"excerpt":{"rendered":"<p><strong>Perlemor Coral &#8211; Becher, rosa<br \/>\n<\/strong>MATERIAL: Premium Porcelain.<br \/>\nGR\u00d6\u00dfE: ca. 290 ml<br \/>\nFARBE: blassrosa<br \/>\nGARANTIERT SP\u00dcLMASCHINENGARANTIE: Ja<br \/>\nMIKROWELLENGER\u00c4TEKOMPATIBEL: Ja<br \/>\nREF. ARTIKEL: 1951739651 <\/p>\n","protected":false},"featured_media":15358,"template":"","meta":[],"location":[959],"product_brand":[],"product_cat":[1354,2235,2163,1309],"product_tag":[2425,1154,2424,2275],"class_list":{"0":"post-15356","1":"product","2":"type-product","3":"status-publish","4":"has-post-thumbnail","6":"location-0-shop","7":"product_cat-art-de-la-table-de","8":"product_cat-tasse-de","9":"product_cat-tasse-krug","10":"product_cat-villeroy-boch-de","11":"product_tag-koralle","12":"product_tag-mug-becher","13":"product_tag-perlemor-coral-de","14":"product_tag-rosa","16":"first","17":"instock","18":"shipping-taxable","19":"purchasable","20":"product-type-simple"},"supplier_id":9071,"supplier_sku":"1951739651","barcode":"4003686412361","atum_controlled":true,"out_stock_date":"2024-09-21 15:35:58","out_stock_threshold":null,"inheritable":false,"inbound_stock":0,"stock_on_hold":0,"sold_today":0,"sales_last_days":0,"reserved_stock":0,"customer_returns":0,"warehouse_damage":null,"lost_in_post":0,"other_logs":0,"out_stock_days":300,"lost_sales":0,"has_location":false,"update_date":"2025-07-19T06:26:37","atum_locations":[{"id":960,"name":"0 SHOP","slug":"0-shop"}],"atum_stock_status":"onbackorder","restock_status":false,"low_stock_amount":"","sales_update_date":"2025-07-19T06:26:37","calc_backorders":0,"locations":[],"_links":{"self":[{"href":"https:\/\/delices.lu\/de\/wp-json\/wp\/v2\/product\/15356","targetHints":{"allow":["GET"]}}],"collection":[{"href":"https:\/\/delices.lu\/de\/wp-json\/wp\/v2\/product"}],"about":[{"href":"https:\/\/delices.lu\/de\/wp-json\/wp\/v2\/types\/product"}],"wp:featuredmedia":[{"embeddable":true,"href":"https:\/\/delices.lu\/de\/wp-json\/wp\/v2\/media\/15358"}],"wp:attachment":[{"href":"https:\/\/delices.lu\/de\/wp-json\/wp\/v2\/media?parent=15356"}],"wp:term":[{"taxonomy":"location","embeddable":true,"href":"https:\/\/delices.lu\/de\/wp-json\/wp\/v2\/location?post=15356"},{"taxonomy":"product_brand","embeddable":true,"href":"https:\/\/delices.lu\/de\/wp-json\/wp\/v2\/product_brand?post=15356"},{"taxonomy":"product_cat","embeddable":true,"href":"https:\/\/delices.lu\/de\/wp-json\/wp\/v2\/product_cat?post=15356"},{"taxonomy":"product_tag","embeddable":true,"href":"https:\/\/delices.lu\/de\/wp-json\/wp\/v2\/product_tag?post=15356"}],"curies":[{"name":"wp","href":"https:\/\/api.w.org\/{rel}","templated":true}]}}