{"id":15357,"date":"2024-09-21T00:00:52","date_gmt":"2025-03-20T10:50:03","guid":{"rendered":"https:\/\/delices.lu\/produit\/perlemor-coral-suppenteller\/"},"modified":"2025-03-20T11:50:03","modified_gmt":"2025-03-20T10:50:03","slug":"perlemor-coral-suppenteller","status":"publish","type":"product","link":"https:\/\/delices.lu\/de\/produit\/perlemor-coral-suppenteller\/","title":{"rendered":"Perlemor Coral &#8211; Suppenteller"},"content":{"rendered":"<p><strong>Ein trendiger Suppenteller f\u00fcr sommerliche Stimmung am Tisch<\/strong><br \/>\nSch\u00f6ner Speiseteller, Obstkorb, Keksbeh\u00e4lter oder sogar ein origineller Taschenleerer&#8230; Lassen Sie Ihrer Kreativit\u00e4t freien Lauf mit den Suppentellern der Kollektion Perlemor! Die einzigartige \u00c4sthetik dieses Tafelgeschirrs im T\u00f6pferei-Look verf\u00fchrt kreative K\u00f6pfe. Steht ein Brunch an? Entscheiden Sie sich f\u00fcr eine sanfte und entspannte Sommeratmosph\u00e4re mit diesem rosafarbenen Teller. Und vergessen Sie nicht, Ihre Tischdekoration mit den Vasen und Kerzen aus der gleichen Kollektion zu vervollst\u00e4ndigen! Waffeln, Obst oder ein sch\u00f6ner gemischter Salat werden auf diesem trendigen tiefen Teller gut aussehen! Der zartrosa Farbverlauf macht ihn zu einem einzigartigen Dekorationselement, das Ihre Einrichtung vervollst\u00e4ndigt. Suchen Sie nach einer Geschenkidee, um einem lieben Menschen eine Freude zu machen? Mit einem Porzellan-Geschirrset k\u00f6nnen Sie auch bei einem besonderen Ereignis punkten: Geburtstag, Einweihungsparty, Abschiedsparty&#8230; Jedes St\u00fcck ist ein echtes Must-Have f\u00fcr eine trendige Einrichtung.        <\/p>\n","protected":false},"excerpt":{"rendered":"<p><strong>Perlemor Coral  <\/strong><br \/>\n<strong>Suppenteller, rosa<br \/>\n<\/strong>MATERIAL: Premium Porcelain<br \/>\nDURCHMESSER: ca. 222 mm<br \/>\nGR\u00d6\u00dfE: ca. 650 ml<br \/>\nFARBE: zartrosa<br \/>\nGARANTIERT SP\u00dcLGER\u00c4T: Ja<br \/>\nMIKROWELLENKOMPATIBEL: Ja<br \/>\nREF. ARTIKEL: 1951732536 <\/p>\n","protected":false},"featured_media":15361,"template":"","meta":[],"location":[959],"product_brand":[],"product_cat":[1354,2231,1309],"product_tag":[1359,2425,2424,2275],"class_list":{"0":"post-15357","1":"product","2":"type-product","3":"status-publish","4":"has-post-thumbnail","6":"location-0-shop","7":"product_cat-art-de-la-table-de","8":"product_cat-teller","9":"product_cat-villeroy-boch-de","10":"product_tag-bol-de","11":"product_tag-koralle","12":"product_tag-perlemor-coral-de","13":"product_tag-rosa","15":"first","16":"instock","17":"shipping-taxable","18":"purchasable","19":"product-type-simple"},"supplier_id":9071,"supplier_sku":"1951732536","barcode":"4003686419513","atum_controlled":true,"out_stock_date":"2024-09-21 15:40:05","out_stock_threshold":null,"inheritable":false,"inbound_stock":0,"stock_on_hold":0,"sold_today":0,"sales_last_days":0,"reserved_stock":null,"customer_returns":null,"warehouse_damage":null,"lost_in_post":null,"other_logs":null,"out_stock_days":300,"lost_sales":0,"has_location":false,"update_date":"2025-07-19T06:26:37","atum_locations":[{"id":960,"name":"0 SHOP","slug":"0-shop"}],"atum_stock_status":"onbackorder","restock_status":false,"low_stock_amount":"","sales_update_date":"2025-07-19T06:26:37","calc_backorders":0,"locations":[],"_links":{"self":[{"href":"https:\/\/delices.lu\/de\/wp-json\/wp\/v2\/product\/15357","targetHints":{"allow":["GET"]}}],"collection":[{"href":"https:\/\/delices.lu\/de\/wp-json\/wp\/v2\/product"}],"about":[{"href":"https:\/\/delices.lu\/de\/wp-json\/wp\/v2\/types\/product"}],"wp:featuredmedia":[{"embeddable":true,"href":"https:\/\/delices.lu\/de\/wp-json\/wp\/v2\/media\/15361"}],"wp:attachment":[{"href":"https:\/\/delices.lu\/de\/wp-json\/wp\/v2\/media?parent=15357"}],"wp:term":[{"taxonomy":"location","embeddable":true,"href":"https:\/\/delices.lu\/de\/wp-json\/wp\/v2\/location?post=15357"},{"taxonomy":"product_brand","embeddable":true,"href":"https:\/\/delices.lu\/de\/wp-json\/wp\/v2\/product_brand?post=15357"},{"taxonomy":"product_cat","embeddable":true,"href":"https:\/\/delices.lu\/de\/wp-json\/wp\/v2\/product_cat?post=15357"},{"taxonomy":"product_tag","embeddable":true,"href":"https:\/\/delices.lu\/de\/wp-json\/wp\/v2\/product_tag?post=15357"}],"curies":[{"name":"wp","href":"https:\/\/api.w.org\/{rel}","templated":true}]}}