{"id":15366,"date":"2024-09-21T00:00:15","date_gmt":"2025-03-20T10:50:03","guid":{"rendered":"https:\/\/delices.lu\/produit\/perlemor-coral-kleiner-tiefer-teller\/"},"modified":"2025-03-20T11:50:03","modified_gmt":"2025-03-20T10:50:03","slug":"perlemor-coral-kleiner-tiefer-teller","status":"publish","type":"product","link":"https:\/\/delices.lu\/de\/produit\/perlemor-coral-kleiner-tiefer-teller\/","title":{"rendered":"Perlemor Coral &#8211; Kleiner tiefer Teller"},"content":{"rendered":"<p><strong>Ein kleiner tiefer Teller, der als Dessertteller oder als kleine Pr\u00e4sentationsschale dienen kann<\/strong><br \/>\nW\u00e4hrend des Essens veredelt dieser Porzellanteller Ihre Vorspeise oder Ihr Lieblingsdessert! Als kleiner Dessertteller bietet er Platz f\u00fcr ein k\u00f6stliches St\u00fcck Brownie mit einer oder zwei Kugeln Eis&#8230; Das wird den Gaumen eines jeden Feinschmeckers erfreuen! Die Geschirrsets von Perlemor schaffen eine entspannte Atmosph\u00e4re in einem l\u00e4ndlichen und sommerlichen Ambiente. Wie w\u00e4re es, wenn Sie einen Blick auf die Vasen und Duftkerzen werfen, um Ihre Dekoration zu vervollst\u00e4ndigen? Entdecken Sie die Permelor-Kollektion, ein zartes Porzellan-Tafelservice. Dieser kleine, tiefe Teller ist ein n\u00fctzlicher Helfer in jeder kulinarischen Phase des Tages! F\u00fcr das Fr\u00fchst\u00fcck oder den Nachmittagssnack k\u00f6nnen Sie ihn sich bereits mit einigen Keksen zum Tee oder Kaffee best\u00fcckt vorstellen. Sie k\u00f6nnen ihn \u00fcbrigens mit einem Becher aus der gleichen Kollektion kombinieren oder sich f\u00fcr ein trendiges Mix &amp; Match entscheiden. F\u00fcr den Aperitif kann dieser kleine rosa Teller als Beh\u00e4lter f\u00fcr ein paar H\u00e4ppchen oder schmackhafte Dips dienen! Jedes St\u00fcck ist ein echtes Must-Have f\u00fcr eine trendige Einrichtung.         <\/p>\n","protected":false},"excerpt":{"rendered":"<p><strong>Perlemor Coral<br \/>\nKleiner Suppenteller, rosa<br \/>\n<\/strong>MATERIAL: Premium Porcelain.<br \/>\nGR\u00d6\u00dfE: ca. 117 mm, 80 ml<br \/>\nFARBE: zartrosa<br \/>\nGARANTIERT SP\u00dcLGERECHT: Ja<br \/>\nMIKROWELLENKOMPATIBEL: Ja<br \/>\nREF. ARTIKEL: 1951733932 <\/p>\n","protected":false},"featured_media":15368,"template":"","meta":[],"location":[959],"product_brand":[],"product_cat":[1354,2231,1309],"product_tag":[2375,2426,2425,2424,2275],"class_list":{"0":"post-15366","1":"product","2":"type-product","3":"status-publish","4":"has-post-thumbnail","6":"location-0-shop","7":"product_cat-art-de-la-table-de","8":"product_cat-teller","9":"product_cat-villeroy-boch-de","10":"product_tag-creuse-de","11":"product_tag-kleiner-teller","12":"product_tag-koralle","13":"product_tag-perlemor-coral-de","14":"product_tag-rosa","16":"first","17":"instock","18":"shipping-taxable","19":"purchasable","20":"product-type-simple"},"supplier_id":9071,"supplier_sku":"1951733932","barcode":"4003686412392","atum_controlled":true,"out_stock_date":"2024-09-21 15:36:34","out_stock_threshold":null,"inheritable":false,"inbound_stock":0,"stock_on_hold":0,"sold_today":0,"sales_last_days":0,"reserved_stock":0,"customer_returns":0,"warehouse_damage":null,"lost_in_post":0,"other_logs":0,"out_stock_days":300,"lost_sales":0,"has_location":false,"update_date":"2025-07-19T06:26:37","atum_locations":[{"id":960,"name":"0 SHOP","slug":"0-shop"}],"atum_stock_status":"onbackorder","restock_status":false,"low_stock_amount":"","sales_update_date":"2025-07-19T06:26:37","calc_backorders":0,"locations":[],"_links":{"self":[{"href":"https:\/\/delices.lu\/de\/wp-json\/wp\/v2\/product\/15366","targetHints":{"allow":["GET"]}}],"collection":[{"href":"https:\/\/delices.lu\/de\/wp-json\/wp\/v2\/product"}],"about":[{"href":"https:\/\/delices.lu\/de\/wp-json\/wp\/v2\/types\/product"}],"wp:featuredmedia":[{"embeddable":true,"href":"https:\/\/delices.lu\/de\/wp-json\/wp\/v2\/media\/15368"}],"wp:attachment":[{"href":"https:\/\/delices.lu\/de\/wp-json\/wp\/v2\/media?parent=15366"}],"wp:term":[{"taxonomy":"location","embeddable":true,"href":"https:\/\/delices.lu\/de\/wp-json\/wp\/v2\/location?post=15366"},{"taxonomy":"product_brand","embeddable":true,"href":"https:\/\/delices.lu\/de\/wp-json\/wp\/v2\/product_brand?post=15366"},{"taxonomy":"product_cat","embeddable":true,"href":"https:\/\/delices.lu\/de\/wp-json\/wp\/v2\/product_cat?post=15366"},{"taxonomy":"product_tag","embeddable":true,"href":"https:\/\/delices.lu\/de\/wp-json\/wp\/v2\/product_tag?post=15366"}],"curies":[{"name":"wp","href":"https:\/\/api.w.org\/{rel}","templated":true}]}}