{"id":15367,"date":"2024-09-21T00:00:22","date_gmt":"2025-03-20T10:50:03","guid":{"rendered":"https:\/\/delices.lu\/produit\/perlemor-coral-espresso-untertasse\/"},"modified":"2025-03-20T11:50:03","modified_gmt":"2025-03-20T10:50:03","slug":"perlemor-coral-espresso-untertasse","status":"publish","type":"product","link":"https:\/\/delices.lu\/de\/produit\/perlemor-coral-espresso-untertasse\/","title":{"rendered":"Perlemor Coral &#8211; Espresso-Untertasse"},"content":{"rendered":"<p><strong>Eine rosa Espresso-Untertasse f\u00fcr einen perfekten Kaffee<\/strong><br \/>\nDie Perlemor-Kollektion ist eine Hommage an die Sch\u00f6nheit des Fr\u00fchlings und der Sommermonate. Bei einem Brunch mit Freunden oder am Ende des Essens servieren Sie den Kaffee auf dieser Porzellanuntertasse, die Sie mit der Tasse aus der gleichen Kollektion kombinieren k\u00f6nnen. Um mit Kontrasten zu spielen, entdecken Sie auch die Kollektion Lave mit ihren sch\u00f6nen Blau- und Beiget\u00f6nen. Ein starker Kontrast mit garantierter Wirkung! Bringen Sie Farbe in Ihre Kaffeepause mit dieser wundersch\u00f6nen Espresso-Untertasse. Diese Untertasse aus Porzellan in einem Rosa mit kunstvoller Glasur bietet mehr als nur Platz f\u00fcr Ihre Lieblingskaffeetasse&#8230; Sie sch\u00fctzt den Tisch und erm\u00f6glicht es Ihnen, ein St\u00fcck Schokolade oder einen Keks f\u00fcr noch mehr Gaumenfreuden darauf zu legen! Jedes St\u00fcck ist ein echtes Must-Have f\u00fcr eine trendige Einrichtung.      <\/p>\n","protected":false},"excerpt":{"rendered":"<p><strong>Perlemor Coral<br \/>\nKaffeeuntertasse, rosa<br \/>\n<\/strong>MATERIAL: Hochwertiges Porzellan.<br \/>\nGR\u00d6\u00dfE: ca. 120 mm<br \/>\nFARBE: blassrosa<br \/>\nGARANTIERT SP\u00dcLMASCHINENGARANTIE: Ja<br \/>\nMIKROWELLENGER\u00c4TEF\u00c4HIG: Ja<br \/>\nREF. ARTIKEL: 1951731430 <\/p>\n","protected":false},"featured_media":15371,"template":"","meta":[],"location":[959],"product_brand":[],"product_cat":[1354,2266,1309],"product_tag":[2425,2424,2275,2227],"class_list":{"0":"post-15367","1":"product","2":"type-product","3":"status-publish","4":"has-post-thumbnail","6":"location-0-shop","7":"product_cat-art-de-la-table-de","8":"product_cat-untertasse","9":"product_cat-villeroy-boch-de","10":"product_tag-koralle","11":"product_tag-perlemor-coral-de","12":"product_tag-rosa","13":"product_tag-untertasse","15":"first","16":"instock","17":"shipping-taxable","18":"purchasable","19":"product-type-simple"},"supplier_id":9071,"supplier_sku":"1951731430","barcode":"4003686412385","atum_controlled":true,"out_stock_date":"2024-09-21 15:40:52","out_stock_threshold":null,"inheritable":false,"inbound_stock":0,"stock_on_hold":0,"sold_today":0,"sales_last_days":0,"reserved_stock":0,"customer_returns":0,"warehouse_damage":null,"lost_in_post":0,"other_logs":0,"out_stock_days":300,"lost_sales":0,"has_location":false,"update_date":"2025-07-19T06:26:37","atum_locations":[{"id":960,"name":"0 SHOP","slug":"0-shop"}],"atum_stock_status":"onbackorder","restock_status":false,"low_stock_amount":"","sales_update_date":"2025-07-19T06:26:37","calc_backorders":0,"locations":[],"_links":{"self":[{"href":"https:\/\/delices.lu\/de\/wp-json\/wp\/v2\/product\/15367","targetHints":{"allow":["GET"]}}],"collection":[{"href":"https:\/\/delices.lu\/de\/wp-json\/wp\/v2\/product"}],"about":[{"href":"https:\/\/delices.lu\/de\/wp-json\/wp\/v2\/types\/product"}],"wp:featuredmedia":[{"embeddable":true,"href":"https:\/\/delices.lu\/de\/wp-json\/wp\/v2\/media\/15371"}],"wp:attachment":[{"href":"https:\/\/delices.lu\/de\/wp-json\/wp\/v2\/media?parent=15367"}],"wp:term":[{"taxonomy":"location","embeddable":true,"href":"https:\/\/delices.lu\/de\/wp-json\/wp\/v2\/location?post=15367"},{"taxonomy":"product_brand","embeddable":true,"href":"https:\/\/delices.lu\/de\/wp-json\/wp\/v2\/product_brand?post=15367"},{"taxonomy":"product_cat","embeddable":true,"href":"https:\/\/delices.lu\/de\/wp-json\/wp\/v2\/product_cat?post=15367"},{"taxonomy":"product_tag","embeddable":true,"href":"https:\/\/delices.lu\/de\/wp-json\/wp\/v2\/product_tag?post=15367"}],"curies":[{"name":"wp","href":"https:\/\/api.w.org\/{rel}","templated":true}]}}