{"id":15378,"date":"2024-09-21T00:00:42","date_gmt":"2025-03-20T10:50:04","guid":{"rendered":"https:\/\/delices.lu\/produit\/perlemor-coral-grosse-schale-rosa\/"},"modified":"2025-03-20T11:50:04","modified_gmt":"2025-03-20T10:50:04","slug":"perlemor-coral-grosse-schale-rosa","status":"publish","type":"product","link":"https:\/\/delices.lu\/de\/produit\/perlemor-coral-grosse-schale-rosa\/","title":{"rendered":"Perlemor Coral &#8211; Gro\u00dfe Schale, rosa"},"content":{"rendered":"<p><strong>Eine gro\u00dfe, farbenfrohe und vielseitige Schale f\u00fcr den Alltag<\/strong><br \/>\nDiese Porzellanschale kann in eine dekorative Schale verwandelt werden, um Ihr Zuhause zu versch\u00f6nern: Sie k\u00f6nnen einige Alltagsgegenst\u00e4nde wie Ihre Schl\u00fcssel oder eine Mischung aus getrockneten Blumen darin aufbewahren. Entdecken Sie die anderen Geschirrteile der Perlemor Kollektion, wie die rosa Kaffeetasse, den rosa Speiseteller oder das Fr\u00fchst\u00fccksset, und stellen Sie ein komplettes und originelles Geschirrset zusammen! Suchen Sie eine praktische und originelle Schale? Diese rosafarbene Schale bringt mit ihrem h\u00fcbschen Puderton einen Hauch von S\u00fc\u00dfe mit sich. Dank ihres gro\u00dfen Fassungsverm\u00f6gens eignet sie sich ideal als M\u00fcslischale f\u00fcr das Fr\u00fchst\u00fcck, aber auch f\u00fcr die Mahlzeiten auf dem Tisch. Sie k\u00f6nnen Oliven oder hausgemachte Tapenade als Aperitif, einen h\u00fcbschen Vorspeisensalat oder einen Obstsalat der Saison als Dessert darin servieren. Jedes St\u00fcck ist ein echtes Must-Have f\u00fcr eine trendige Einrichtung.      <\/p>\n","protected":false},"excerpt":{"rendered":"<p><strong>Perlemor Coral &#8211; Gro\u00dfe Schale, rosa<br \/>\n<\/strong>MATERIAL: Premium Porcelain.<br \/>\nGR\u00d6\u00dfE: ca. 169 mm, 590 ml<br \/>\nFARBE: blassrosa<br \/>\nGARANTIERT SP\u00dcLMASCHINENGARANTIE: Ja<br \/>\nMIKROWELLENKOMPATIBEL: Ja<br \/>\nREF. ARTIKEL: 1951731900 <\/p>\n","protected":false},"featured_media":15379,"template":"","meta":[],"location":[959],"product_brand":[],"product_cat":[1354,1355,1309],"product_tag":[2425,2424,2275,2227],"class_list":{"0":"post-15378","1":"product","2":"type-product","3":"status-publish","4":"has-post-thumbnail","6":"location-0-shop","7":"product_cat-art-de-la-table-de","8":"product_cat-bol-de","9":"product_cat-villeroy-boch-de","10":"product_tag-koralle","11":"product_tag-perlemor-coral-de","12":"product_tag-rosa","13":"product_tag-untertasse","15":"first","16":"instock","17":"shipping-taxable","18":"purchasable","19":"product-type-simple"},"supplier_id":9071,"supplier_sku":"1951731900","barcode":"4003686412323","atum_controlled":true,"out_stock_date":"2024-09-21 15:40:30","out_stock_threshold":null,"inheritable":false,"inbound_stock":0,"stock_on_hold":0,"sold_today":0,"sales_last_days":0,"reserved_stock":0,"customer_returns":0,"warehouse_damage":null,"lost_in_post":0,"other_logs":0,"out_stock_days":300,"lost_sales":0,"has_location":false,"update_date":"2025-07-19T06:26:37","atum_locations":[{"id":960,"name":"0 SHOP","slug":"0-shop"}],"atum_stock_status":"onbackorder","restock_status":false,"low_stock_amount":"","sales_update_date":"2025-07-19T06:26:37","calc_backorders":0,"locations":[],"_links":{"self":[{"href":"https:\/\/delices.lu\/de\/wp-json\/wp\/v2\/product\/15378","targetHints":{"allow":["GET"]}}],"collection":[{"href":"https:\/\/delices.lu\/de\/wp-json\/wp\/v2\/product"}],"about":[{"href":"https:\/\/delices.lu\/de\/wp-json\/wp\/v2\/types\/product"}],"wp:featuredmedia":[{"embeddable":true,"href":"https:\/\/delices.lu\/de\/wp-json\/wp\/v2\/media\/15379"}],"wp:attachment":[{"href":"https:\/\/delices.lu\/de\/wp-json\/wp\/v2\/media?parent=15378"}],"wp:term":[{"taxonomy":"location","embeddable":true,"href":"https:\/\/delices.lu\/de\/wp-json\/wp\/v2\/location?post=15378"},{"taxonomy":"product_brand","embeddable":true,"href":"https:\/\/delices.lu\/de\/wp-json\/wp\/v2\/product_brand?post=15378"},{"taxonomy":"product_cat","embeddable":true,"href":"https:\/\/delices.lu\/de\/wp-json\/wp\/v2\/product_cat?post=15378"},{"taxonomy":"product_tag","embeddable":true,"href":"https:\/\/delices.lu\/de\/wp-json\/wp\/v2\/product_tag?post=15378"}],"curies":[{"name":"wp","href":"https:\/\/api.w.org\/{rel}","templated":true}]}}