{"id":15382,"date":"2024-09-21T00:00:30","date_gmt":"2025-03-20T10:50:04","guid":{"rendered":"https:\/\/delices.lu\/produit\/perlemor-coral-schale\/"},"modified":"2025-03-20T11:50:04","modified_gmt":"2025-03-20T10:50:04","slug":"perlemor-coral-schale","status":"publish","type":"product","link":"https:\/\/delices.lu\/de\/produit\/perlemor-coral-schale\/","title":{"rendered":"Perlemor Coral &#8211; Schale"},"content":{"rendered":"<p><strong>Eine vielseitige tiefe Schale oder ein Teller, um Ihre G\u00e4ste zu verw\u00f6hnen<\/strong><br \/>\nWir sind ein Fan der sanften Farben dieser Kollektion im Vintage-Look! Dieser rosafarbene Teller tr\u00e4gt zu einer poetischen und l\u00e4ndlichen Sommeratmosph\u00e4re bei. Wie w\u00e4re es, wenn Sie Ihre Tischdekoration mit anderen St\u00fccken aus der Like-Serie erg\u00e4nzen? Eine sch\u00f6ne Vase mit getrockneten Blumen oder eine Duftkerze mit einem k\u00f6stlichen Aroma geben dem Ganzen den letzten Schliff! Genie\u00dfen Sie k\u00f6stliche Momente mit der Familie oder Freunden mit dem Porzellanservice von Villeroy &amp; Boch. Setzen Sie auf ein trendiges Interieur mit dem Geschirr von Villeroy &amp; Boch! Dieser tiefe Teller ist ideal, um Ihre Gerichte zu pr\u00e4sentieren. Ein Brunch mit Freunden und Familie? Richten Sie ein paar Waffeln, Obst oder leckere Kekse in der Mitte des Tisches auf diesem sch\u00f6nen Teller an! Sie k\u00f6nnen auch eine sch\u00f6ne Kaffeetasse mit Untertasse und, warum nicht, eine passende Schale mit M\u00fcsli dazu stellen. Die Porzellan-Tischsets der Perlemor-Kollektion lassen sich auf viele Arten kombinieren! Jedes St\u00fcck ist ein echtes Must-Have f\u00fcr eine trendige Einrichtung.           <\/p>\n","protected":false},"excerpt":{"rendered":"<p><strong>Perlemor Coral  <\/strong><br \/>\n<strong>Schale, rosa<br \/>\n<\/strong>MATERIAL: Premium Porcelain<br \/>\nDIAMETER: ca. 261 mm<br \/>\nGR\u00d6SSE: ca. 1280 ml<br \/>\nFARBE: blassrosa<br \/>\nGARANTIERT SP\u00dcLMASCHINENGARANTIE: Ja<br \/>\nMIKROWELLENKOMPATIBEL: Ja<br \/>\nREF. ARTIKEL: 1951733760 <\/p>\n","protected":false},"featured_media":15384,"template":"","meta":[],"location":[959],"product_brand":[],"product_cat":[1354,1356,2231,1309],"product_tag":[1358,2425,2424,2275],"class_list":{"0":"post-15382","1":"product","2":"type-product","3":"status-publish","4":"has-post-thumbnail","6":"location-0-shop","7":"product_cat-art-de-la-table-de","8":"product_cat-coupe-de","9":"product_cat-teller","10":"product_cat-villeroy-boch-de","11":"product_tag-coupe-de","12":"product_tag-koralle","13":"product_tag-perlemor-coral-de","14":"product_tag-rosa","16":"first","17":"instock","18":"shipping-taxable","19":"purchasable","20":"product-type-simple"},"supplier_id":9071,"supplier_sku":"1951733760","barcode":"4003686412408","atum_controlled":true,"out_stock_date":"2024-09-21 15:37:05","out_stock_threshold":null,"inheritable":false,"inbound_stock":0,"stock_on_hold":0,"sold_today":0,"sales_last_days":0,"reserved_stock":0,"customer_returns":0,"warehouse_damage":null,"lost_in_post":0,"other_logs":0,"out_stock_days":300,"lost_sales":0,"has_location":false,"update_date":"2025-07-19T06:26:37","atum_locations":[{"id":960,"name":"0 SHOP","slug":"0-shop"}],"atum_stock_status":"onbackorder","restock_status":false,"low_stock_amount":"","sales_update_date":"2025-07-19T06:26:37","calc_backorders":0,"locations":[],"_links":{"self":[{"href":"https:\/\/delices.lu\/de\/wp-json\/wp\/v2\/product\/15382","targetHints":{"allow":["GET"]}}],"collection":[{"href":"https:\/\/delices.lu\/de\/wp-json\/wp\/v2\/product"}],"about":[{"href":"https:\/\/delices.lu\/de\/wp-json\/wp\/v2\/types\/product"}],"wp:featuredmedia":[{"embeddable":true,"href":"https:\/\/delices.lu\/de\/wp-json\/wp\/v2\/media\/15384"}],"wp:attachment":[{"href":"https:\/\/delices.lu\/de\/wp-json\/wp\/v2\/media?parent=15382"}],"wp:term":[{"taxonomy":"location","embeddable":true,"href":"https:\/\/delices.lu\/de\/wp-json\/wp\/v2\/location?post=15382"},{"taxonomy":"product_brand","embeddable":true,"href":"https:\/\/delices.lu\/de\/wp-json\/wp\/v2\/product_brand?post=15382"},{"taxonomy":"product_cat","embeddable":true,"href":"https:\/\/delices.lu\/de\/wp-json\/wp\/v2\/product_cat?post=15382"},{"taxonomy":"product_tag","embeddable":true,"href":"https:\/\/delices.lu\/de\/wp-json\/wp\/v2\/product_tag?post=15382"}],"curies":[{"name":"wp","href":"https:\/\/api.w.org\/{rel}","templated":true}]}}