{"id":15388,"date":"2024-09-21T00:00:58","date_gmt":"2025-03-20T10:50:05","guid":{"rendered":"https:\/\/delices.lu\/produit\/perlemor-coral-espressotasse\/"},"modified":"2025-03-20T11:50:05","modified_gmt":"2025-03-20T10:50:05","slug":"perlemor-coral-espressotasse","status":"publish","type":"product","link":"https:\/\/delices.lu\/de\/produit\/perlemor-coral-espressotasse\/","title":{"rendered":"Perlemor Coral &#8211; Espressotasse"},"content":{"rendered":"<p><strong>Eine rosa Espressotasse mit ausdrucksstarken Schattierungen<\/strong><br \/>\nWenn Sie ein Fan von starkem Kaffee sind, ist diese wundersch\u00f6ne Espressotasse genau das Richtige f\u00fcr Sie. Die Mokkatasse, die Sie auf Ihrem Couchtisch oder Schreibtisch aufstellen k\u00f6nnen, \u00fcberrascht mit ihren irisierenden Effekten, die eine einzigartige Abstufung von Rosat\u00f6nen zeigen. Der Henkel ist leicht zu halten, ohne das Zusammenschieben der Tassen zu behindern. Wenn Sie eine Tasse zum Verschenken suchen, warum nicht ein sch\u00f6nes Tassenset zusammenstellen? Mischen Sie die Farben der Perlemore Kollektion und entdecken Sie auch die Tassen in T\u00f6pferoptik aus der Lave Kollektion f\u00fcr ein originelles Geschenk! Sie k\u00f6nnen auch die passenden Espresso-Untertassen hinzuf\u00fcgen, um ein komplettes Kaffeeset zu erhalten. Sie haben die Wahl! Jedes St\u00fcck ist ein echtes Must-Have f\u00fcr eine trendige Einrichtung.       <\/p>\n","protected":false},"excerpt":{"rendered":"<p><strong>Perlemor Coral<br \/>\nEspressotasse, rosa<br \/>\n<\/strong>MATERIAL: Hochwertiges Porzellan.<br \/>\nGR\u00d6\u00dfE: ca. 60 ml<br \/>\nFARBE: blassrosa<br \/>\nGARANTIERT SP\u00dcLMASCHINENGARANTIE: Ja<br \/>\nMIKROWELLENGER\u00c4TE KOMPATIBEL: Ja<br \/>\nREF. ARTIKEL: 1951731420 <\/p>\n","protected":false},"featured_media":15377,"template":"","meta":[],"location":[959],"product_brand":[],"product_cat":[1354,2235,1309],"product_tag":[2425,2395,2424,2275,2165],"class_list":{"0":"post-15388","1":"product","2":"type-product","3":"status-publish","4":"has-post-thumbnail","6":"location-0-shop","7":"product_cat-art-de-la-table-de","8":"product_cat-tasse-de","9":"product_cat-villeroy-boch-de","10":"product_tag-koralle","11":"product_tag-ohne-untertasse","12":"product_tag-perlemor-coral-de","13":"product_tag-rosa","14":"product_tag-tasse-de","16":"first","17":"instock","18":"shipping-taxable","19":"purchasable","20":"product-type-simple"},"supplier_id":9071,"supplier_sku":"1951731420","barcode":"4003686412378","atum_controlled":true,"out_stock_date":"2024-09-21 15:41:28","out_stock_threshold":null,"inheritable":false,"inbound_stock":0,"stock_on_hold":0,"sold_today":0,"sales_last_days":0,"reserved_stock":0,"customer_returns":0,"warehouse_damage":null,"lost_in_post":0,"other_logs":0,"out_stock_days":300,"lost_sales":0,"has_location":false,"update_date":"2025-07-19T06:26:41","atum_locations":[{"id":960,"name":"0 SHOP","slug":"0-shop"}],"atum_stock_status":"onbackorder","restock_status":false,"low_stock_amount":"","sales_update_date":"2025-07-19T06:26:41","calc_backorders":0,"locations":[],"_links":{"self":[{"href":"https:\/\/delices.lu\/de\/wp-json\/wp\/v2\/product\/15388","targetHints":{"allow":["GET"]}}],"collection":[{"href":"https:\/\/delices.lu\/de\/wp-json\/wp\/v2\/product"}],"about":[{"href":"https:\/\/delices.lu\/de\/wp-json\/wp\/v2\/types\/product"}],"wp:featuredmedia":[{"embeddable":true,"href":"https:\/\/delices.lu\/de\/wp-json\/wp\/v2\/media\/15377"}],"wp:attachment":[{"href":"https:\/\/delices.lu\/de\/wp-json\/wp\/v2\/media?parent=15388"}],"wp:term":[{"taxonomy":"location","embeddable":true,"href":"https:\/\/delices.lu\/de\/wp-json\/wp\/v2\/location?post=15388"},{"taxonomy":"product_brand","embeddable":true,"href":"https:\/\/delices.lu\/de\/wp-json\/wp\/v2\/product_brand?post=15388"},{"taxonomy":"product_cat","embeddable":true,"href":"https:\/\/delices.lu\/de\/wp-json\/wp\/v2\/product_cat?post=15388"},{"taxonomy":"product_tag","embeddable":true,"href":"https:\/\/delices.lu\/de\/wp-json\/wp\/v2\/product_tag?post=15388"}],"curies":[{"name":"wp","href":"https:\/\/api.w.org\/{rel}","templated":true}]}}