{"id":15389,"date":"2024-09-21T00:00:56","date_gmt":"2025-03-20T10:50:05","guid":{"rendered":"https:\/\/delices.lu\/produit\/perlemor-coral-flacher-teller-mit-rand\/"},"modified":"2025-03-20T11:50:05","modified_gmt":"2025-03-20T10:50:05","slug":"perlemor-coral-flacher-teller-mit-rand","status":"publish","type":"product","link":"https:\/\/delices.lu\/de\/produit\/perlemor-coral-flacher-teller-mit-rand\/","title":{"rendered":"Perlemor Coral &#8211; Flacher Teller mit Rand"},"content":{"rendered":"<p><strong>Ein flacher Teller mit rosa Rand f\u00fcr eine k\u00f6stliche Gourmet-Pause<\/strong><br \/>\nDie Perlemor-Kollektion wurde speziell entwickelt, um eine sommerliche, leichte und gem\u00fctliche Atmosph\u00e4re zu schaffen. Ein paar getrocknete Blumen in einer Vase, eine h\u00fcbsche Duftkerze aus der gleichen Kollektion und schon sind Sie fertig! Sie sind bereit, Ihre Lieben zu einer raffinierten Gourmetpause zu empfangen. Sie k\u00f6nnen sich schon vorstellen, wie Marmeladenbrote, Cr\u00eapes oder Waffeln in der Mitte dieses flachen Tellers mit rosa Rand angerichtet werden. Und dazu Kaffee, Saft und eine Schale M\u00fcsli in den passenden Tassen, Gl\u00e4sern und Schalen! Dieser sch\u00f6ne Teller besticht durch seinen Vintage-Look und seine praktischen R\u00e4nder. Seine h\u00fcbsche zartrosa Farbe verleiht ihm ein zartes und elegantes Design. Der rosafarbene Teller verleiht dem gedeckten Tisch f\u00fcr einen Brunch oder ein Abendessen einen angenehmen Hauch von S\u00fc\u00dfe. Wir lieben die bearbeitete Glasur, die diesem Teller eine einzigartige \u00c4sthetik verleiht. Der Farbverlauf ist einzigartig und garantiert Ihnen einen originellen Teller! Jedes St\u00fcck ist ein echtes Must-Have f\u00fcr eine trendige Einrichtung.          <\/p>\n","protected":false},"excerpt":{"rendered":"<p><strong>Perlemor Coral  <\/strong><br \/>\n<strong>Flacher Teller mit Rand, rosa<br \/>\n<\/strong>MATERIAL: Premium Porcelain<br \/>\nDURCHMESSER: ca. 238 mm<br \/>\nFARBE: zartrosa<br \/>\nGARANTIE SP\u00dcLMASCHINENGARANTIE: Ja<br \/>\nMIKROWELLENGER\u00c4TEKOMPATIBEL: Ja<br \/>\nREF. ARTIKEL: 1951732640 <\/p>\n","protected":false},"featured_media":15392,"template":"","meta":[],"location":[959],"product_brand":[],"product_cat":[1354,2231,1309],"product_tag":[2425,2407,2424,2423,2275,2248],"class_list":{"0":"post-15389","1":"product","2":"type-product","3":"status-publish","4":"has-post-thumbnail","6":"location-0-shop","7":"product_cat-art-de-la-table-de","8":"product_cat-teller","9":"product_cat-villeroy-boch-de","10":"product_tag-koralle","11":"product_tag-nachtisch","12":"product_tag-perlemor-coral-de","13":"product_tag-plate-de","14":"product_tag-rosa","15":"product_tag-teller","17":"first","18":"instock","19":"shipping-taxable","20":"purchasable","21":"product-type-simple"},"supplier_id":9071,"supplier_sku":"1951732640","barcode":"4003686419347","atum_controlled":true,"out_stock_date":"2024-09-21 15:38:35","out_stock_threshold":null,"inheritable":false,"inbound_stock":0,"stock_on_hold":0,"sold_today":0,"sales_last_days":0,"reserved_stock":0,"customer_returns":0,"warehouse_damage":null,"lost_in_post":0,"other_logs":0,"out_stock_days":300,"lost_sales":0,"has_location":false,"update_date":"2025-07-19T06:26:41","atum_locations":[{"id":960,"name":"0 SHOP","slug":"0-shop"}],"atum_stock_status":"onbackorder","restock_status":false,"low_stock_amount":"","sales_update_date":"2025-07-19T06:26:41","calc_backorders":0,"locations":[],"_links":{"self":[{"href":"https:\/\/delices.lu\/de\/wp-json\/wp\/v2\/product\/15389","targetHints":{"allow":["GET"]}}],"collection":[{"href":"https:\/\/delices.lu\/de\/wp-json\/wp\/v2\/product"}],"about":[{"href":"https:\/\/delices.lu\/de\/wp-json\/wp\/v2\/types\/product"}],"wp:featuredmedia":[{"embeddable":true,"href":"https:\/\/delices.lu\/de\/wp-json\/wp\/v2\/media\/15392"}],"wp:attachment":[{"href":"https:\/\/delices.lu\/de\/wp-json\/wp\/v2\/media?parent=15389"}],"wp:term":[{"taxonomy":"location","embeddable":true,"href":"https:\/\/delices.lu\/de\/wp-json\/wp\/v2\/location?post=15389"},{"taxonomy":"product_brand","embeddable":true,"href":"https:\/\/delices.lu\/de\/wp-json\/wp\/v2\/product_brand?post=15389"},{"taxonomy":"product_cat","embeddable":true,"href":"https:\/\/delices.lu\/de\/wp-json\/wp\/v2\/product_cat?post=15389"},{"taxonomy":"product_tag","embeddable":true,"href":"https:\/\/delices.lu\/de\/wp-json\/wp\/v2\/product_tag?post=15389"}],"curies":[{"name":"wp","href":"https:\/\/api.w.org\/{rel}","templated":true}]}}