{"id":15395,"date":"2024-09-21T00:00:31","date_gmt":"2025-03-20T10:50:06","guid":{"rendered":"https:\/\/delices.lu\/produit\/perlemor-coral-untertasse\/"},"modified":"2025-03-20T11:50:06","modified_gmt":"2025-03-20T10:50:06","slug":"perlemor-coral-untertasse","status":"publish","type":"product","link":"https:\/\/delices.lu\/de\/produit\/perlemor-coral-untertasse\/","title":{"rendered":"Perlemor Coral &#8211; Untertasse"},"content":{"rendered":"<p><strong>Eine originelle rosafarbene Kaffeeuntertasse<\/strong><br \/>\nWie Sie sehen, ist diese Untertasse aus Porzellan ein echtes Must-Have! Kombinieren Sie sie mit der rosafarbenen Kaffeetasse, um ein perfekt passendes Set zu kreieren. Gef\u00e4llt Ihnen die zartrosa Farbe? F\u00fcr ein farbenfrohes Designgeschirr, sehen Sie sich auch den tiefen Teller, den Dessertteller oder die kleine Aperitifschale von Perlemor an. Diese Untertasse von Perlemor hebt sich von der Masse ab. Der irisierende Effekt von Rosa auf dem Porzellan verleiht ihr einen unwiderstehlichen Charme und wird Ihre Kaffeetasse hervorheben. Bei einem sommerlichen Brunch wird dieses Geschirrst\u00fcck eine Sensation sein! Sein Design erm\u00f6glicht es Ihnen, eine kleine S\u00fc\u00dfigkeit neben die Tasse zu stellen, um noch mehr Genuss zu bieten. Jedes St\u00fcck ist ein echtes Must-Have f\u00fcr eine trendige Einrichtung.        <\/p>\n","protected":false},"excerpt":{"rendered":"<p><strong>Perlemor Coral<br \/>\nKaffeeuntertasse, rosa<br \/>\n<\/strong>MATERIAL: Hochwertiges Porzellan.<br \/>\nGR\u00d6\u00dfE: ca. 160 mm<br \/>\nFARBE: blassrosa<br \/>\nGARANTIERT SP\u00dcLMASCHINENGARANTIE: Ja<br \/>\nMIKROWELLENGER\u00c4TEF\u00c4HIG: Ja<br \/>\nREF. ARTIKEL: 1951731310 <\/p>\n","protected":false},"featured_media":15397,"template":"","meta":[],"location":[959],"product_brand":[],"product_cat":[1354,1309],"product_tag":[2425,2424,2275,2227],"class_list":{"0":"post-15395","1":"product","2":"type-product","3":"status-publish","4":"has-post-thumbnail","6":"location-0-shop","7":"product_cat-art-de-la-table-de","8":"product_cat-villeroy-boch-de","9":"product_tag-koralle","10":"product_tag-perlemor-coral-de","11":"product_tag-rosa","12":"product_tag-untertasse","14":"first","15":"instock","16":"shipping-taxable","17":"purchasable","18":"product-type-simple"},"supplier_id":9071,"supplier_sku":"1951731310","barcode":"4003686412316","atum_controlled":true,"out_stock_date":"2024-09-21 15:42:01","out_stock_threshold":null,"inheritable":false,"inbound_stock":0,"stock_on_hold":0,"sold_today":0,"sales_last_days":0,"reserved_stock":0,"customer_returns":0,"warehouse_damage":null,"lost_in_post":0,"other_logs":0,"out_stock_days":300,"lost_sales":0,"has_location":false,"update_date":"2025-07-19T06:26:38","atum_locations":[{"id":960,"name":"0 SHOP","slug":"0-shop"}],"atum_stock_status":"onbackorder","restock_status":false,"low_stock_amount":"","sales_update_date":"2025-07-19T06:26:38","calc_backorders":0,"locations":[],"_links":{"self":[{"href":"https:\/\/delices.lu\/de\/wp-json\/wp\/v2\/product\/15395","targetHints":{"allow":["GET"]}}],"collection":[{"href":"https:\/\/delices.lu\/de\/wp-json\/wp\/v2\/product"}],"about":[{"href":"https:\/\/delices.lu\/de\/wp-json\/wp\/v2\/types\/product"}],"wp:featuredmedia":[{"embeddable":true,"href":"https:\/\/delices.lu\/de\/wp-json\/wp\/v2\/media\/15397"}],"wp:attachment":[{"href":"https:\/\/delices.lu\/de\/wp-json\/wp\/v2\/media?parent=15395"}],"wp:term":[{"taxonomy":"location","embeddable":true,"href":"https:\/\/delices.lu\/de\/wp-json\/wp\/v2\/location?post=15395"},{"taxonomy":"product_brand","embeddable":true,"href":"https:\/\/delices.lu\/de\/wp-json\/wp\/v2\/product_brand?post=15395"},{"taxonomy":"product_cat","embeddable":true,"href":"https:\/\/delices.lu\/de\/wp-json\/wp\/v2\/product_cat?post=15395"},{"taxonomy":"product_tag","embeddable":true,"href":"https:\/\/delices.lu\/de\/wp-json\/wp\/v2\/product_tag?post=15395"}],"curies":[{"name":"wp","href":"https:\/\/api.w.org\/{rel}","templated":true}]}}