{"id":15396,"date":"2024-09-21T00:00:15","date_gmt":"2025-03-20T10:50:06","guid":{"rendered":"https:\/\/delices.lu\/produit\/perlemor-coral-flacher-teller\/"},"modified":"2025-03-20T11:50:06","modified_gmt":"2025-03-20T10:50:06","slug":"perlemor-coral-flacher-teller","status":"publish","type":"product","link":"https:\/\/delices.lu\/de\/produit\/perlemor-coral-flacher-teller\/","title":{"rendered":"Perlemor Coral &#8211; Flacher Teller"},"content":{"rendered":"<p><strong>Ein flacher Teller als Begleiter f\u00fcr alle Ihre Mahlzeiten<\/strong><br \/>\nHaben Sie G\u00e4ste? Dieser gro\u00dfe flache Teller wird auf Ihrem Tisch f\u00fcr Aufsehen sorgen! Kombinieren Sie ihn mit den tiefen Tellern, Sch\u00fcsseln und der gro\u00dfen Salatsch\u00fcssel von Perlemor f\u00fcr ein harmonisches und farbenfrohes Arrangement. M\u00f6chten Sie eine intimere Atmosph\u00e4re? Stellen Sie einen sch\u00f6nen Blumenstrau\u00df in eine Porzellanvase und z\u00fcnden Sie die Duftkerze aus der gleichen Kollektion an. Dieser 27 cm gro\u00dfe flache Teller wird Ihre kulinarischen Kreationen auf subtile Weise zur Geltung bringen! Dieser zarte und trendige Platzteller aus Porzellan ist mit seinen eleganten R\u00e4ndern sehr originell. Ob Alltagsk\u00fcche oder raffinierte Gerichte, pr\u00e4sentieren Sie Ihre Lieblingsrezepte! Jedes St\u00fcck ist ein echtes Must-Have f\u00fcr eine trendige Einrichtung.        <\/p>\n","protected":false},"excerpt":{"rendered":"<p><strong>Perlemor Coral  <\/strong><br \/>\n<strong>Platzteller, rosa<br \/>\n<\/strong>MATERIAL: Premium Porcelain<br \/>\nDURCHMESSER: ca. 270 mm<br \/>\nFARBE: zartrosa<br \/>\nGARANTIERT SP\u00dcLMASCHINENGARANTIE: Ja<br \/>\nMIKROWELLENKOMPATIBEL: Ja<br \/>\nREF. ARTIKEL: 1951732610 <\/p>\n","protected":false},"featured_media":15399,"template":"","meta":[],"location":[959],"product_brand":[],"product_cat":[1354,2231,1309],"product_tag":[2425,2424,2423,2275,2248],"class_list":{"0":"post-15396","1":"product","2":"type-product","3":"status-publish","4":"has-post-thumbnail","6":"location-0-shop","7":"product_cat-art-de-la-table-de","8":"product_cat-teller","9":"product_cat-villeroy-boch-de","10":"product_tag-koralle","11":"product_tag-perlemor-coral-de","12":"product_tag-plate-de","13":"product_tag-rosa","14":"product_tag-teller","16":"first","17":"instock","18":"shipping-taxable","19":"purchasable","20":"product-type-simple"},"supplier_id":9071,"supplier_sku":"1951732610","barcode":"4003686419330","atum_controlled":true,"out_stock_date":"2024-09-21 15:39:25","out_stock_threshold":null,"inheritable":false,"inbound_stock":0,"stock_on_hold":0,"sold_today":0,"sales_last_days":0,"reserved_stock":null,"customer_returns":null,"warehouse_damage":null,"lost_in_post":null,"other_logs":null,"out_stock_days":300,"lost_sales":0,"has_location":false,"update_date":"2025-07-19T06:26:38","atum_locations":[{"id":960,"name":"0 SHOP","slug":"0-shop"}],"atum_stock_status":"onbackorder","restock_status":false,"low_stock_amount":"","sales_update_date":"2025-07-19T06:26:38","calc_backorders":0,"locations":[],"_links":{"self":[{"href":"https:\/\/delices.lu\/de\/wp-json\/wp\/v2\/product\/15396","targetHints":{"allow":["GET"]}}],"collection":[{"href":"https:\/\/delices.lu\/de\/wp-json\/wp\/v2\/product"}],"about":[{"href":"https:\/\/delices.lu\/de\/wp-json\/wp\/v2\/types\/product"}],"wp:featuredmedia":[{"embeddable":true,"href":"https:\/\/delices.lu\/de\/wp-json\/wp\/v2\/media\/15399"}],"wp:attachment":[{"href":"https:\/\/delices.lu\/de\/wp-json\/wp\/v2\/media?parent=15396"}],"wp:term":[{"taxonomy":"location","embeddable":true,"href":"https:\/\/delices.lu\/de\/wp-json\/wp\/v2\/location?post=15396"},{"taxonomy":"product_brand","embeddable":true,"href":"https:\/\/delices.lu\/de\/wp-json\/wp\/v2\/product_brand?post=15396"},{"taxonomy":"product_cat","embeddable":true,"href":"https:\/\/delices.lu\/de\/wp-json\/wp\/v2\/product_cat?post=15396"},{"taxonomy":"product_tag","embeddable":true,"href":"https:\/\/delices.lu\/de\/wp-json\/wp\/v2\/product_tag?post=15396"}],"curies":[{"name":"wp","href":"https:\/\/api.w.org\/{rel}","templated":true}]}}