{"id":15403,"date":"2023-05-26T11:20:06","date_gmt":"2025-03-20T10:50:14","guid":{"rendered":"https:\/\/delices.lu\/produit\/manufaktur-weisse-halskette-vase-mit-quadraten-hoch\/"},"modified":"2025-03-20T11:50:14","modified_gmt":"2025-03-20T10:50:14","slug":"manufaktur-weisse-halskette-vase-mit-quadraten-hoch","status":"publish","type":"product","link":"https:\/\/delices.lu\/de\/produit\/manufaktur-weisse-halskette-vase-mit-quadraten-hoch\/","title":{"rendered":"Manufaktur Wei\u00dfe Halskette Vase mit Quadraten, hoch"},"content":{"rendered":"<p><strong>Vase aus mattem Porzellan in der aktuellen Trendfarbe<\/strong><br \/>\nEine matte Oberfl\u00e4che mit einer originellen Textur und modernen Farben: Die Vasen von Collier sind absolut einzigartig. Die verschiedenen Gr\u00f6\u00dfen und Farben lassen sich wunderbar miteinander kombinieren und setzen harmonische Akzente in Ihrem Zuhause. Stellen Sie einzelne Zweige oder langstielige Blumen in diese Vase. Verf\u00fchren Sie Ihre G\u00e4ste mit einer sch\u00f6nen und anspruchsvollen Dekoration von Villeroy &amp; Boch.<\/p>\n","protected":false},"excerpt":{"rendered":"<p><strong>Manufaktur Wei\u00dfe Halskette Vase<br \/>\n<\/strong><strong>Mit Quadraten, H\u00f6he: 26cm<br \/>\n<\/strong>MATERIAL: Premium Porcelain<br \/>\nDURCHMESSER: ca. 115 mm<br \/>\nGR\u00d6SSE: ca. 1620 ml<br \/>\nFARBE: wei\u00df<br \/>\nGARANTIERT SP\u00dcLMASCHINENGARANTIE: Nicht<br \/>\nMIKROWELLENKOMPATIBEL: Nicht<br \/>\nGESCHENKVERPACKUNG: Kostenlos, auf Anfrage<br \/>\nREF. ARTIKEL: 1016815515<\/p>\n","protected":false},"featured_media":15405,"template":"","meta":[],"location":[],"product_brand":[],"product_cat":[1311,2333,1309],"product_tag":[743,2405,2427],"class_list":{"0":"post-15403","1":"product","2":"type-product","3":"status-publish","4":"has-post-thumbnail","6":"product_cat-dekoration","7":"product_cat-vase-de","8":"product_cat-villeroy-boch-de","9":"product_tag-decoration-de","10":"product_tag-vase-de","11":"product_tag-weis-matt","13":"first","14":"instock","15":"shipping-taxable","16":"purchasable","17":"product-type-simple"},"supplier_id":9071,"supplier_sku":"1016815515","barcode":"4003686331440","atum_controlled":true,"out_stock_date":null,"out_stock_threshold":null,"inheritable":false,"inbound_stock":0,"stock_on_hold":0,"sold_today":0,"sales_last_days":0,"reserved_stock":0,"customer_returns":0,"warehouse_damage":0,"lost_in_post":0,"other_logs":0,"out_stock_days":0,"lost_sales":0,"has_location":false,"update_date":"2025-07-19T06:26:23","atum_locations":[],"atum_stock_status":"instock","restock_status":false,"low_stock_amount":"","sales_update_date":"2025-07-19T06:26:23","calc_backorders":0,"locations":[],"_links":{"self":[{"href":"https:\/\/delices.lu\/de\/wp-json\/wp\/v2\/product\/15403","targetHints":{"allow":["GET"]}}],"collection":[{"href":"https:\/\/delices.lu\/de\/wp-json\/wp\/v2\/product"}],"about":[{"href":"https:\/\/delices.lu\/de\/wp-json\/wp\/v2\/types\/product"}],"wp:featuredmedia":[{"embeddable":true,"href":"https:\/\/delices.lu\/de\/wp-json\/wp\/v2\/media\/15405"}],"wp:attachment":[{"href":"https:\/\/delices.lu\/de\/wp-json\/wp\/v2\/media?parent=15403"}],"wp:term":[{"taxonomy":"location","embeddable":true,"href":"https:\/\/delices.lu\/de\/wp-json\/wp\/v2\/location?post=15403"},{"taxonomy":"product_brand","embeddable":true,"href":"https:\/\/delices.lu\/de\/wp-json\/wp\/v2\/product_brand?post=15403"},{"taxonomy":"product_cat","embeddable":true,"href":"https:\/\/delices.lu\/de\/wp-json\/wp\/v2\/product_cat?post=15403"},{"taxonomy":"product_tag","embeddable":true,"href":"https:\/\/delices.lu\/de\/wp-json\/wp\/v2\/product_tag?post=15403"}],"curies":[{"name":"wp","href":"https:\/\/api.w.org\/{rel}","templated":true}]}}