{"id":15404,"date":"2024-09-21T00:00:32","date_gmt":"2025-03-20T10:50:14","guid":{"rendered":"https:\/\/delices.lu\/produit\/perlemor-coral-tasse-2\/"},"modified":"2025-03-20T11:50:14","modified_gmt":"2025-03-20T10:50:14","slug":"perlemor-coral-tasse-2","status":"publish","type":"product","link":"https:\/\/delices.lu\/de\/produit\/perlemor-coral-tasse-2\/","title":{"rendered":"Perlemor Coral &#8211; Tasse"},"content":{"rendered":"<p><strong>Eine Kaffeetasse mit einzigartigem Stil f\u00fcr eine sonnige Gourmetpause<\/strong><br \/>\nWenn Sie das Besondere lieben, ist diese Kaffeetasse aus hochwertigem Porzellan mit ihrer nat\u00fcrlichen zartrosa Glasur einzigartig. Mit dieser originellen Kaffeetasse bringen Sie die Sonne in Ihre Gourmetpause! Es ist schwer, dem Wunsch zu widerstehen, den Moment des Kaffees mit etwas S\u00fc\u00dfem zu begleiten? Entdecken Sie die Untertasse aus Porzellan der Kollektionen Perlemor oder Lave, um mit den Farben zu spielen und ein paar Kekse oder Macarons zu servieren. F\u00fcr ein modernes Geschirrset k\u00f6nnen Sie die Tasse in Puderrosa mit den flachen Tellern, tiefen Tellern, Schalen oder der rosafarbenen Salatsch\u00fcssel aus der gleichen Kollektion kombinieren. Und wenn Sie ein Geschenk machen m\u00f6chten, ist diese sch\u00f6ne Kaffeetasse absolut perfekt! Jedes St\u00fcck ist ein echtes Must-Have f\u00fcr eine trendige Einrichtung.      <\/p>\n","protected":false},"excerpt":{"rendered":"<p><strong>Perlemor Coral<br \/>\nKaffeetasse ohne Untertasse, rosa<br \/>\n<\/strong>MATERIAL: Premium Porcelain.<br \/>\nGR\u00d6\u00dfE: ca. 190 ml<br \/>\nFARBE: blassrosa<br \/>\nGARANTIERT SP\u00dcLMASCHINENGARANTIE: Ja<br \/>\nMIKROWELLENKOMPATIBEL: Ja<br \/>\nREF. ARTIKEL: 1951731300 <\/p>\n","protected":false},"featured_media":15398,"template":"","meta":[],"location":[959],"product_brand":[],"product_cat":[1354,2235,1309],"product_tag":[2425,2395,2424,2275,2165],"class_list":{"0":"post-15404","1":"product","2":"type-product","3":"status-publish","4":"has-post-thumbnail","6":"location-0-shop","7":"product_cat-art-de-la-table-de","8":"product_cat-tasse-de","9":"product_cat-villeroy-boch-de","10":"product_tag-koralle","11":"product_tag-ohne-untertasse","12":"product_tag-perlemor-coral-de","13":"product_tag-rosa","14":"product_tag-tasse-de","16":"first","17":"instock","18":"shipping-taxable","19":"purchasable","20":"product-type-simple"},"supplier_id":9071,"supplier_sku":"1951731300","barcode":"4003686412309","atum_controlled":true,"out_stock_date":"2024-09-21 15:42:23","out_stock_threshold":null,"inheritable":false,"inbound_stock":0,"stock_on_hold":0,"sold_today":0,"sales_last_days":0,"reserved_stock":0,"customer_returns":0,"warehouse_damage":null,"lost_in_post":0,"other_logs":0,"out_stock_days":300,"lost_sales":0,"has_location":false,"update_date":"2025-07-19T06:26:38","atum_locations":[{"id":960,"name":"0 SHOP","slug":"0-shop"}],"atum_stock_status":"onbackorder","restock_status":false,"low_stock_amount":"","sales_update_date":"2025-07-19T06:26:38","calc_backorders":0,"locations":[],"_links":{"self":[{"href":"https:\/\/delices.lu\/de\/wp-json\/wp\/v2\/product\/15404","targetHints":{"allow":["GET"]}}],"collection":[{"href":"https:\/\/delices.lu\/de\/wp-json\/wp\/v2\/product"}],"about":[{"href":"https:\/\/delices.lu\/de\/wp-json\/wp\/v2\/types\/product"}],"wp:featuredmedia":[{"embeddable":true,"href":"https:\/\/delices.lu\/de\/wp-json\/wp\/v2\/media\/15398"}],"wp:attachment":[{"href":"https:\/\/delices.lu\/de\/wp-json\/wp\/v2\/media?parent=15404"}],"wp:term":[{"taxonomy":"location","embeddable":true,"href":"https:\/\/delices.lu\/de\/wp-json\/wp\/v2\/location?post=15404"},{"taxonomy":"product_brand","embeddable":true,"href":"https:\/\/delices.lu\/de\/wp-json\/wp\/v2\/product_brand?post=15404"},{"taxonomy":"product_cat","embeddable":true,"href":"https:\/\/delices.lu\/de\/wp-json\/wp\/v2\/product_cat?post=15404"},{"taxonomy":"product_tag","embeddable":true,"href":"https:\/\/delices.lu\/de\/wp-json\/wp\/v2\/product_tag?post=15404"}],"curies":[{"name":"wp","href":"https:\/\/api.w.org\/{rel}","templated":true}]}}