{"id":15408,"date":"2024-10-08T00:00:33","date_gmt":"2025-03-20T10:50:15","guid":{"rendered":"https:\/\/delices.lu\/produit\/la-boule-memphis\/"},"modified":"2025-03-20T11:50:15","modified_gmt":"2025-03-20T10:50:15","slug":"la-boule-memphis","status":"publish","type":"product","link":"https:\/\/delices.lu\/de\/produit\/la-boule-memphis\/","title":{"rendered":"La Boule Memphis"},"content":{"rendered":"<p><strong>Ein mehrfarbiges, modernes und ikonisches Porzellan-Service, das alle Blicke auf sich zieht<\/strong><br \/>\n\u00dcberraschen Sie Ihre G\u00e4ste mit diesem farbenfrohen Tafelservice, das ebenso praktisch wie \u00e4sthetisch ist! Das ikonische Design dieses Porzellan-Tafelservice ist charmant und originell. Es ist perfekt, um Ihre Mahlzeiten hervorzuheben und Liebhaber von sch\u00f6nen Geschirrsets zu begeistern. Was macht dieses Tafelservice so besonders? Seine F\u00e4higkeit, sich in ein dekoratives Element zu verwandeln, sobald das Essen genossen wurde. Dieses komplette Tafelservice besteht aus zwei Sch\u00fcsseln, zwei tiefen und zwei flachen Tellern sowie einer Servierplatte, d.h. sieben farbige Gef\u00e4\u00dfe, die Sie kombinieren k\u00f6nnen. Die Kugel wird so zu einem Designobjekt zum Ausstellen&#8230; oder zum Verschenken! Die Kombination aus matten und gl\u00e4nzenden Farben zieht die Blicke auf sich, so dass dieses hochwertige Geschirrset auch dann auff\u00e4llt, wenn es nicht benutzt wird. Als Teil der Iconic Kollektion verk\u00f6rpert es perfekt die Werte von Modernit\u00e4t und Qualit\u00e4t, die tief in der DNA von Villeroy &amp; Boch verankert sind. Versch\u00f6nern Sie Ihren Tisch und Ihr Zuhause mit einem subtilen Design.         <\/p>\n<p>Das Set besteht aus :<\/p>\n<p>1x Schale, 620ml, gestreift<br \/>\n1x Schale, 620ml, braun<br \/>\n1x Sch\u00e4lchen, 500ml, gestreift<br \/>\n1x Sch\u00e4lchen, 500ml, zartrosa<br \/>\n1x Universalteller, 24cm, gestreift<br \/>\n1x Universalteller, 24cm, orange<br \/>\n1x Servierteller, 23.9cm, wei\u00df<\/p>\n","protected":false},"excerpt":{"rendered":"<p><strong>La Boule Memphis &#8211; 7-teiliges Tafelservice<\/strong><br \/>\nMaterial: Premium Porcelain<br \/>\nGewicht: ca. 4.14 kg<br \/>\ngarantiert sp\u00fclmaschinenfest<br \/>\nmikrowellengeeignet<br \/>\nGeschenkverpackung: kostenlos, auf Anfrage<br \/>\nArtikelnummer: 1016659096 <\/p>\n","protected":false},"featured_media":15416,"template":"","meta":[],"location":[959],"product_brand":[],"product_cat":[1354,1311,2429,1309],"product_tag":[743,2430,2432,2431],"class_list":{"0":"post-15408","1":"product","2":"type-product","3":"status-publish","4":"has-post-thumbnail","6":"location-0-shop","7":"product_cat-art-de-la-table-de","8":"product_cat-dekoration","9":"product_cat-die-kugel","10":"product_cat-villeroy-boch-de","11":"product_tag-decoration-de","12":"product_tag-die-kugel","13":"product_tag-streifen","14":"product_tag-tischservice","16":"first","17":"instock","18":"sold-individually","19":"shipping-taxable","20":"purchasable","21":"product-type-simple"},"supplier_id":9071,"supplier_sku":"1016659096","barcode":"4003686389496","atum_controlled":true,"out_stock_date":null,"out_stock_threshold":0,"inheritable":false,"inbound_stock":0,"stock_on_hold":0,"sold_today":0,"sales_last_days":0,"reserved_stock":0,"customer_returns":0,"warehouse_damage":0,"lost_in_post":0,"other_logs":0,"out_stock_days":0,"lost_sales":0,"has_location":true,"update_date":"2025-07-19T06:26:34","atum_locations":[{"id":960,"name":"0 SHOP","slug":"0-shop"}],"atum_stock_status":"instock","restock_status":false,"low_stock_amount":"","sales_update_date":"2025-07-19T06:26:34","calc_backorders":0,"locations":[],"_links":{"self":[{"href":"https:\/\/delices.lu\/de\/wp-json\/wp\/v2\/product\/15408","targetHints":{"allow":["GET"]}}],"collection":[{"href":"https:\/\/delices.lu\/de\/wp-json\/wp\/v2\/product"}],"about":[{"href":"https:\/\/delices.lu\/de\/wp-json\/wp\/v2\/types\/product"}],"wp:featuredmedia":[{"embeddable":true,"href":"https:\/\/delices.lu\/de\/wp-json\/wp\/v2\/media\/15416"}],"wp:attachment":[{"href":"https:\/\/delices.lu\/de\/wp-json\/wp\/v2\/media?parent=15408"}],"wp:term":[{"taxonomy":"location","embeddable":true,"href":"https:\/\/delices.lu\/de\/wp-json\/wp\/v2\/location?post=15408"},{"taxonomy":"product_brand","embeddable":true,"href":"https:\/\/delices.lu\/de\/wp-json\/wp\/v2\/product_brand?post=15408"},{"taxonomy":"product_cat","embeddable":true,"href":"https:\/\/delices.lu\/de\/wp-json\/wp\/v2\/product_cat?post=15408"},{"taxonomy":"product_tag","embeddable":true,"href":"https:\/\/delices.lu\/de\/wp-json\/wp\/v2\/product_tag?post=15408"}],"curies":[{"name":"wp","href":"https:\/\/api.w.org\/{rel}","templated":true}]}}