{"id":15409,"date":"2024-10-12T00:00:57","date_gmt":"2025-03-20T10:50:15","guid":{"rendered":"https:\/\/delices.lu\/produit\/perlemor-home-rosa-design-vase-gross\/"},"modified":"2025-03-20T11:50:15","modified_gmt":"2025-03-20T10:50:15","slug":"perlemor-home-rosa-design-vase-gross","status":"publish","type":"product","link":"https:\/\/delices.lu\/de\/produit\/perlemor-home-rosa-design-vase-gross\/","title":{"rendered":"Perlemor Home &#8211; Rosa Design-Vase, gro\u00df"},"content":{"rendered":"<p><strong>Eine Designvase in Form einer Muschel, die nach Sommer duftet!<\/strong><br \/>\nMit ihren sanften Farben und dem trendigen T\u00f6pferstil hat die Kollektion Perlemor einen sommerlichen Stil, der an sch\u00f6ne Tage am Meer erinnert. Mit dieser sch\u00f6nen Vase in Form einer Muschel holen Sie sich die Sonne und den Strand in Ihr Zuhause. Sie k\u00f6nnen fast das Pl\u00e4tschern der Wellen h\u00f6ren! Die zartrosa Farbt\u00f6ne und die gl\u00e4nzende Glasur machen diese trendige Vase zu einem dekorativen Objekt mit einer einzigartigen Form. Allein oder mit ein paar getrockneten Blumen versehen, zieht er alle Blicke auf sich. Z\u00f6gern Sie nicht, diese Porzellanvase mit Windlichtern, Duftkerzen oder anderen originellen Villeroy &amp; Boch Vasen zu kombinieren. Ob auf dem Sideboard im Wohnzimmer oder in der Mitte des Esstisches, diese St\u00fccke veredeln Ihre Dekoration! W\u00e4hrend des Essens passt diese gro\u00dfe Vase perfekt zu dem hochwertigen Porzellan-Service aus der gleichen Kollektion: Teller, Gl\u00e4ser, Schalen, Tassen, Servierplatten&#8230; Entscheiden Sie sich f\u00fcr einen Mix &amp; Match mit dem sch\u00f6nsten Effekt! Setzen Sie auf ein trendiges, sommerliches Design mit der Kollektion Perlemor von Villeroy &amp; Boch.<\/p>\n","protected":false},"excerpt":{"rendered":"<p><strong>Perlemor Home &#8211; Eine rosafarbene Designervase.<br \/>\n<\/strong>MATERIAL: Hochwertiges Porzellan.<br \/>\nGR\u00d6\u00dfE: ca. 3500 ml<br \/>\nFARBE: Zartrosa<br \/>\nGARANTIE SP\u00dcLMASCHINENGARANTIE: Nicht<br \/>\nMIKROWELLENKOMPATIBEL: Nicht<br \/>\nREF. ARTIKEL: 1951769200<\/p>\n","protected":false},"featured_media":15410,"template":"","meta":[],"location":[959],"product_brand":[],"product_cat":[1311,2333,1309],"product_tag":[2428,2275,2405],"class_list":{"0":"post-15409","1":"product","2":"type-product","3":"status-publish","4":"has-post-thumbnail","6":"location-0-shop","7":"product_cat-dekoration","8":"product_cat-vase-de","9":"product_cat-villeroy-boch-de","10":"product_tag-muschel","11":"product_tag-rosa","12":"product_tag-vase-de","14":"first","15":"instock","16":"shipping-taxable","17":"purchasable","18":"product-type-simple"},"supplier_id":9071,"supplier_sku":"1951769200","barcode":"4003686420984","atum_controlled":true,"out_stock_date":null,"out_stock_threshold":null,"inheritable":false,"inbound_stock":0,"stock_on_hold":0,"sold_today":0,"sales_last_days":0,"reserved_stock":0,"customer_returns":0,"warehouse_damage":0,"lost_in_post":0,"other_logs":0,"out_stock_days":0,"lost_sales":0,"has_location":true,"update_date":"2025-07-19T06:26:34","atum_locations":[{"id":960,"name":"0 SHOP","slug":"0-shop"}],"atum_stock_status":"instock","restock_status":false,"low_stock_amount":"","sales_update_date":"2025-07-19T06:26:34","calc_backorders":0,"locations":[],"_links":{"self":[{"href":"https:\/\/delices.lu\/de\/wp-json\/wp\/v2\/product\/15409","targetHints":{"allow":["GET"]}}],"collection":[{"href":"https:\/\/delices.lu\/de\/wp-json\/wp\/v2\/product"}],"about":[{"href":"https:\/\/delices.lu\/de\/wp-json\/wp\/v2\/types\/product"}],"wp:featuredmedia":[{"embeddable":true,"href":"https:\/\/delices.lu\/de\/wp-json\/wp\/v2\/media\/15410"}],"wp:attachment":[{"href":"https:\/\/delices.lu\/de\/wp-json\/wp\/v2\/media?parent=15409"}],"wp:term":[{"taxonomy":"location","embeddable":true,"href":"https:\/\/delices.lu\/de\/wp-json\/wp\/v2\/location?post=15409"},{"taxonomy":"product_brand","embeddable":true,"href":"https:\/\/delices.lu\/de\/wp-json\/wp\/v2\/product_brand?post=15409"},{"taxonomy":"product_cat","embeddable":true,"href":"https:\/\/delices.lu\/de\/wp-json\/wp\/v2\/product_cat?post=15409"},{"taxonomy":"product_tag","embeddable":true,"href":"https:\/\/delices.lu\/de\/wp-json\/wp\/v2\/product_tag?post=15409"}],"curies":[{"name":"wp","href":"https:\/\/api.w.org\/{rel}","templated":true}]}}