{"id":15424,"date":"2024-04-10T00:00:37","date_gmt":"2025-03-20T10:50:16","guid":{"rendered":"https:\/\/delices.lu\/produit\/la-boule-white\/"},"modified":"2025-03-20T11:50:16","modified_gmt":"2025-03-20T10:50:16","slug":"la-boule-white","status":"publish","type":"product","link":"https:\/\/delices.lu\/de\/produit\/la-boule-white\/","title":{"rendered":"La Boule White"},"content":{"rendered":"<p><strong>Ein modernes und ikonisches Tafelservice aus wei\u00dfem Porzellan, das alle Blicke auf sich zieht<\/strong><br \/>\nLa Boule White aus wei\u00dfem Porzellan revolutioniert das Tafelservice. Hinter seinem ikonischen Design verbirgt sich ein komplettes siebenteiliges Tafelservice f\u00fcr zwei Personen. Die Teller und Schalen f\u00fcgen sich subtil ineinander, um eine elegante Sph\u00e4re zu schaffen. Das symbolische Design der Iconic Boule White, das tief in der DNA von Villeroy &amp; Boch verwurzelt ist, macht sie zu einem einzigartigen Hochzeitsgeschenk. Wir lieben es, dieses Porzellan-Service zwischen zwei Abendessen auszustellen. So wird er zu einem au\u00dfergew\u00f6hnlichen Objekt f\u00fcr die Innendekoration! Versch\u00f6nern Sie Ihr Zuhause mit dem subtilen Design dieses sch\u00f6nen Tafelservice von Villeroy und Boch. Dieses Porzellangeschirr l\u00e4sst sich in eine dekorative Kugel verwandeln, mit der Sie Ihre G\u00e4ste \u00fcberraschen k\u00f6nnen. Um Ihre Speisen perfekt zu pr\u00e4sentieren, enth\u00e4lt der White Ball zwei hochwertige Universalteller aus Porzellan, zwei Sch\u00fcsseln, zwei tiefe Teller und eine Servierplatte. Versch\u00f6nern Sie Ihren Tisch und Ihr Zuhause mit einem subtilen Design.<\/p>\n<p>Das Set besteht aus :<\/p>\n<p>2x Sch\u00fcssel, 620ml<br \/>\n2x Sch\u00e4lchen, 500ml<br \/>\n2x Universalteller, 24cm<br \/>\n1x Servierteller, 23.9cm<\/p>\n","protected":false},"excerpt":{"rendered":"<p><strong>La Boule White &#8211; 7-teiliges Tafelservice<\/strong><br \/>\nMaterial: Premium Porcelain<br \/>\nGewicht: ca. 4.14 kg<br \/>\ngarantiert sp\u00fclmaschinenfest<br \/>\nmikrowellengeeignet<br \/>\nGeschenkverpackung: kostenlos, auf Anfrage<br \/>\nRef. Artikel: 1016659080<\/p>\n","protected":false},"featured_media":15425,"template":"","meta":[],"location":[959],"product_brand":[],"product_cat":[1354,1311,2429,1309],"product_tag":[743,2430,2431,2435],"class_list":{"0":"post-15424","1":"product","2":"type-product","3":"status-publish","4":"has-post-thumbnail","6":"location-0-shop","7":"product_cat-art-de-la-table-de","8":"product_cat-dekoration","9":"product_cat-die-kugel","10":"product_cat-villeroy-boch-de","11":"product_tag-decoration-de","12":"product_tag-die-kugel","13":"product_tag-tischservice","14":"product_tag-weis-de-2","16":"first","17":"instock","18":"sold-individually","19":"shipping-taxable","20":"purchasable","21":"product-type-simple"},"supplier_id":9071,"supplier_sku":"1016659080","barcode":"4003686388338","atum_controlled":true,"out_stock_date":null,"out_stock_threshold":null,"inheritable":false,"inbound_stock":0,"stock_on_hold":0,"sold_today":0,"sales_last_days":0,"reserved_stock":0,"customer_returns":0,"warehouse_damage":0,"lost_in_post":0,"other_logs":0,"out_stock_days":0,"lost_sales":0,"has_location":false,"update_date":"2025-07-19T06:26:31","atum_locations":[{"id":960,"name":"0 SHOP","slug":"0-shop"}],"atum_stock_status":"instock","restock_status":false,"low_stock_amount":"","sales_update_date":"2025-07-19T06:26:31","calc_backorders":0,"locations":[],"_links":{"self":[{"href":"https:\/\/delices.lu\/de\/wp-json\/wp\/v2\/product\/15424","targetHints":{"allow":["GET"]}}],"collection":[{"href":"https:\/\/delices.lu\/de\/wp-json\/wp\/v2\/product"}],"about":[{"href":"https:\/\/delices.lu\/de\/wp-json\/wp\/v2\/types\/product"}],"wp:featuredmedia":[{"embeddable":true,"href":"https:\/\/delices.lu\/de\/wp-json\/wp\/v2\/media\/15425"}],"wp:attachment":[{"href":"https:\/\/delices.lu\/de\/wp-json\/wp\/v2\/media?parent=15424"}],"wp:term":[{"taxonomy":"location","embeddable":true,"href":"https:\/\/delices.lu\/de\/wp-json\/wp\/v2\/location?post=15424"},{"taxonomy":"product_brand","embeddable":true,"href":"https:\/\/delices.lu\/de\/wp-json\/wp\/v2\/product_brand?post=15424"},{"taxonomy":"product_cat","embeddable":true,"href":"https:\/\/delices.lu\/de\/wp-json\/wp\/v2\/product_cat?post=15424"},{"taxonomy":"product_tag","embeddable":true,"href":"https:\/\/delices.lu\/de\/wp-json\/wp\/v2\/product_tag?post=15424"}],"curies":[{"name":"wp","href":"https:\/\/api.w.org\/{rel}","templated":true}]}}