{"id":15434,"date":"2024-04-07T00:00:32","date_gmt":"2025-03-20T10:50:16","guid":{"rendered":"https:\/\/delices.lu\/produit\/fischtopf-35-x-24-cm-bbq\/"},"modified":"2025-03-20T11:50:16","modified_gmt":"2025-03-20T10:50:16","slug":"fischtopf-35-x-24-cm-bbq","status":"publish","type":"product","link":"https:\/\/delices.lu\/de\/produit\/fischtopf-35-x-24-cm-bbq\/","title":{"rendered":"Fischtopf 35 x 24 cm BBQ"},"content":{"rendered":"","protected":false},"excerpt":{"rendered":"<p>AMT Gastroguss Fischdose.<br \/>\nMaterial: Handgeformtes Aluminium.<br \/>\nMa\u00dfe: 35 cm x 24 cm x 5 cm.<br \/>\n<strong>Abnehmbarer Griff <\/strong>: 21 cm.<br \/>\nHerd: <strong>Induktion<\/strong> + Gas, Elektrizit\u00e4t, Keramik, Halogen.<br \/>\n&#8211; Aus dem Vollen geformte Gewindemuffe f\u00fcr eine dauerhafte Befestigung der Griffe.<br \/>\n&#8211; Besonders dicker Boden (8 bis 10 mm) f\u00fcr eine optimale W\u00e4rmeleitung und W\u00e4rmespeicherung.<br \/>\n&#8211; &#8211; Besonders dicker Boden (8 bis 10 mm) f\u00fcr eine optimale W\u00e4rmeleitung und W\u00e4rmespeicherung. Perfekt flacher und geh\u00e4rteter Au\u00dfenboden f\u00fcr einen optimalen Kontakt mit dem Kochfeld.<br \/>\n&#8211; Die von AMT Gastroguss entwickelte Lotan\u00ae-Beschichtung erm\u00f6glicht fettfreies Kochen und vereinfacht die Reinigung.<br \/>\n&#8211; Verst\u00e4rkter Ausguss.<br \/>\n&#8211; AMT Gastroguss ist offizieller Ausr\u00fcster der Nationalmannschaft der Gastronomiek\u00f6che.<br \/>\n&#8211; Made in Germany.<\/p>\n","protected":false},"featured_media":15435,"template":"","meta":[],"location":[959,1194],"product_brand":[],"product_cat":[2197,2147,2154,2157,2436],"product_tag":[2198,2212,2158,2437],"class_list":{"0":"post-15434","1":"product","2":"type-product","3":"status-publish","4":"has-post-thumbnail","6":"location-0-shop","7":"location-p243","8":"product_cat-abnehmbarer-griff","9":"product_cat-amt-gastroguss-de","10":"product_cat-bratpfanne","11":"product_cat-induktion","12":"product_cat-poissonniere-de","13":"product_tag-abnehmbarer-griff","14":"product_tag-bbq-de","15":"product_tag-induktion","16":"product_tag-poissonniere-de","18":"first","19":"instock","20":"shipping-taxable","21":"purchasable","22":"product-type-simple"},"supplier_id":9072,"supplier_sku":"I-3524BBQ-Z20B","barcode":"4250194627880","atum_controlled":true,"out_stock_date":null,"out_stock_threshold":null,"inheritable":false,"inbound_stock":0,"stock_on_hold":0,"sold_today":0,"sales_last_days":0,"reserved_stock":0,"customer_returns":0,"warehouse_damage":0,"lost_in_post":0,"other_logs":0,"out_stock_days":0,"lost_sales":0,"has_location":false,"update_date":"2025-07-19T06:26:27","atum_locations":[{"id":960,"name":"0 SHOP","slug":"0-shop"},{"id":1198,"name":"P243","slug":"p243"}],"atum_stock_status":"instock","restock_status":false,"low_stock_amount":"","sales_update_date":"2025-07-19T06:26:27","calc_backorders":0,"locations":[],"_links":{"self":[{"href":"https:\/\/delices.lu\/de\/wp-json\/wp\/v2\/product\/15434","targetHints":{"allow":["GET"]}}],"collection":[{"href":"https:\/\/delices.lu\/de\/wp-json\/wp\/v2\/product"}],"about":[{"href":"https:\/\/delices.lu\/de\/wp-json\/wp\/v2\/types\/product"}],"wp:featuredmedia":[{"embeddable":true,"href":"https:\/\/delices.lu\/de\/wp-json\/wp\/v2\/media\/15435"}],"wp:attachment":[{"href":"https:\/\/delices.lu\/de\/wp-json\/wp\/v2\/media?parent=15434"}],"wp:term":[{"taxonomy":"location","embeddable":true,"href":"https:\/\/delices.lu\/de\/wp-json\/wp\/v2\/location?post=15434"},{"taxonomy":"product_brand","embeddable":true,"href":"https:\/\/delices.lu\/de\/wp-json\/wp\/v2\/product_brand?post=15434"},{"taxonomy":"product_cat","embeddable":true,"href":"https:\/\/delices.lu\/de\/wp-json\/wp\/v2\/product_cat?post=15434"},{"taxonomy":"product_tag","embeddable":true,"href":"https:\/\/delices.lu\/de\/wp-json\/wp\/v2\/product_tag?post=15434"}],"curies":[{"name":"wp","href":"https:\/\/api.w.org\/{rel}","templated":true}]}}