{"id":15436,"date":"2025-09-11T00:00:20","date_gmt":"2025-09-10T22:00:20","guid":{"rendered":"https:\/\/delices.lu\/produit\/rose-garden-wasserkrug-230mm\/"},"modified":"2025-03-20T11:50:17","modified_gmt":"2025-03-20T10:50:17","slug":"rose-garden-wasserkrug-230mm","status":"publish","type":"product","link":"https:\/\/delices.lu\/de\/produit\/rose-garden-wasserkrug-230mm\/","title":{"rendered":"Rose Garden, Wasserkrug, 230mm"},"content":{"rendered":"<p><strong>Zum Servieren verschiedener Getr\u00e4nke<\/strong><br \/>\nDie Kristallgl\u00e4ser von Rose Garden sind \u00fcberall dort zu Hause, wo sich romantischer Lebensstil und Designliebhaber begegnen. Mit ihrem Glanz und den sch\u00f6nen Brechungen tr\u00e4gt diese Glasform zu einer gediegenen Atmosph\u00e4re auf dem Tisch bei. Dieses aufeinander abgestimmte Sortiment ist robust, sp\u00fclmaschinenfest und verleiht jedem Getr\u00e4nk einen Hauch von Luxus. Dieser Rose Garden Krug mit einem Fassungsverm\u00f6gen von 1,5 l ist ideal zum Servieren von Wasser, Eistee oder Fruchtsaft. Entdecken Sie die elegante Kollektion Rose Garden<\/p>\n","protected":false},"excerpt":{"rendered":"<p><strong>Rose Garden Wasserspie\u00df 230mm<br \/>\n<\/strong>MATERIAL: kristallklar<br \/>\nDURCHMESSER: ca. 121 mm<br \/>\nGR\u00d6SSE: ca. 1500 ml<br \/>\nFARBE: transparent<br \/>\nGARANTIERT SP\u00dcLMASCHINENGARANTIE: Ja<br \/>\nMIKROWELLENKOMPATIBEL: Nein<br \/>\nREF. ARTIKEL: 1137250400<\/p>\n","protected":false},"featured_media":15438,"template":"","meta":[],"location":[959],"product_brand":[],"product_cat":[1354,1309],"product_tag":[2438],"class_list":{"0":"post-15436","1":"product","2":"type-product","3":"status-publish","4":"has-post-thumbnail","6":"location-0-shop","7":"product_cat-art-de-la-table-de","8":"product_cat-villeroy-boch-de","9":"product_tag-wasserkrug","11":"first","12":"instock","13":"shipping-taxable","14":"purchasable","15":"product-type-simple"},"supplier_id":9071,"supplier_sku":"1137250400","barcode":"4003686420366","atum_controlled":true,"out_stock_date":null,"out_stock_threshold":null,"inheritable":false,"inbound_stock":0,"stock_on_hold":0,"sold_today":0,"sales_last_days":0,"reserved_stock":0,"customer_returns":0,"warehouse_damage":0,"lost_in_post":0,"other_logs":0,"out_stock_days":0,"lost_sales":0,"has_location":false,"update_date":"2025-09-28T05:03:57","atum_locations":[{"id":960,"name":"0 SHOP","slug":"0-shop"}],"atum_stock_status":"instock","restock_status":false,"low_stock_amount":"","sales_update_date":"2025-07-19T06:26:21","calc_backorders":0,"locations":[],"_links":{"self":[{"href":"https:\/\/delices.lu\/de\/wp-json\/wp\/v2\/product\/15436","targetHints":{"allow":["GET"]}}],"collection":[{"href":"https:\/\/delices.lu\/de\/wp-json\/wp\/v2\/product"}],"about":[{"href":"https:\/\/delices.lu\/de\/wp-json\/wp\/v2\/types\/product"}],"wp:featuredmedia":[{"embeddable":true,"href":"https:\/\/delices.lu\/de\/wp-json\/wp\/v2\/media\/15438"}],"wp:attachment":[{"href":"https:\/\/delices.lu\/de\/wp-json\/wp\/v2\/media?parent=15436"}],"wp:term":[{"taxonomy":"location","embeddable":true,"href":"https:\/\/delices.lu\/de\/wp-json\/wp\/v2\/location?post=15436"},{"taxonomy":"product_brand","embeddable":true,"href":"https:\/\/delices.lu\/de\/wp-json\/wp\/v2\/product_brand?post=15436"},{"taxonomy":"product_cat","embeddable":true,"href":"https:\/\/delices.lu\/de\/wp-json\/wp\/v2\/product_cat?post=15436"},{"taxonomy":"product_tag","embeddable":true,"href":"https:\/\/delices.lu\/de\/wp-json\/wp\/v2\/product_tag?post=15436"}],"curies":[{"name":"wp","href":"https:\/\/api.w.org\/{rel}","templated":true}]}}