{"id":15474,"date":"2025-04-08T00:00:31","date_gmt":"2025-03-20T10:50:44","guid":{"rendered":"https:\/\/delices.lu\/produit\/spring-awakening-dessertschale\/"},"modified":"2025-03-20T11:50:44","modified_gmt":"2025-03-20T10:50:44","slug":"spring-awakening-dessertschale","status":"publish","type":"product","link":"https:\/\/delices.lu\/de\/produit\/spring-awakening-dessertschale\/","title":{"rendered":"Spring Awakening &#8211; Dessertschale"},"content":{"rendered":"<p><strong>Kleine Schale mit einem sch\u00f6nen Fr\u00fchlingsmotiv<\/strong><br \/>\nMit Narzissen, Schneegl\u00f6ckchen und Glockenblumen bringt die Spring Awakening Kollektion den Fr\u00fchling in Ihr Zuhause. Das detailreiche Dekor ist besonders sch\u00f6n zum Sammeln und Verschenken. Die Schale Spring Awakening eignet sich f\u00fcr s\u00fc\u00dfe Leckereien, k\u00f6stliche Beilagen zum Ostermen\u00fc oder raffinierte Desserts. Genie\u00dfen Sie das Osterfest mit Ihren Lieben.   <\/p>\n","protected":false},"excerpt":{"rendered":"<p><strong>Spring Awakening<\/strong> &#8211; <strong>Dessertschale<\/strong><br \/>\ngelb, 150 ml,aus Premium Porcelain<br \/>\nFarbe: yellow green<br \/>\nKollektion: Spring Awakening<br \/>\nMaterial: Premium Porcelain<br \/>\nPflegehinweis: Handw\u00e4sche empfohlen<br \/>\nMikrowellengeeignet: Ja<br \/>\nH\u00f6he: 37 mm<br \/>\nVolumen: 150 ml<br \/>\nArtikelnummer: 1486383872 <\/p>\n","protected":false},"featured_media":15475,"template":"","meta":[],"location":[959,1209],"product_brand":[],"product_cat":[1354,1355,1356,740,1310,1357,1309],"product_tag":[1359,1358,1360,1361],"class_list":{"0":"post-15474","1":"product","2":"type-product","3":"status-publish","4":"has-post-thumbnail","6":"location-0-shop","7":"location-0-sous-sol","8":"product_cat-art-de-la-table-de","9":"product_cat-bol-de","10":"product_cat-coupe-de","11":"product_cat-fruehling","12":"product_cat-ostern","13":"product_cat-spring-awakening-de","14":"product_cat-villeroy-boch-de","15":"product_tag-bol-de","16":"product_tag-coupe-de","17":"product_tag-decors-de-paques-de","18":"product_tag-printemps-de","20":"first","21":"instock","22":"shipping-taxable","23":"purchasable","24":"product-type-simple"},"supplier_id":9071,"supplier_sku":"1486383872","barcode":"4003686357457","atum_controlled":true,"out_stock_date":null,"out_stock_threshold":0,"inheritable":false,"inbound_stock":0,"stock_on_hold":0,"sold_today":0,"sales_last_days":0,"reserved_stock":null,"customer_returns":null,"warehouse_damage":null,"lost_in_post":null,"other_logs":null,"out_stock_days":0,"lost_sales":0,"has_location":true,"update_date":"2025-07-19T06:26:48","atum_locations":[{"id":960,"name":"0 SHOP","slug":"0-shop"},{"id":1208,"name":"0 SOUS SOL","slug":"sous-sol"}],"atum_stock_status":"instock","restock_status":false,"low_stock_amount":"","sales_update_date":"2025-07-19T06:26:48","calc_backorders":0,"locations":[],"_links":{"self":[{"href":"https:\/\/delices.lu\/de\/wp-json\/wp\/v2\/product\/15474","targetHints":{"allow":["GET"]}}],"collection":[{"href":"https:\/\/delices.lu\/de\/wp-json\/wp\/v2\/product"}],"about":[{"href":"https:\/\/delices.lu\/de\/wp-json\/wp\/v2\/types\/product"}],"wp:featuredmedia":[{"embeddable":true,"href":"https:\/\/delices.lu\/de\/wp-json\/wp\/v2\/media\/15475"}],"wp:attachment":[{"href":"https:\/\/delices.lu\/de\/wp-json\/wp\/v2\/media?parent=15474"}],"wp:term":[{"taxonomy":"location","embeddable":true,"href":"https:\/\/delices.lu\/de\/wp-json\/wp\/v2\/location?post=15474"},{"taxonomy":"product_brand","embeddable":true,"href":"https:\/\/delices.lu\/de\/wp-json\/wp\/v2\/product_brand?post=15474"},{"taxonomy":"product_cat","embeddable":true,"href":"https:\/\/delices.lu\/de\/wp-json\/wp\/v2\/product_cat?post=15474"},{"taxonomy":"product_tag","embeddable":true,"href":"https:\/\/delices.lu\/de\/wp-json\/wp\/v2\/product_tag?post=15474"}],"curies":[{"name":"wp","href":"https:\/\/api.w.org\/{rel}","templated":true}]}}