{"id":15478,"date":"2024-09-17T00:00:15","date_gmt":"2025-03-20T10:50:45","guid":{"rendered":"https:\/\/delices.lu\/produit\/toys-delight-kaffeeloeffel-6-stueck\/"},"modified":"2025-03-20T11:50:45","modified_gmt":"2025-03-20T10:50:45","slug":"toys-delight-kaffeeloeffel-6-stueck","status":"publish","type":"product","link":"https:\/\/delices.lu\/de\/produit\/toys-delight-kaffeeloeffel-6-stueck\/","title":{"rendered":"Toy&#8217;s Delight &#8211; Kaffeel\u00f6ffel &#8211; 6 St\u00fcck"},"content":{"rendered":"<p><strong>Kaffeel\u00f6ffelset mit zarten Weihnachtsspielzeugmotiven<\/strong><br \/>\nDie Toy&#8217;s Delight Kollektion bringt eine Retro-Weihnachtsstimmung in Ihr Zuhause. Diese Kollektion ist mit zarten und fantasievollen Spielzeugmotiven dekoriert, die Kindheitserinnerungen wecken. Zum Kombinieren, Sammeln und Verschenken. Dieses 6-teilige Besteckset mit liebevoll gravierten Spielzeugmotiven erg\u00e4nzt die Toy&#8217;s Delight Geschirrkollektion auf elegante Weise und l\u00e4sst die gedeckte Kaffeetafel festlich erstrahlen. Holen Sie sich jetzt diese fr\u00f6hliche Weihnachtskollektion!    <\/p>\n","protected":false},"excerpt":{"rendered":"<p>Material: Edelstahl<br \/>\nFarbe: Silber\/Platin<br \/>\nsp\u00fclmaschinenfest: Ja<br \/>\nmikrowellengeeignet: Nein<br \/>\nArtikel Referenz: 1265649550 <\/p>\n","protected":false},"featured_media":15479,"template":"","meta":[],"location":[959],"product_brand":[],"product_cat":[1354,2324,2451,2450,1309,2230],"product_tag":[2453,2452,2233],"class_list":{"0":"post-15478","1":"product","2":"type-product","3":"status-publish","4":"has-post-thumbnail","6":"location-0-shop","7":"product_cat-art-de-la-table-de","8":"product_cat-gedeckt","9":"product_cat-neuheiten","10":"product_cat-toys-delight-de","11":"product_cat-villeroy-boch-de","12":"product_cat-weihnachten","13":"product_tag-6-teiliges-set","14":"product_tag-loffel","15":"product_tag-weihnachtsdekorationen","17":"first","18":"instock","19":"shipping-taxable","20":"purchasable","21":"product-type-simple"},"supplier_id":9071,"supplier_sku":"1265649550","barcode":"4003686439429","atum_controlled":true,"out_stock_date":null,"out_stock_threshold":null,"inheritable":false,"inbound_stock":null,"stock_on_hold":0,"sold_today":0,"sales_last_days":0,"reserved_stock":null,"customer_returns":null,"warehouse_damage":null,"lost_in_post":null,"other_logs":null,"out_stock_days":0,"lost_sales":0,"has_location":true,"update_date":"2025-07-19T06:26:45","atum_locations":[{"id":960,"name":"0 SHOP","slug":"0-shop"}],"atum_stock_status":"instock","restock_status":false,"low_stock_amount":"","sales_update_date":"2025-07-19T06:26:45","calc_backorders":0,"locations":[],"_links":{"self":[{"href":"https:\/\/delices.lu\/de\/wp-json\/wp\/v2\/product\/15478","targetHints":{"allow":["GET"]}}],"collection":[{"href":"https:\/\/delices.lu\/de\/wp-json\/wp\/v2\/product"}],"about":[{"href":"https:\/\/delices.lu\/de\/wp-json\/wp\/v2\/types\/product"}],"wp:featuredmedia":[{"embeddable":true,"href":"https:\/\/delices.lu\/de\/wp-json\/wp\/v2\/media\/15479"}],"wp:attachment":[{"href":"https:\/\/delices.lu\/de\/wp-json\/wp\/v2\/media?parent=15478"}],"wp:term":[{"taxonomy":"location","embeddable":true,"href":"https:\/\/delices.lu\/de\/wp-json\/wp\/v2\/location?post=15478"},{"taxonomy":"product_brand","embeddable":true,"href":"https:\/\/delices.lu\/de\/wp-json\/wp\/v2\/product_brand?post=15478"},{"taxonomy":"product_cat","embeddable":true,"href":"https:\/\/delices.lu\/de\/wp-json\/wp\/v2\/product_cat?post=15478"},{"taxonomy":"product_tag","embeddable":true,"href":"https:\/\/delices.lu\/de\/wp-json\/wp\/v2\/product_tag?post=15478"}],"curies":[{"name":"wp","href":"https:\/\/api.w.org\/{rel}","templated":true}]}}