{"id":15499,"date":"2024-10-20T00:00:29","date_gmt":"2025-03-20T10:50:47","guid":{"rendered":"https:\/\/delices.lu\/produit\/toys-delight-royal-classic-set-von-12-stueck\/"},"modified":"2025-03-20T11:50:47","modified_gmt":"2025-03-20T10:50:47","slug":"toys-delight-royal-classic-set-von-12-stueck","status":"publish","type":"product","link":"https:\/\/delices.lu\/de\/produit\/toys-delight-royal-classic-set-von-12-stueck\/","title":{"rendered":"Toy&#8217;s Delight Royal Classic &#8211; Set von 12 St\u00fcck"},"content":{"rendered":"<p><strong>Weihnachtliche Eleganz<br \/>\n<\/strong>Die Toy&#8217;s Delight Royal Classic Kollektion ist von der Form von Retro-Papptellern inspiriert und mit einem Relief aus hochwertigem Porzellan verziert. Das Relief ist mit typischen Motiven von Spielzeug aus dem Erzgebirge verziert. Diese reinwei\u00dfe Kollektion l\u00e4sst sich wunderbar mit den weihnachtlichen Toy&#8217;s Delight St\u00fccken kombinieren. Das dekorative Porzellan eignet sich hervorragend f\u00fcr den Weihnachtsbrunch oder die festliche Weihnachtstafel. Bringen Sie die weihnachtliche Stimmung auf Ihren Tisch.    <\/p>\n","protected":false},"excerpt":{"rendered":"<p><strong>Toy&#8217;s Delight Royal Classic<\/strong><br \/>\n<strong>12-teiliges Set &#8211; Teller<\/strong><br \/>\nMaterial: Premium Porcelain<br \/>\nWei\u00df und Festtagsreliefs<br \/>\nSp\u00fclmaschinen- und mikrowellengeeignet<br \/>\nArtikelreferenz: 1486588816 <\/p>\n","protected":false},"featured_media":15501,"template":"","meta":[],"location":[959],"product_brand":[],"product_cat":[1354,2231,1309,2230,2448],"product_tag":[2279,2248,2461,2166],"class_list":{"0":"post-15499","1":"product","2":"type-product","3":"status-publish","4":"has-post-thumbnail","6":"location-0-shop","7":"product_cat-art-de-la-table-de","8":"product_cat-teller","9":"product_cat-villeroy-boch-de","10":"product_cat-weihnachten","11":"product_cat-winter","12":"product_tag-12-teiliges-set","13":"product_tag-teller","14":"product_tag-weihnachtsrelief","15":"product_tag-weis","17":"first","18":"instock","19":"shipping-taxable","20":"purchasable","21":"product-type-simple"},"supplier_id":9071,"supplier_sku":"1486588816","barcode":"4003686445505","atum_controlled":true,"out_stock_date":null,"out_stock_threshold":null,"inheritable":false,"inbound_stock":0,"stock_on_hold":0,"sold_today":0,"sales_last_days":0,"reserved_stock":null,"customer_returns":null,"warehouse_damage":null,"lost_in_post":null,"other_logs":null,"out_stock_days":0,"lost_sales":0,"has_location":true,"update_date":"2025-07-19T06:26:35","atum_locations":[{"id":960,"name":"0 SHOP","slug":"0-shop"}],"atum_stock_status":"instock","restock_status":false,"low_stock_amount":"","sales_update_date":"2025-07-19T06:26:35","calc_backorders":0,"locations":[],"_links":{"self":[{"href":"https:\/\/delices.lu\/de\/wp-json\/wp\/v2\/product\/15499","targetHints":{"allow":["GET"]}}],"collection":[{"href":"https:\/\/delices.lu\/de\/wp-json\/wp\/v2\/product"}],"about":[{"href":"https:\/\/delices.lu\/de\/wp-json\/wp\/v2\/types\/product"}],"wp:featuredmedia":[{"embeddable":true,"href":"https:\/\/delices.lu\/de\/wp-json\/wp\/v2\/media\/15501"}],"wp:attachment":[{"href":"https:\/\/delices.lu\/de\/wp-json\/wp\/v2\/media?parent=15499"}],"wp:term":[{"taxonomy":"location","embeddable":true,"href":"https:\/\/delices.lu\/de\/wp-json\/wp\/v2\/location?post=15499"},{"taxonomy":"product_brand","embeddable":true,"href":"https:\/\/delices.lu\/de\/wp-json\/wp\/v2\/product_brand?post=15499"},{"taxonomy":"product_cat","embeddable":true,"href":"https:\/\/delices.lu\/de\/wp-json\/wp\/v2\/product_cat?post=15499"},{"taxonomy":"product_tag","embeddable":true,"href":"https:\/\/delices.lu\/de\/wp-json\/wp\/v2\/product_tag?post=15499"}],"curies":[{"name":"wp","href":"https:\/\/api.w.org\/{rel}","templated":true}]}}