{"id":15521,"date":"2024-08-24T00:00:28","date_gmt":"2025-03-20T10:50:56","guid":{"rendered":"https:\/\/delices.lu\/produit\/toys-delight-royal-classic-schale-klein\/"},"modified":"2025-03-20T11:50:56","modified_gmt":"2025-03-20T10:50:56","slug":"toys-delight-royal-classic-schale-klein","status":"publish","type":"product","link":"https:\/\/delices.lu\/de\/produit\/toys-delight-royal-classic-schale-klein\/","title":{"rendered":"Toy&#8217;s Delight Royal Classic &#8211; Schale, klein"},"content":{"rendered":"<p><strong>Weihnachtsschale f\u00fcr S\u00fc\u00dfes und Snacks<\/strong><br \/>\nDie Kollektion Toy&#8217;s Delight Royal Classic ist von der Form von Papptellern im Retro-Stil inspiriert und mit einem Relief aus hochwertigem Porzellan verziert. Das Relief ist mit typischen Motiven von Spielzeug aus dem Erzgebirge verziert. Diese reinwei\u00dfe Kollektion l\u00e4sst sich wunderbar mit den weihnachtlichen Toy&#8217;s Delight St\u00fccken kombinieren. Diese kleine Schale eignet sich f\u00fcr Kuchen, Obst, N\u00fcsse oder Kekse. Schaffen Sie eine festliche Gem\u00fctlichkeit f\u00fcr Ihr Zuhause.    <\/p>\n","protected":false},"excerpt":{"rendered":"<p><strong>Toy&#8217;s Delight Royal Classic  <\/strong><br \/>\n<strong>Schale, kleine<\/strong><br \/>\nMaterial: Premium Porcelain<br \/>\nDurchmesser: 160 mm<br \/>\nWei\u00df und festliche Reliefs<br \/>\nMikrowellen- und sp\u00fclmaschinengeeignet<br \/>\nArtikelreferenz 1486583690 <\/p>\n","protected":false},"featured_media":15522,"template":"","meta":[],"location":[927],"product_brand":[],"product_cat":[1354,1356,1309,2230,2448],"product_tag":[1358,2466,2248,2461,2166],"class_list":{"0":"post-15521","1":"product","2":"type-product","3":"status-publish","4":"has-post-thumbnail","6":"location-20-3","7":"product_cat-art-de-la-table-de","8":"product_cat-coupe-de","9":"product_cat-villeroy-boch-de","10":"product_cat-weihnachten","11":"product_cat-winter","12":"product_tag-coupe-de","13":"product_tag-kleiner-becher","14":"product_tag-teller","15":"product_tag-weihnachtsrelief","16":"product_tag-weis","18":"first","19":"instock","20":"shipping-taxable","21":"purchasable","22":"product-type-simple"},"supplier_id":9071,"supplier_sku":"1486583690","barcode":"4003686328686","atum_controlled":true,"out_stock_date":null,"out_stock_threshold":null,"inheritable":false,"inbound_stock":0,"stock_on_hold":0,"sold_today":0,"sales_last_days":0,"reserved_stock":null,"customer_returns":null,"warehouse_damage":null,"lost_in_post":null,"other_logs":null,"out_stock_days":0,"lost_sales":0,"has_location":false,"update_date":"2025-07-19T06:26:30","atum_locations":[{"id":935,"name":"203","slug":"203"}],"atum_stock_status":"instock","restock_status":false,"low_stock_amount":"","sales_update_date":"2025-07-19T06:26:30","calc_backorders":0,"locations":[],"_links":{"self":[{"href":"https:\/\/delices.lu\/de\/wp-json\/wp\/v2\/product\/15521","targetHints":{"allow":["GET"]}}],"collection":[{"href":"https:\/\/delices.lu\/de\/wp-json\/wp\/v2\/product"}],"about":[{"href":"https:\/\/delices.lu\/de\/wp-json\/wp\/v2\/types\/product"}],"wp:featuredmedia":[{"embeddable":true,"href":"https:\/\/delices.lu\/de\/wp-json\/wp\/v2\/media\/15522"}],"wp:attachment":[{"href":"https:\/\/delices.lu\/de\/wp-json\/wp\/v2\/media?parent=15521"}],"wp:term":[{"taxonomy":"location","embeddable":true,"href":"https:\/\/delices.lu\/de\/wp-json\/wp\/v2\/location?post=15521"},{"taxonomy":"product_brand","embeddable":true,"href":"https:\/\/delices.lu\/de\/wp-json\/wp\/v2\/product_brand?post=15521"},{"taxonomy":"product_cat","embeddable":true,"href":"https:\/\/delices.lu\/de\/wp-json\/wp\/v2\/product_cat?post=15521"},{"taxonomy":"product_tag","embeddable":true,"href":"https:\/\/delices.lu\/de\/wp-json\/wp\/v2\/product_tag?post=15521"}],"curies":[{"name":"wp","href":"https:\/\/api.w.org\/{rel}","templated":true}]}}