{"id":15527,"date":"2024-08-24T00:00:28","date_gmt":"2025-03-20T10:50:57","guid":{"rendered":"https:\/\/delices.lu\/produit\/toys-delight-royal-classic-dessertteller\/"},"modified":"2025-03-20T11:50:57","modified_gmt":"2025-03-20T10:50:57","slug":"toys-delight-royal-classic-dessertteller","status":"publish","type":"product","link":"https:\/\/delices.lu\/de\/produit\/toys-delight-royal-classic-dessertteller\/","title":{"rendered":"Toy&#8217;s Delight Royal Classic &#8211; Dessertteller"},"content":{"rendered":"<p><strong>Zum Fr\u00fchst\u00fcck, Brunch oder Nachmittagskaffee<\/strong><br \/>\nDie Kollektion Toy&#8217;s Delight Royal Classic ist von der Form von Retro-Papptellern inspiriert und mit einem Relief aus hochwertigem Porzellan verziert. Das Relief ist mit typischen Motiven von Spielzeug aus dem Erzgebirge verziert. Diese reinwei\u00dfe Kollektion passt hervorragend zu den weihnachtlichen Toy&#8217;s Delight St\u00fccken. Dieser dekorative Teller eignet sich perfekt f\u00fcr einen Weihnachtsbrunch oder einen Nachmittagskaffee und sorgt f\u00fcr eine ruhige und gem\u00fctliche Atmosph\u00e4re auf dem Tisch. Bringen Sie Weihnachtsstimmung auf Ihren Tisch.    <\/p>\n","protected":false},"excerpt":{"rendered":"<p><strong>Toy&#8217;s Delight Royal Classic  <\/strong><br \/>\n<strong>Dessertteller<\/strong><br \/>\nMaterial: Premium Porcelain<br \/>\nDurchmesser: 230 mm<br \/>\nWei\u00df und festliche Reliefs<br \/>\nMikrowellen- und sp\u00fclmaschinengeeignet<br \/>\nArtikelreferenz 1486582640 <\/p>\n","protected":false},"featured_media":15528,"template":"","meta":[],"location":[928],"product_brand":[],"product_cat":[1354,2231,1309,2230,2448],"product_tag":[2250,2248,2461,2166],"class_list":{"0":"post-15527","1":"product","2":"type-product","3":"status-publish","4":"has-post-thumbnail","6":"location-20-4","7":"product_cat-art-de-la-table-de","8":"product_cat-teller","9":"product_cat-villeroy-boch-de","10":"product_cat-weihnachten","11":"product_cat-winter","12":"product_tag-dessertteller","13":"product_tag-teller","14":"product_tag-weihnachtsrelief","15":"product_tag-weis","17":"first","18":"instock","19":"shipping-taxable","20":"purchasable","21":"product-type-simple"},"supplier_id":9071,"supplier_sku":"1486582640","barcode":"4003686328297","atum_controlled":true,"out_stock_date":null,"out_stock_threshold":null,"inheritable":false,"inbound_stock":0,"stock_on_hold":0,"sold_today":0,"sales_last_days":0,"reserved_stock":null,"customer_returns":null,"warehouse_damage":null,"lost_in_post":null,"other_logs":null,"out_stock_days":0,"lost_sales":0,"has_location":false,"update_date":"2025-07-19T06:26:30","atum_locations":[{"id":787,"name":"204","slug":"204"}],"atum_stock_status":"instock","restock_status":false,"low_stock_amount":"","sales_update_date":"2025-07-19T06:26:30","calc_backorders":0,"locations":[],"_links":{"self":[{"href":"https:\/\/delices.lu\/de\/wp-json\/wp\/v2\/product\/15527","targetHints":{"allow":["GET"]}}],"collection":[{"href":"https:\/\/delices.lu\/de\/wp-json\/wp\/v2\/product"}],"about":[{"href":"https:\/\/delices.lu\/de\/wp-json\/wp\/v2\/types\/product"}],"wp:featuredmedia":[{"embeddable":true,"href":"https:\/\/delices.lu\/de\/wp-json\/wp\/v2\/media\/15528"}],"wp:attachment":[{"href":"https:\/\/delices.lu\/de\/wp-json\/wp\/v2\/media?parent=15527"}],"wp:term":[{"taxonomy":"location","embeddable":true,"href":"https:\/\/delices.lu\/de\/wp-json\/wp\/v2\/location?post=15527"},{"taxonomy":"product_brand","embeddable":true,"href":"https:\/\/delices.lu\/de\/wp-json\/wp\/v2\/product_brand?post=15527"},{"taxonomy":"product_cat","embeddable":true,"href":"https:\/\/delices.lu\/de\/wp-json\/wp\/v2\/product_cat?post=15527"},{"taxonomy":"product_tag","embeddable":true,"href":"https:\/\/delices.lu\/de\/wp-json\/wp\/v2\/product_tag?post=15527"}],"curies":[{"name":"wp","href":"https:\/\/api.w.org\/{rel}","templated":true}]}}