{"id":15534,"date":"2024-06-25T15:26:11","date_gmt":"2025-03-20T10:50:58","guid":{"rendered":"https:\/\/delices.lu\/produit\/kochtopf-%e2%88%85-28-cm-h-15-cm-induktion\/"},"modified":"2025-03-20T11:50:58","modified_gmt":"2025-03-20T10:50:58","slug":"kochtopf-%e2%88%85-28-cm-h-15-cm-induktion","status":"publish","type":"product","link":"https:\/\/delices.lu\/de\/produit\/kochtopf-%e2%88%85-28-cm-h-15-cm-induktion\/","title":{"rendered":"Kochtopf \u2205 28 cm &#8211; h 15 cm &#8211; Induktion"},"content":{"rendered":"","protected":false},"excerpt":{"rendered":"<p>AMT Gastroguss runder Kochtopf.<br \/>\nMaterial: Handgeformtes Aluminium.<br \/>\nDurchmesser: 28 cm &#8211; H\u00f6he: 15 cm<br \/>\n2 seitliche Griffe<br \/>\nHerd: <strong>Induktion<\/strong> + Gas, Elektrizit\u00e4t, Keramik, Halogen.<br \/>\n&#8211; Aus dem Vollen geformte Gewindemuffe f\u00fcr eine dauerhafte Befestigung der Griffe.<br \/>\n&#8211; Besonders dicker Boden (8-10 mm) f\u00fcr eine optimale W\u00e4rmeleitung und -speicherung.<br \/>\n&#8211; Perfekt flacher und geh\u00e4rteter Au\u00dfenboden f\u00fcr einen optimalen Kontakt mit dem Kochfeld.<br \/>\n&#8211; Die von AMT Gastroguss entwickelte Lotan\u00ae-Beschichtung erm\u00f6glicht ein fettfreies Kochen und vereinfacht die Reinigung.<br \/>\n&#8211; AMT Gastrogu\u00df ist der offizielle Lieferant des Nationalteams der Gastronomiek\u00f6che.<br \/>\n&#8211; Made in Germany.<\/p>\n","protected":false},"featured_media":15511,"template":"","meta":[],"location":[959],"product_brand":[],"product_cat":[2147,2157,2258],"product_tag":[2259,2158,2256],"class_list":{"0":"post-15534","1":"product","2":"type-product","3":"status-publish","4":"has-post-thumbnail","6":"location-0-shop","7":"product_cat-amt-gastroguss-de","8":"product_cat-induktion","9":"product_cat-kochtopf","10":"product_tag-2-seitliche-griffe","11":"product_tag-induktion","12":"product_tag-rundschreiben","14":"first","15":"instock","16":"shipping-taxable","17":"purchasable","18":"product-type-simple"},"supplier_id":9072,"supplier_sku":"I-928","barcode":null,"atum_controlled":true,"out_stock_date":null,"out_stock_threshold":null,"inheritable":false,"inbound_stock":0,"stock_on_hold":0,"sold_today":0,"sales_last_days":0,"reserved_stock":null,"customer_returns":null,"warehouse_damage":null,"lost_in_post":null,"other_logs":null,"out_stock_days":0,"lost_sales":0,"has_location":true,"update_date":"2025-07-19T06:26:27","atum_locations":[{"id":960,"name":"0 SHOP","slug":"0-shop"}],"atum_stock_status":"instock","restock_status":false,"low_stock_amount":"","sales_update_date":"2025-07-19T06:26:27","calc_backorders":0,"locations":[],"_links":{"self":[{"href":"https:\/\/delices.lu\/de\/wp-json\/wp\/v2\/product\/15534","targetHints":{"allow":["GET"]}}],"collection":[{"href":"https:\/\/delices.lu\/de\/wp-json\/wp\/v2\/product"}],"about":[{"href":"https:\/\/delices.lu\/de\/wp-json\/wp\/v2\/types\/product"}],"wp:featuredmedia":[{"embeddable":true,"href":"https:\/\/delices.lu\/de\/wp-json\/wp\/v2\/media\/15511"}],"wp:attachment":[{"href":"https:\/\/delices.lu\/de\/wp-json\/wp\/v2\/media?parent=15534"}],"wp:term":[{"taxonomy":"location","embeddable":true,"href":"https:\/\/delices.lu\/de\/wp-json\/wp\/v2\/location?post=15534"},{"taxonomy":"product_brand","embeddable":true,"href":"https:\/\/delices.lu\/de\/wp-json\/wp\/v2\/product_brand?post=15534"},{"taxonomy":"product_cat","embeddable":true,"href":"https:\/\/delices.lu\/de\/wp-json\/wp\/v2\/product_cat?post=15534"},{"taxonomy":"product_tag","embeddable":true,"href":"https:\/\/delices.lu\/de\/wp-json\/wp\/v2\/product_tag?post=15534"}],"curies":[{"name":"wp","href":"https:\/\/api.w.org\/{rel}","templated":true}]}}