{"id":15541,"date":"2024-08-24T00:00:04","date_gmt":"2025-03-20T10:50:58","guid":{"rendered":"https:\/\/delices.lu\/produit\/toys-delight-royal-classic-schuessel\/"},"modified":"2025-03-20T11:50:58","modified_gmt":"2025-03-20T10:50:58","slug":"toys-delight-royal-classic-schuessel","status":"publish","type":"product","link":"https:\/\/delices.lu\/de\/produit\/toys-delight-royal-classic-schuessel\/","title":{"rendered":"Toy&#8217;s Delight Royal Classic &#8211; Sch\u00fcssel"},"content":{"rendered":"<p><strong>F\u00fcr das Fr\u00fchst\u00fcck oder als Dessertschale<\/strong><br \/>\nDie Toy&#8217;s Delight Royal Classic Kollektion ist von der Form der Pappteller im Retro-Stil inspiriert und mit einem Relief aus hochwertigem Porzellan verziert. Das Relief ist mit typischen Motiven von Spielzeug aus dem Erzgebirge verziert. Diese reinwei\u00dfe Kollektion passt perfekt zu den weihnachtlichen Toy&#8217;s Delight St\u00fccken. In dieser Schale k\u00f6nnen Sie festliche K\u00f6stlichkeiten servieren, sei es M\u00fcsli, Kekse f\u00fcr eine Pause oder ein Dessert f\u00fcr das Weihnachtsessen. Lassen Sie sich verzaubern.    <\/p>\n","protected":false},"excerpt":{"rendered":"<p><strong>Toy&#8217;s Delight Royal Classic  <\/strong><br \/>\n<strong>Sch\u00fcssel<\/strong><br \/>\nMaterial: Premium Porcelain<br \/>\nDURCHMESSER: ca. 145 mm<br \/>\nGR\u00d6SSE: ca. 500 ml<br \/>\nWei\u00df und Reliefs<br \/>\nMikrowellen- und sp\u00fclmaschinenfest<br \/>\nArtikelreferenz 1486581900 <\/p>\n","protected":false},"featured_media":15543,"template":"","meta":[],"location":[926],"product_brand":[],"product_cat":[1354,1355,1309,2230,2448],"product_tag":[1359,2461,2166],"class_list":{"0":"post-15541","1":"product","2":"type-product","3":"status-publish","4":"has-post-thumbnail","6":"location-20-2","7":"product_cat-art-de-la-table-de","8":"product_cat-bol-de","9":"product_cat-villeroy-boch-de","10":"product_cat-weihnachten","11":"product_cat-winter","12":"product_tag-bol-de","13":"product_tag-weihnachtsrelief","14":"product_tag-weis","16":"first","17":"instock","18":"shipping-taxable","19":"purchasable","20":"product-type-simple"},"supplier_id":9071,"supplier_sku":"1486581900","barcode":"4003686328655","atum_controlled":true,"out_stock_date":null,"out_stock_threshold":null,"inheritable":false,"inbound_stock":0,"stock_on_hold":0,"sold_today":0,"sales_last_days":0,"reserved_stock":null,"customer_returns":null,"warehouse_damage":null,"lost_in_post":null,"other_logs":null,"out_stock_days":0,"lost_sales":0,"has_location":false,"update_date":"2025-07-19T06:26:28","atum_locations":[{"id":786,"name":"202","slug":"202"}],"atum_stock_status":"instock","restock_status":false,"low_stock_amount":"","sales_update_date":"2025-07-19T06:26:28","calc_backorders":0,"locations":[],"_links":{"self":[{"href":"https:\/\/delices.lu\/de\/wp-json\/wp\/v2\/product\/15541","targetHints":{"allow":["GET"]}}],"collection":[{"href":"https:\/\/delices.lu\/de\/wp-json\/wp\/v2\/product"}],"about":[{"href":"https:\/\/delices.lu\/de\/wp-json\/wp\/v2\/types\/product"}],"wp:featuredmedia":[{"embeddable":true,"href":"https:\/\/delices.lu\/de\/wp-json\/wp\/v2\/media\/15543"}],"wp:attachment":[{"href":"https:\/\/delices.lu\/de\/wp-json\/wp\/v2\/media?parent=15541"}],"wp:term":[{"taxonomy":"location","embeddable":true,"href":"https:\/\/delices.lu\/de\/wp-json\/wp\/v2\/location?post=15541"},{"taxonomy":"product_brand","embeddable":true,"href":"https:\/\/delices.lu\/de\/wp-json\/wp\/v2\/product_brand?post=15541"},{"taxonomy":"product_cat","embeddable":true,"href":"https:\/\/delices.lu\/de\/wp-json\/wp\/v2\/product_cat?post=15541"},{"taxonomy":"product_tag","embeddable":true,"href":"https:\/\/delices.lu\/de\/wp-json\/wp\/v2\/product_tag?post=15541"}],"curies":[{"name":"wp","href":"https:\/\/api.w.org\/{rel}","templated":true}]}}