{"id":15548,"date":"2024-07-24T00:00:04","date_gmt":"2025-03-20T10:51:07","guid":{"rendered":"https:\/\/delices.lu\/produit\/toys-delight-longdrinkglas-2-stueck\/"},"modified":"2025-03-20T11:51:07","modified_gmt":"2025-03-20T10:51:07","slug":"toys-delight-longdrinkglas-2-stueck","status":"publish","type":"product","link":"https:\/\/delices.lu\/de\/produit\/toys-delight-longdrinkglas-2-stueck\/","title":{"rendered":"Toy&#8217;s Delight &#8211; Longdrinkglas, 2 St\u00fcck"},"content":{"rendered":"<p><strong>Longdrinkglas-Set mit Weihnachtsdekor<\/strong><br \/>\nDie gl\u00e4nzenden Kristallgl\u00e4ser der Kollektion Toy&#8217;s Delight aus dem Hause Villeroy &amp; Boch sind mit bezaubernden Spielzeugmotiven aus dem Erzgebirge verziert und eignen sich sowohl zum Sammeln als auch zum Verschenken an Verwandte. Mit seiner originellen Form und der hochwertigen Dekoration ist dieses zweiteilige Longdrinkglas-Set perfekt f\u00fcr das Servieren von Weihnachtscocktails, Mocktails und anderen erfrischenden Getr\u00e4nken. Holen Sie sich die originellen St\u00fccke und genie\u00dfen Sie auf festliche Weise.  <\/p>\n","protected":false},"excerpt":{"rendered":"<p><strong>Toy&#8217;s Delight<br \/>\nLongdrinkglas<\/strong><br \/>\n<strong>Set 2 Stk<\/strong>. <strong><br \/>\n MATERIAL: Kristallglas<\/strong><br \/>\nDURCHMESSER: ca. 70 mm<br \/>\nGR\u00d6SSE: ca. 330 ml<br \/>\nFARBE: transparent<br \/>\nGARANTIERT SP\u00dcLMASCHINENGARANTIE:Ja<br \/>\nMIKROWELLENKOMPATIBEL: Nein<br \/>\nREF. ARTIKEL: 1137768260 <\/p>\n","protected":false},"featured_media":15551,"template":"","meta":[],"location":[959,883],"product_brand":[],"product_cat":[1354,2359,1309,2230,2448],"product_tag":[2211,2468,2362,2233],"class_list":{"0":"post-15548","1":"product","2":"type-product","3":"status-publish","4":"has-post-thumbnail","6":"location-0-shop","7":"location-10-4","8":"product_cat-art-de-la-table-de","9":"product_cat-glas","10":"product_cat-villeroy-boch-de","11":"product_cat-weihnachten","12":"product_cat-winter","13":"product_tag-glas","14":"product_tag-longdrinkglas","15":"product_tag-set-aus-2-glasern","16":"product_tag-weihnachtsdekorationen","18":"first","19":"instock","20":"shipping-taxable","21":"purchasable","22":"product-type-simple"},"supplier_id":9071,"supplier_sku":"1137768260","barcode":"4003686427464","atum_controlled":true,"out_stock_date":null,"out_stock_threshold":null,"inheritable":false,"inbound_stock":0,"stock_on_hold":0,"sold_today":0,"sales_last_days":0,"reserved_stock":null,"customer_returns":null,"warehouse_damage":null,"lost_in_post":null,"other_logs":null,"out_stock_days":0,"lost_sales":0,"has_location":true,"update_date":"2025-07-19T06:26:35","atum_locations":[{"id":960,"name":"0 SHOP","slug":"0-shop"},{"id":837,"name":"104","slug":"104"}],"atum_stock_status":"instock","restock_status":false,"low_stock_amount":"","sales_update_date":"2025-07-19T06:26:35","calc_backorders":0,"locations":[],"_links":{"self":[{"href":"https:\/\/delices.lu\/de\/wp-json\/wp\/v2\/product\/15548","targetHints":{"allow":["GET"]}}],"collection":[{"href":"https:\/\/delices.lu\/de\/wp-json\/wp\/v2\/product"}],"about":[{"href":"https:\/\/delices.lu\/de\/wp-json\/wp\/v2\/types\/product"}],"wp:featuredmedia":[{"embeddable":true,"href":"https:\/\/delices.lu\/de\/wp-json\/wp\/v2\/media\/15551"}],"wp:attachment":[{"href":"https:\/\/delices.lu\/de\/wp-json\/wp\/v2\/media?parent=15548"}],"wp:term":[{"taxonomy":"location","embeddable":true,"href":"https:\/\/delices.lu\/de\/wp-json\/wp\/v2\/location?post=15548"},{"taxonomy":"product_brand","embeddable":true,"href":"https:\/\/delices.lu\/de\/wp-json\/wp\/v2\/product_brand?post=15548"},{"taxonomy":"product_cat","embeddable":true,"href":"https:\/\/delices.lu\/de\/wp-json\/wp\/v2\/product_cat?post=15548"},{"taxonomy":"product_tag","embeddable":true,"href":"https:\/\/delices.lu\/de\/wp-json\/wp\/v2\/product_tag?post=15548"}],"curies":[{"name":"wp","href":"https:\/\/api.w.org\/{rel}","templated":true}]}}