{"id":15558,"date":"2024-08-24T00:00:40","date_gmt":"2025-03-20T10:51:08","guid":{"rendered":"https:\/\/delices.lu\/produit\/winter-glow-set-bestehend-aus-zwei-wasserglaesern\/"},"modified":"2025-03-20T11:51:08","modified_gmt":"2025-03-20T10:51:08","slug":"winter-glow-set-bestehend-aus-zwei-wasserglaesern","status":"publish","type":"product","link":"https:\/\/delices.lu\/de\/produit\/winter-glow-set-bestehend-aus-zwei-wasserglaesern\/","title":{"rendered":"Winter Glow &#8211; Set bestehend aus zwei Wassergl\u00e4sern"},"content":{"rendered":"<p><strong>Set aus zwei vielseitigen Wassergl\u00e4sern<\/strong><br \/>\nZwischen Weihnachten und Neujahr werden die letzten Wochen des Jahres festlich! Diese besondere Zeit verdient auch ein entsprechendes Geschirr. Diese funkelnden Gl\u00e4ser werden Ihre festlichen Mahlzeiten versch\u00f6nern. Und genau das ist es, was das Winter Glow Geschirr ausmacht: Es bringt Ihre Speisen zur Geltung und verleiht Ihrem Silvesterabend eine m\u00e4rchenhafte Note! Versetzen Sie Ihre G\u00e4ste mit glitzernden Gl\u00e4sern, Schalen und Tellern im Schnee-Look in Erstaunen. Vergessen Sie nicht einige Windlichter, einen Adventskranz als Kerzenhalter und Weihnachtsschmuck am Baum! Diese h\u00fcbschen, transparenten Gl\u00e4ser mit Sternenmotiven werden zu Design-Gl\u00e4sern f\u00fcr den Aperitif an Heiligabend. Wahrscheinlich werden Sie diese Gl\u00e4ser auch f\u00fcr den Neujahrsempfang verwenden wollen&#8230; Kreieren Sie jetzt skandinavische Winterlooks f\u00fcr Ihr Zuhause.       <\/p>\n","protected":false},"excerpt":{"rendered":"<p>MATERIAL: Glas<br \/>\nDURCHMESSER: ca. 86 mm<br \/>\nGR\u00d6SSE: ca. 200 ml<br \/>\nFARBE: grau<br \/>\nGARANTIERT SP\u00dcLMASCHINENGARANTIE: Nicht<br \/>\nMIKROWELLENKOMPATIBEL: Nicht<br \/>\nREF. ARTIKEL: 1486718145 <\/p>\n","protected":false},"featured_media":15562,"template":"","meta":[],"location":[932],"product_brand":[],"product_cat":[2359,1309,2230,2448],"product_tag":[2470,2211,2362,2469],"class_list":{"0":"post-15558","1":"product","2":"type-product","3":"status-publish","4":"has-post-thumbnail","6":"location-21-3","7":"product_cat-glas","8":"product_cat-villeroy-boch-de","9":"product_cat-weihnachten","10":"product_cat-winter","11":"product_tag-festliche-dekorationen","12":"product_tag-glas","13":"product_tag-set-aus-2-glasern","14":"product_tag-winter-glow-de","16":"first","17":"instock","18":"shipping-taxable","19":"purchasable","20":"product-type-simple"},"supplier_id":9071,"supplier_sku":"1486718145","barcode":"4003686430709","atum_controlled":true,"out_stock_date":null,"out_stock_threshold":null,"inheritable":false,"inbound_stock":0,"stock_on_hold":0,"sold_today":0,"sales_last_days":0,"reserved_stock":null,"customer_returns":null,"warehouse_damage":null,"lost_in_post":null,"other_logs":null,"out_stock_days":0,"lost_sales":0,"has_location":false,"update_date":"2025-07-19T06:26:30","atum_locations":[{"id":782,"name":"213","slug":"213"}],"atum_stock_status":"instock","restock_status":false,"low_stock_amount":"","sales_update_date":"2025-07-19T06:26:30","calc_backorders":0,"locations":[],"_links":{"self":[{"href":"https:\/\/delices.lu\/de\/wp-json\/wp\/v2\/product\/15558","targetHints":{"allow":["GET"]}}],"collection":[{"href":"https:\/\/delices.lu\/de\/wp-json\/wp\/v2\/product"}],"about":[{"href":"https:\/\/delices.lu\/de\/wp-json\/wp\/v2\/types\/product"}],"wp:featuredmedia":[{"embeddable":true,"href":"https:\/\/delices.lu\/de\/wp-json\/wp\/v2\/media\/15562"}],"wp:attachment":[{"href":"https:\/\/delices.lu\/de\/wp-json\/wp\/v2\/media?parent=15558"}],"wp:term":[{"taxonomy":"location","embeddable":true,"href":"https:\/\/delices.lu\/de\/wp-json\/wp\/v2\/location?post=15558"},{"taxonomy":"product_brand","embeddable":true,"href":"https:\/\/delices.lu\/de\/wp-json\/wp\/v2\/product_brand?post=15558"},{"taxonomy":"product_cat","embeddable":true,"href":"https:\/\/delices.lu\/de\/wp-json\/wp\/v2\/product_cat?post=15558"},{"taxonomy":"product_tag","embeddable":true,"href":"https:\/\/delices.lu\/de\/wp-json\/wp\/v2\/product_tag?post=15558"}],"curies":[{"name":"wp","href":"https:\/\/api.w.org\/{rel}","templated":true}]}}