{"id":15568,"date":"2024-08-24T00:00:39","date_gmt":"2025-03-20T10:51:09","guid":{"rendered":"https:\/\/delices.lu\/produit\/winter-glow-weihnachtsdekoration-weiss\/"},"modified":"2025-03-20T11:51:09","modified_gmt":"2025-03-20T10:51:09","slug":"winter-glow-weihnachtsdekoration-weiss","status":"publish","type":"product","link":"https:\/\/delices.lu\/de\/produit\/winter-glow-weihnachtsdekoration-weiss\/","title":{"rendered":"Winter Glow &#8211; Weihnachtsdekoration, wei\u00df"},"content":{"rendered":"<p><strong>Eine Weihnachtsdekoration, die den Baum versch\u00f6nert<\/strong><br \/>\nSchlicht und elegant, dieser wei\u00dfe Doppelkegel ist eine originelle Weihnachtsdekoration, die Sie an den Baum h\u00e4ngen k\u00f6nnen. Die Winter Glow Kollektion \u00fcberarbeitet traditionelle Dekorationselemente und bietet Ihnen moderne St\u00fccke in einem nordisch inspirierten Stil. Kennen Sie den Begriff &#8220;Hygge&#8221;? Er beschreibt die skandinavische Lebensart. Diese besteht darin, jeden Moment zu genie\u00dfen und die kleinen Freuden des Lebens in einer kuscheligen Atmosph\u00e4re zu genie\u00dfen. Villeroy &amp; Boch l\u00e4sst sich von dieser Geisteshaltung inspirieren, um ein sanftes und beruhigendes Universum zu schaffen. Entdecken Sie Kerzen, Kerzenhalter, Baumschmuck und Geschirr, die eine gem\u00fctliche Atmosph\u00e4re schaffen. Eine Decke, ein Kaminfeuer, eine hei\u00dfe Schokolade, die in einer gro\u00dfen Porzellantasse serviert wird, oder ein k\u00f6stliches Essen, das mit einem eleganten Tafelservice und einigen Champagnergl\u00e4sern pr\u00e4sentiert wird&#8230; Das sind warme Momente, die man mit der Familie oder mit Freunden teilen kann! Diese sch\u00f6ne Weihnachtsdekoration wird Ihrem Zuhause den letzten Schliff verleihen! Kreieren Sie jetzt skandinavische Winterlooks f\u00fcr Ihr Zuhause.         <\/p>\n","protected":false},"excerpt":{"rendered":"<p>MATERIAL: Hochwertiges Porzellan<br \/>\nDURCHMESSER: ca. 50 mm<br \/>\nFARBE: wei\u00df<br \/>\nGARANTIE SP\u00dcLMASCHINENGARANTIE: Nicht<br \/>\nMIKROWELLENKOMPATIBEL: Nicht<br \/>\nREF. ARTIKEL: 1486714346 <\/p>\n","protected":false},"featured_media":15574,"template":"","meta":[],"location":[931],"product_brand":[],"product_cat":[1311,1309,2230,2448],"product_tag":[743,2471,2166,2469],"class_list":{"0":"post-15568","1":"product","2":"type-product","3":"status-publish","4":"has-post-thumbnail","6":"location-21-2","7":"product_cat-dekoration","8":"product_cat-villeroy-boch-de","9":"product_cat-weihnachten","10":"product_cat-winter","11":"product_tag-decoration-de","12":"product_tag-doppelter-kegel","13":"product_tag-weis","14":"product_tag-winter-glow-de","16":"first","17":"instock","18":"shipping-taxable","19":"purchasable","20":"product-type-simple"},"supplier_id":9071,"supplier_sku":"1486714346","barcode":"4003686430617","atum_controlled":true,"out_stock_date":null,"out_stock_threshold":null,"inheritable":false,"inbound_stock":0,"stock_on_hold":0,"sold_today":0,"sales_last_days":0,"reserved_stock":null,"customer_returns":null,"warehouse_damage":null,"lost_in_post":null,"other_logs":null,"out_stock_days":0,"lost_sales":0,"has_location":false,"update_date":"2025-07-19T06:26:30","atum_locations":[{"id":781,"name":"212","slug":"212"}],"atum_stock_status":"instock","restock_status":false,"low_stock_amount":"","sales_update_date":"2025-07-19T06:26:30","calc_backorders":0,"locations":[],"_links":{"self":[{"href":"https:\/\/delices.lu\/de\/wp-json\/wp\/v2\/product\/15568","targetHints":{"allow":["GET"]}}],"collection":[{"href":"https:\/\/delices.lu\/de\/wp-json\/wp\/v2\/product"}],"about":[{"href":"https:\/\/delices.lu\/de\/wp-json\/wp\/v2\/types\/product"}],"wp:featuredmedia":[{"embeddable":true,"href":"https:\/\/delices.lu\/de\/wp-json\/wp\/v2\/media\/15574"}],"wp:attachment":[{"href":"https:\/\/delices.lu\/de\/wp-json\/wp\/v2\/media?parent=15568"}],"wp:term":[{"taxonomy":"location","embeddable":true,"href":"https:\/\/delices.lu\/de\/wp-json\/wp\/v2\/location?post=15568"},{"taxonomy":"product_brand","embeddable":true,"href":"https:\/\/delices.lu\/de\/wp-json\/wp\/v2\/product_brand?post=15568"},{"taxonomy":"product_cat","embeddable":true,"href":"https:\/\/delices.lu\/de\/wp-json\/wp\/v2\/product_cat?post=15568"},{"taxonomy":"product_tag","embeddable":true,"href":"https:\/\/delices.lu\/de\/wp-json\/wp\/v2\/product_tag?post=15568"}],"curies":[{"name":"wp","href":"https:\/\/api.w.org\/{rel}","templated":true}]}}