{"id":15581,"date":"2024-08-24T00:00:39","date_gmt":"2025-03-20T10:51:10","guid":{"rendered":"https:\/\/delices.lu\/produit\/winter-glow-weihnachtsstern-weiss\/"},"modified":"2025-03-20T11:51:10","modified_gmt":"2025-03-20T10:51:10","slug":"winter-glow-weihnachtsstern-weiss","status":"publish","type":"product","link":"https:\/\/delices.lu\/de\/produit\/winter-glow-weihnachtsstern-weiss\/","title":{"rendered":"Winter Glow &#8211; Weihnachtsstern, wei\u00df"},"content":{"rendered":"<p><strong>Ein moderner Weihnachtsstern zum Aufh\u00e4ngen<\/strong><br \/>\nWeihnachten steht vor der T\u00fcr? Dann ist es h\u00f6chste Zeit, den Baum vorzubereiten! Versammeln Sie Ihre Familie und tauchen Sie ein in die festliche Stimmung, indem Sie Ihren Baum mit wundersch\u00f6nen Dekorationen schm\u00fccken. Dieses Jahr wird er in Wei\u00df gehalten: helle Porzellanornamente, wei\u00dfe Weihnachtskugeln, cremefarbene H\u00e4ngeleuchten&#8230; Ein frischer Wind weht durch den Weihnachtsk\u00f6nig! Diese nordisch inspirierte Dekoration bringt die winterliche Frische in unsere Innenr\u00e4ume. Die Farbe Wei\u00df verleiht eine reine, m\u00e4rchenhafte Note und erinnert an eine verschneite Landschaft. Lassen Sie Ihrer Kreativit\u00e4t freien Lauf und schm\u00fccken Sie Ihren Baum mit zauberhaften wei\u00dfen St\u00fccken, wie z.B. dem zarten Weihnachtsstern. Mit seiner Reliefemaille sieht er aus, als w\u00e4re er in eine Schneedecke geh\u00fcllt. F\u00fcgen Sie dann weitere moderne Ornamente im skandinavischen Stil hinzu, um ein elegantes Ergebnis zu erzielen. Um die Atmosph\u00e4re zu erw\u00e4rmen, stellen Sie doch ein paar Kerzen und Windlichter in Ihrem Wohnzimmer auf. Kreieren Sie jetzt skandinavische Winterlooks f\u00fcr Ihr Zuhause.          <\/p>\n","protected":false},"excerpt":{"rendered":"<p>MATERIAL: Hochwertiges Porzellan<br \/>\nDURCHMESSER: ca. 60 mm<br \/>\nFARBE: wei\u00df<br \/>\nGARANTIE SP\u00dcLMASCHINENGARANTIE: Nicht<br \/>\nMIKROWELLENKOMPATIBEL: Nicht<br \/>\nREF. ARTIKEL: 1486714345 <\/p>\n","protected":false},"featured_media":15585,"template":"","meta":[],"location":[931],"product_brand":[],"product_cat":[1311,1309,2230,2448],"product_tag":[743,2472,2299,2469],"class_list":{"0":"post-15581","1":"product","2":"type-product","3":"status-publish","4":"has-post-thumbnail","6":"location-21-2","7":"product_cat-dekoration","8":"product_cat-villeroy-boch-de","9":"product_cat-weihnachten","10":"product_cat-winter","11":"product_tag-decoration-de","12":"product_tag-stern","13":"product_tag-weis-de","14":"product_tag-winter-glow-de","16":"first","17":"instock","18":"shipping-taxable","19":"purchasable","20":"product-type-simple"},"supplier_id":9071,"supplier_sku":"1486714345","barcode":"4003686430600","atum_controlled":true,"out_stock_date":null,"out_stock_threshold":null,"inheritable":false,"inbound_stock":0,"stock_on_hold":0,"sold_today":0,"sales_last_days":0,"reserved_stock":null,"customer_returns":null,"warehouse_damage":null,"lost_in_post":null,"other_logs":null,"out_stock_days":0,"lost_sales":0,"has_location":false,"update_date":"2025-07-19T06:26:30","atum_locations":[{"id":781,"name":"212","slug":"212"}],"atum_stock_status":"instock","restock_status":false,"low_stock_amount":"","sales_update_date":"2025-07-19T06:26:30","calc_backorders":0,"locations":[],"_links":{"self":[{"href":"https:\/\/delices.lu\/de\/wp-json\/wp\/v2\/product\/15581","targetHints":{"allow":["GET"]}}],"collection":[{"href":"https:\/\/delices.lu\/de\/wp-json\/wp\/v2\/product"}],"about":[{"href":"https:\/\/delices.lu\/de\/wp-json\/wp\/v2\/types\/product"}],"wp:featuredmedia":[{"embeddable":true,"href":"https:\/\/delices.lu\/de\/wp-json\/wp\/v2\/media\/15585"}],"wp:attachment":[{"href":"https:\/\/delices.lu\/de\/wp-json\/wp\/v2\/media?parent=15581"}],"wp:term":[{"taxonomy":"location","embeddable":true,"href":"https:\/\/delices.lu\/de\/wp-json\/wp\/v2\/location?post=15581"},{"taxonomy":"product_brand","embeddable":true,"href":"https:\/\/delices.lu\/de\/wp-json\/wp\/v2\/product_brand?post=15581"},{"taxonomy":"product_cat","embeddable":true,"href":"https:\/\/delices.lu\/de\/wp-json\/wp\/v2\/product_cat?post=15581"},{"taxonomy":"product_tag","embeddable":true,"href":"https:\/\/delices.lu\/de\/wp-json\/wp\/v2\/product_tag?post=15581"}],"curies":[{"name":"wp","href":"https:\/\/api.w.org\/{rel}","templated":true}]}}