{"id":15592,"date":"2024-08-24T00:00:39","date_gmt":"2025-03-20T10:51:10","guid":{"rendered":"https:\/\/delices.lu\/produit\/winter-glow-weihnachtstropfen-weiss\/"},"modified":"2025-03-20T11:51:10","modified_gmt":"2025-03-20T10:51:10","slug":"winter-glow-weihnachtstropfen-weiss","status":"publish","type":"product","link":"https:\/\/delices.lu\/de\/produit\/winter-glow-weihnachtstropfen-weiss\/","title":{"rendered":"Winter Glow &#8211; Weihnachtstropfen, wei\u00df"},"content":{"rendered":"<p><strong>Eine zarte Weihnachtsdekoration zum Aufh\u00e4ngen<\/strong><br \/>\nWie w\u00e4re es mit einem skandinavischen Weihnachtsfest? Lassen Sie das traditionelle Duo aus Rot und Gr\u00fcn hinter sich und setzen Sie auf Wei\u00df! Dieser Farbton verk\u00f6rpert den Geist der Feiertage. Dekorative Accessoires in hellen und cremefarbenen T\u00f6nen passen perfekt zum Thema Winter. Sie symbolisieren die Frische, die Reinheit des Schnees und das winterliche Licht. Mit diesen nordischen Inspirationen wird Weihnachten von Ruhe und Sanftheit gepr\u00e4gt sein. Die wei\u00dfe Weihnachtsdekoration in Tropfenform passt perfekt zu dieser ruhigen Atmosph\u00e4re. Dieses Porzellanornament erinnert an einen zarten Stalaktit oder Tropfen, der sanft vom Himmel zu fallen scheint. Mit seiner Reliefglasur sieht er aus, als w\u00e4re er von Schnee bedeckt. Kleine goldene Sterne beleuchten die Dekoration und verleihen ihr eine festliche \u00c4sthetik. Mit der goldenen Schnur k\u00f6nnen Sie ihn an einen Weihnachtsbaum oder einen Weihnachtskranz aus Tannenholz h\u00e4ngen, um einen sch\u00f6nen visuellen Kontrast zu schaffen. Kreieren Sie jetzt skandinavische Winterlooks f\u00fcr Ihr Zuhause.           <\/p>\n","protected":false},"excerpt":{"rendered":"<p>MATERIAL: Hochwertiges Porzellan<br \/>\nDURCHMESSER: ca. 50 mm<br \/>\nFARBE: wei\u00df<br \/>\nGARANTIE SP\u00dcLMASCHINENGARANTIE: Nicht<br \/>\nMIKROWELLENKOMPATIBEL: Nicht<br \/>\nREF. ARTIKEL: 1486714344 <\/p>\n","protected":false},"featured_media":15593,"template":"","meta":[],"location":[931],"product_brand":[],"product_cat":[1311,1309,2230,2448],"product_tag":[743,2473,2166,2469],"class_list":{"0":"post-15592","1":"product","2":"type-product","3":"status-publish","4":"has-post-thumbnail","6":"location-21-2","7":"product_cat-dekoration","8":"product_cat-villeroy-boch-de","9":"product_cat-weihnachten","10":"product_cat-winter","11":"product_tag-decoration-de","12":"product_tag-tropfen","13":"product_tag-weis","14":"product_tag-winter-glow-de","16":"first","17":"instock","18":"shipping-taxable","19":"purchasable","20":"product-type-simple"},"supplier_id":9071,"supplier_sku":"1486714344","barcode":"4003686430594","atum_controlled":true,"out_stock_date":null,"out_stock_threshold":null,"inheritable":false,"inbound_stock":0,"stock_on_hold":0,"sold_today":0,"sales_last_days":0,"reserved_stock":null,"customer_returns":null,"warehouse_damage":null,"lost_in_post":null,"other_logs":null,"out_stock_days":0,"lost_sales":0,"has_location":false,"update_date":"2025-07-19T06:26:30","atum_locations":[{"id":781,"name":"212","slug":"212"}],"atum_stock_status":"instock","restock_status":false,"low_stock_amount":"","sales_update_date":"2025-07-19T06:26:30","calc_backorders":0,"locations":[],"_links":{"self":[{"href":"https:\/\/delices.lu\/de\/wp-json\/wp\/v2\/product\/15592","targetHints":{"allow":["GET"]}}],"collection":[{"href":"https:\/\/delices.lu\/de\/wp-json\/wp\/v2\/product"}],"about":[{"href":"https:\/\/delices.lu\/de\/wp-json\/wp\/v2\/types\/product"}],"wp:featuredmedia":[{"embeddable":true,"href":"https:\/\/delices.lu\/de\/wp-json\/wp\/v2\/media\/15593"}],"wp:attachment":[{"href":"https:\/\/delices.lu\/de\/wp-json\/wp\/v2\/media?parent=15592"}],"wp:term":[{"taxonomy":"location","embeddable":true,"href":"https:\/\/delices.lu\/de\/wp-json\/wp\/v2\/location?post=15592"},{"taxonomy":"product_brand","embeddable":true,"href":"https:\/\/delices.lu\/de\/wp-json\/wp\/v2\/product_brand?post=15592"},{"taxonomy":"product_cat","embeddable":true,"href":"https:\/\/delices.lu\/de\/wp-json\/wp\/v2\/product_cat?post=15592"},{"taxonomy":"product_tag","embeddable":true,"href":"https:\/\/delices.lu\/de\/wp-json\/wp\/v2\/product_tag?post=15592"}],"curies":[{"name":"wp","href":"https:\/\/api.w.org\/{rel}","templated":true}]}}