{"id":15604,"date":"2024-08-25T00:00:39","date_gmt":"2025-03-20T10:51:19","guid":{"rendered":"https:\/\/delices.lu\/produit\/winter-glow-weihnachtsengel-weiss\/"},"modified":"2025-03-20T11:51:19","modified_gmt":"2025-03-20T10:51:19","slug":"winter-glow-weihnachtsengel-weiss","status":"publish","type":"product","link":"https:\/\/delices.lu\/de\/produit\/winter-glow-weihnachtsengel-weiss\/","title":{"rendered":"Winter Glow &#8211; Weihnachtsengel, wei\u00df"},"content":{"rendered":"<p><strong>Ein wei\u00dfer Weihnachtsengel mit Sternenmotiven<\/strong><br \/>\nWie w\u00e4re es, wenn Sie sich dieses Jahr von der Magie der wei\u00dfen Weihnacht verzaubern lassen? Erfinden Sie den traditionellen rot-gr\u00fcnen Tannenbaum neu! Entscheiden Sie sich f\u00fcr eine sanfte und elegante Dekoration, die Creme- und Wei\u00dft\u00f6ne miteinander verbindet. Diese nordisch inspirierten Farben erinnern an die Reinheit des frischen Schnees und die K\u00fchle des Winters. H\u00e4ngen Sie diesen kleinen Weihnachtsengel aus Porzellan an den Baum, um eine bezaubernde Atmosph\u00e4re zu verbreiten. Befestigen Sie diesen sch\u00f6nen Weihnachtsschmuck mit der goldenen Kordel an Ihrem Baum. Mit seiner Reliefglasur und den Sternenmotiven wird er zwischen den Ornamenten, Weihnachtskugeln und glitzernden Girlanden gl\u00e4nzen. Um den Zauber der Feiertage in Ihrem Zuhause zu verbreiten, stellen Sie einige moderne Weihnachtsdekorationen in jedem Raum auf: Windlichter, Kerzen, Kerzenhalter, H\u00e4ngeleuchten im Wohn- und Schlafzimmer und weihnachtliches Geschirr im Esszimmer! Kreieren Sie jetzt skandinavische Winterlooks f\u00fcr Ihr Zuhause.        <\/p>\n","protected":false},"excerpt":{"rendered":"<p>MATERIAL: Hochwertiges Porzellan<br \/>\nDURCHMESSER: ca. 49 mm<br \/>\nFARBE: wei\u00df<br \/>\nGARANTIE SP\u00dcLMASCHINENGARANTIE: Nicht<br \/>\nMIKROWELLENKOMPATIBEL: Nicht<br \/>\nREF. ARTIKEL: 1486714343 <\/p>\n","protected":false},"featured_media":15606,"template":"","meta":[],"location":[931],"product_brand":[],"product_cat":[1311,1309,2230,2448],"product_tag":[743,2474,2166,2469],"class_list":{"0":"post-15604","1":"product","2":"type-product","3":"status-publish","4":"has-post-thumbnail","6":"location-21-2","7":"product_cat-dekoration","8":"product_cat-villeroy-boch-de","9":"product_cat-weihnachten","10":"product_cat-winter","11":"product_tag-decoration-de","12":"product_tag-engel","13":"product_tag-weis","14":"product_tag-winter-glow-de","16":"first","17":"instock","18":"shipping-taxable","19":"purchasable","20":"product-type-simple"},"supplier_id":null,"supplier_sku":"","barcode":null,"atum_controlled":true,"out_stock_date":null,"out_stock_threshold":null,"inheritable":false,"inbound_stock":0,"stock_on_hold":0,"sold_today":0,"sales_last_days":0,"reserved_stock":null,"customer_returns":null,"warehouse_damage":null,"lost_in_post":null,"other_logs":null,"out_stock_days":0,"lost_sales":0,"has_location":true,"update_date":"2025-07-19T06:26:32","atum_locations":[{"id":781,"name":"212","slug":"212"}],"atum_stock_status":"instock","restock_status":false,"low_stock_amount":"","sales_update_date":"2025-07-19T06:26:32","calc_backorders":0,"locations":[],"_links":{"self":[{"href":"https:\/\/delices.lu\/de\/wp-json\/wp\/v2\/product\/15604","targetHints":{"allow":["GET"]}}],"collection":[{"href":"https:\/\/delices.lu\/de\/wp-json\/wp\/v2\/product"}],"about":[{"href":"https:\/\/delices.lu\/de\/wp-json\/wp\/v2\/types\/product"}],"wp:featuredmedia":[{"embeddable":true,"href":"https:\/\/delices.lu\/de\/wp-json\/wp\/v2\/media\/15606"}],"wp:attachment":[{"href":"https:\/\/delices.lu\/de\/wp-json\/wp\/v2\/media?parent=15604"}],"wp:term":[{"taxonomy":"location","embeddable":true,"href":"https:\/\/delices.lu\/de\/wp-json\/wp\/v2\/location?post=15604"},{"taxonomy":"product_brand","embeddable":true,"href":"https:\/\/delices.lu\/de\/wp-json\/wp\/v2\/product_brand?post=15604"},{"taxonomy":"product_cat","embeddable":true,"href":"https:\/\/delices.lu\/de\/wp-json\/wp\/v2\/product_cat?post=15604"},{"taxonomy":"product_tag","embeddable":true,"href":"https:\/\/delices.lu\/de\/wp-json\/wp\/v2\/product_tag?post=15604"}],"curies":[{"name":"wp","href":"https:\/\/api.w.org\/{rel}","templated":true}]}}