{"id":15605,"date":"2024-08-24T00:00:14","date_gmt":"2025-03-20T10:51:19","guid":{"rendered":"https:\/\/delices.lu\/produit\/winter-glow-schuessel-weiss-porzellan\/"},"modified":"2025-03-20T11:51:19","modified_gmt":"2025-03-20T10:51:19","slug":"winter-glow-schuessel-weiss-porzellan","status":"publish","type":"product","link":"https:\/\/delices.lu\/de\/produit\/winter-glow-schuessel-weiss-porzellan\/","title":{"rendered":"Winter Glow &#8211; Sch\u00fcssel, wei\u00df, Porzellan"},"content":{"rendered":"<p><strong>Eine sch\u00f6ne Schale, die auch als Deko-Objekt dienen kann<\/strong><br \/>\nEntdecken Sie die Winter Glow Kollektion, moderne, skandinavisch inspirierte Deko-Objekte und Geschirr! Kennen Sie die d\u00e4nische Lebensart? Sie besteht darin, jeden Augenblick zu genie\u00dfen, sich zu verlangsamen, um die kleinen Freuden des Lebens besser auskosten zu k\u00f6nnen: ein k\u00f6stliches Essen mit der Familie, ein Nachmittag mit den Kindern beim Backen von Weihnachtspl\u00e4tzchen oder ein Aperitif mit Freunden&#8230; Villeroy &amp; Boch begleitet Sie bei all diesen Momenten des Teilens! Diese einfache und vielseitige wei\u00dfe Schale kann als Aperitifschale (Chips, Oliven, Dips, etc.) oder als Suppenschale f\u00fcr die Vorspeise verwendet werden. Sie k\u00f6nnen sie mit einem passenden Tafelservice, Design-Weingl\u00e4sern und sch\u00f6nen Servierplatten kombinieren. Sie kann auch als Dessertschale oder als Beh\u00e4lter f\u00fcr kleine Kekse dienen! Au\u00dferhalb der Mahlzeiten kann sie auch als eleganter Taschenleerer verwendet werden, der z.B. auf dem Flurschrank, dem Couchtisch oder dem Sideboard im Wohnzimmer platziert werden kann. Kreieren Sie jetzt skandinavische Winterlooks f\u00fcr Ihr Zuhause.       <\/p>\n","protected":false},"excerpt":{"rendered":"<p>MATERIAL: Hochwertiges Porzellan<br \/>\nDURCHMESSER: ca. 150 mm<br \/>\nGR\u00d6\u00dfE: ca. 480 ml<br \/>\nFARBE: wei\u00df<br \/>\nSP\u00dcLGER\u00c4TEGARANTIE: Nein<br \/>\nMIKROWELLENKOMPATIBEL: Ja<br \/>\nREF. ARTIKEL: 1486711900 <\/p>\n","protected":false},"featured_media":15609,"template":"","meta":[],"location":[931],"product_brand":[],"product_cat":[1355,1309,2230,2448],"product_tag":[1359,2470,2166,2469],"class_list":{"0":"post-15605","1":"product","2":"type-product","3":"status-publish","4":"has-post-thumbnail","6":"location-21-2","7":"product_cat-bol-de","8":"product_cat-villeroy-boch-de","9":"product_cat-weihnachten","10":"product_cat-winter","11":"product_tag-bol-de","12":"product_tag-festliche-dekorationen","13":"product_tag-weis","14":"product_tag-winter-glow-de","16":"first","17":"instock","18":"shipping-taxable","19":"purchasable","20":"product-type-simple"},"supplier_id":9071,"supplier_sku":"1486711900","barcode":"4003686430433","atum_controlled":true,"out_stock_date":null,"out_stock_threshold":null,"inheritable":false,"inbound_stock":0,"stock_on_hold":0,"sold_today":0,"sales_last_days":0,"reserved_stock":null,"customer_returns":null,"warehouse_damage":null,"lost_in_post":null,"other_logs":null,"out_stock_days":0,"lost_sales":0,"has_location":false,"update_date":"2025-07-19T06:26:30","atum_locations":[{"id":781,"name":"212","slug":"212"}],"atum_stock_status":"instock","restock_status":false,"low_stock_amount":"","sales_update_date":"2025-07-19T06:26:30","calc_backorders":0,"locations":[],"_links":{"self":[{"href":"https:\/\/delices.lu\/de\/wp-json\/wp\/v2\/product\/15605","targetHints":{"allow":["GET"]}}],"collection":[{"href":"https:\/\/delices.lu\/de\/wp-json\/wp\/v2\/product"}],"about":[{"href":"https:\/\/delices.lu\/de\/wp-json\/wp\/v2\/types\/product"}],"wp:featuredmedia":[{"embeddable":true,"href":"https:\/\/delices.lu\/de\/wp-json\/wp\/v2\/media\/15609"}],"wp:attachment":[{"href":"https:\/\/delices.lu\/de\/wp-json\/wp\/v2\/media?parent=15605"}],"wp:term":[{"taxonomy":"location","embeddable":true,"href":"https:\/\/delices.lu\/de\/wp-json\/wp\/v2\/location?post=15605"},{"taxonomy":"product_brand","embeddable":true,"href":"https:\/\/delices.lu\/de\/wp-json\/wp\/v2\/product_brand?post=15605"},{"taxonomy":"product_cat","embeddable":true,"href":"https:\/\/delices.lu\/de\/wp-json\/wp\/v2\/product_cat?post=15605"},{"taxonomy":"product_tag","embeddable":true,"href":"https:\/\/delices.lu\/de\/wp-json\/wp\/v2\/product_tag?post=15605"}],"curies":[{"name":"wp","href":"https:\/\/api.w.org\/{rel}","templated":true}]}}