{"id":15617,"date":"2024-08-24T00:00:15","date_gmt":"2025-03-20T10:51:20","guid":{"rendered":"https:\/\/delices.lu\/produit\/winter-glow-weihnachtskugel-weiss\/"},"modified":"2025-03-20T11:51:20","modified_gmt":"2025-03-20T10:51:20","slug":"winter-glow-weihnachtskugel-weiss","status":"publish","type":"product","link":"https:\/\/delices.lu\/de\/produit\/winter-glow-weihnachtskugel-weiss\/","title":{"rendered":"Winter Glow &#8211; Weihnachtskugel, wei\u00df"},"content":{"rendered":"<p><strong>Eine originelle wei\u00dfe Weihnachtskugel im Schnee-Look<\/strong><br \/>\nWie sch\u00f6n, dass Sie diese Weihnachtskugel aus Porzellan jeden Winter wieder hervorholen k\u00f6nnen! Sie ist schick und zeitlos und wird neben anderen H\u00e4ngedekorationen einen Ehrenplatz unter dem Baum einnehmen. Dieser Baumschmuck geh\u00f6rt zur Winter Glow Kollektion, die speziell f\u00fcr die Weihnachtszeit entworfen wurde, um Ihr Zuhause zu versch\u00f6nern. Hier finden Sie viele weihnachtliche H\u00e4ngedekorationen (Kugeln, Tannenb\u00e4ume, Sterne, Engel&#8230;), aber nicht nur! Entdecken Sie auch originelle Teller und Tassen mit h\u00fcbschen goldenen Details! Wie w\u00e4re es, wenn Sie Ihre Tischdekoration mit Kerzenhaltern, Windlichtern oder einer Keksdose in Form eines Tannenbaums vervollst\u00e4ndigen? Villeroy &amp; Boch interpretiert die klassische Weihnachtsdekoration in einem skandinavischen Stil neu. Versammeln Sie Ihre Lieben in einer festlichen und warmen Atmosph\u00e4re mit den Winter Glow Design Tischsets und Dekoartikeln! Kreieren Sie jetzt skandinavische Winterlooks f\u00fcr Ihr Zuhause.        <\/p>\n","protected":false},"excerpt":{"rendered":"<p>MATERIAL: Hochwertiges Porzellan<br \/>\nDURCHMESSER: ca. 62 mm<br \/>\nFARBE: beige<br \/>\nGARANTIE SP\u00dcLMASCHINENGARANTIE: Nicht<br \/>\nMIKROWELLENKOMPATIBEL: Nicht<br \/>\nREF. ARTIKEL: 1486714342 <\/p>\n","protected":false},"featured_media":15619,"template":"","meta":[],"location":[931],"product_brand":[],"product_cat":[1311,1309,2230,2448],"product_tag":[2343,743,2464,2469],"class_list":{"0":"post-15617","1":"product","2":"type-product","3":"status-publish","4":"has-post-thumbnail","6":"location-21-2","7":"product_cat-dekoration","8":"product_cat-villeroy-boch-de","9":"product_cat-weihnachten","10":"product_cat-winter","11":"product_tag-beige-de","12":"product_tag-decoration-de","13":"product_tag-weihnachtskugel","14":"product_tag-winter-glow-de","16":"first","17":"instock","18":"shipping-taxable","19":"purchasable","20":"product-type-simple"},"supplier_id":9071,"supplier_sku":"1486714342","barcode":"4003686430570","atum_controlled":true,"out_stock_date":null,"out_stock_threshold":null,"inheritable":false,"inbound_stock":0,"stock_on_hold":0,"sold_today":0,"sales_last_days":0,"reserved_stock":null,"customer_returns":null,"warehouse_damage":null,"lost_in_post":null,"other_logs":null,"out_stock_days":0,"lost_sales":0,"has_location":false,"update_date":"2025-07-19T06:26:30","atum_locations":[{"id":781,"name":"212","slug":"212"}],"atum_stock_status":"instock","restock_status":false,"low_stock_amount":"","sales_update_date":"2025-07-19T06:26:30","calc_backorders":0,"locations":[],"_links":{"self":[{"href":"https:\/\/delices.lu\/de\/wp-json\/wp\/v2\/product\/15617","targetHints":{"allow":["GET"]}}],"collection":[{"href":"https:\/\/delices.lu\/de\/wp-json\/wp\/v2\/product"}],"about":[{"href":"https:\/\/delices.lu\/de\/wp-json\/wp\/v2\/types\/product"}],"wp:featuredmedia":[{"embeddable":true,"href":"https:\/\/delices.lu\/de\/wp-json\/wp\/v2\/media\/15619"}],"wp:attachment":[{"href":"https:\/\/delices.lu\/de\/wp-json\/wp\/v2\/media?parent=15617"}],"wp:term":[{"taxonomy":"location","embeddable":true,"href":"https:\/\/delices.lu\/de\/wp-json\/wp\/v2\/location?post=15617"},{"taxonomy":"product_brand","embeddable":true,"href":"https:\/\/delices.lu\/de\/wp-json\/wp\/v2\/product_brand?post=15617"},{"taxonomy":"product_cat","embeddable":true,"href":"https:\/\/delices.lu\/de\/wp-json\/wp\/v2\/product_cat?post=15617"},{"taxonomy":"product_tag","embeddable":true,"href":"https:\/\/delices.lu\/de\/wp-json\/wp\/v2\/product_tag?post=15617"}],"curies":[{"name":"wp","href":"https:\/\/api.w.org\/{rel}","templated":true}]}}