{"id":15618,"date":"2024-07-24T00:00:14","date_gmt":"2025-03-20T10:51:20","guid":{"rendered":"https:\/\/delices.lu\/produit\/christmas-toys-schaukelpferd-22-x-9-x-17-cm\/"},"modified":"2025-03-20T11:51:20","modified_gmt":"2025-03-20T10:51:20","slug":"christmas-toys-schaukelpferd-22-x-9-x-17-cm","status":"publish","type":"product","link":"https:\/\/delices.lu\/de\/produit\/christmas-toys-schaukelpferd-22-x-9-x-17-cm\/","title":{"rendered":"Christmas Toys &#8211; Schaukelpferd, 22 x 9 x 17 cm"},"content":{"rendered":"<p><strong>Weihnachtlicher Porzellan-Kerzenhalter in Form eines Schaukelpferdes<\/strong><br \/>\nDie Christmas Toys Kollektion besteht aus vielen Porzellan-Highlights, deren originelle Designs die ersten Kindheitserinnerungen wecken und dem Haus einen Hauch von Festlichkeit verleihen. Weihnachtliches Dekorationsst\u00fcck mit einem bunten Mustermix: Dieses reich verzierte Schaukelpferd von Christmas Toys dient als nostalgischer St\u00e4nder f\u00fcr lange Kerzen und l\u00e4sst das Haus in festlichem Glanz erstrahlen. Kaufen Sie jetzt den Kerzenhalter in Form eines Schaukelpferdes.  <\/p>\n","protected":false},"excerpt":{"rendered":"<p>MATERIAL: Porzellan<br \/>\nFARBE: mehrfarbig<br \/>\nGARANTIERT SP\u00dcLMASCHINENGARANTIE: Nicht<br \/>\nMIKROWELLENKOMPATIBEL: Nicht<br \/>\nREF. ARTIKEL: 1483276551 <\/p>\n","protected":false},"featured_media":15623,"template":"","meta":[],"location":[959,878],"product_brand":[],"product_cat":[1311,2399,1309,2230],"product_tag":[2400,2401,2475,2233],"class_list":{"0":"post-15618","1":"product","2":"type-product","3":"status-publish","4":"has-post-thumbnail","6":"location-0-shop","7":"location-11-4","8":"product_cat-dekoration","9":"product_cat-kerze","10":"product_cat-villeroy-boch-de","11":"product_cat-weihnachten","12":"product_tag-kerze","13":"product_tag-kerzenhalter","14":"product_tag-schaukelpferd","15":"product_tag-weihnachtsdekorationen","17":"first","18":"instock","19":"shipping-taxable","20":"purchasable","21":"product-type-simple"},"supplier_id":9071,"supplier_sku":"1483276551","barcode":"4003686429345","atum_controlled":true,"out_stock_date":null,"out_stock_threshold":null,"inheritable":false,"inbound_stock":0,"stock_on_hold":0,"sold_today":0,"sales_last_days":0,"reserved_stock":null,"customer_returns":null,"warehouse_damage":null,"lost_in_post":null,"other_logs":null,"out_stock_days":0,"lost_sales":0,"has_location":true,"update_date":"2025-07-19T06:26:35","atum_locations":[{"id":960,"name":"0 SHOP","slug":"0-shop"},{"id":832,"name":"114","slug":"114"}],"atum_stock_status":"instock","restock_status":false,"low_stock_amount":"","sales_update_date":"2025-07-19T06:26:35","calc_backorders":0,"locations":[],"_links":{"self":[{"href":"https:\/\/delices.lu\/de\/wp-json\/wp\/v2\/product\/15618","targetHints":{"allow":["GET"]}}],"collection":[{"href":"https:\/\/delices.lu\/de\/wp-json\/wp\/v2\/product"}],"about":[{"href":"https:\/\/delices.lu\/de\/wp-json\/wp\/v2\/types\/product"}],"wp:featuredmedia":[{"embeddable":true,"href":"https:\/\/delices.lu\/de\/wp-json\/wp\/v2\/media\/15623"}],"wp:attachment":[{"href":"https:\/\/delices.lu\/de\/wp-json\/wp\/v2\/media?parent=15618"}],"wp:term":[{"taxonomy":"location","embeddable":true,"href":"https:\/\/delices.lu\/de\/wp-json\/wp\/v2\/location?post=15618"},{"taxonomy":"product_brand","embeddable":true,"href":"https:\/\/delices.lu\/de\/wp-json\/wp\/v2\/product_brand?post=15618"},{"taxonomy":"product_cat","embeddable":true,"href":"https:\/\/delices.lu\/de\/wp-json\/wp\/v2\/product_cat?post=15618"},{"taxonomy":"product_tag","embeddable":true,"href":"https:\/\/delices.lu\/de\/wp-json\/wp\/v2\/product_tag?post=15618"}],"curies":[{"name":"wp","href":"https:\/\/api.w.org\/{rel}","templated":true}]}}