{"id":15627,"date":"2024-08-24T00:00:15","date_gmt":"2025-03-20T10:51:20","guid":{"rendered":"https:\/\/delices.lu\/produit\/winter-glow-weihnachtsbaum-weiss\/"},"modified":"2025-03-20T11:51:20","modified_gmt":"2025-03-20T10:51:20","slug":"winter-glow-weihnachtsbaum-weiss","status":"publish","type":"product","link":"https:\/\/delices.lu\/de\/produit\/winter-glow-weihnachtsbaum-weiss\/","title":{"rendered":"Winter Glow &#8211; Weihnachtsbaum, wei\u00df"},"content":{"rendered":"<p><strong>Weihnachtsdekoration in Form eines Tannenbaums<\/strong><br \/>\nDiese h\u00fcbsche Tannenbaumdekoration aus Porzellan ist eine Abwechslung zu den klassischen Weihnachtskugeln! Mit seiner Reliefglasur verleiht er einen Hauch von Originalit\u00e4t. Die Winter Glow-Kollektion ist ideal, um in der Vorweihnachtszeit eine festliche und warme Umgebung zu schaffen. F\u00fcr diese besondere Zeit des Jahres setzt Villeroy &amp; Boch auf cremefarbene und wei\u00dfe T\u00f6ne, moderne Formen und Sternenmotive. Windlichter, Kerzenhalter, Keksdosen und skandinavisch inspirierte weihnachtliche H\u00e4ngeleuchten werden harmonisch miteinander kombiniert, um Ihr Zuhause an den Feiertagen zu versch\u00f6nern! Lassen Sie sich von originellen Weihnachtsdekorationen, aber auch von Design-Tischgeschirr (Teller, Tassen, Becher&#8230;) und verschiedenen Dekorationsartikeln verzaubern! Die weihnachtliche Stimmung stellt sich ein, wenn die dekorativen Elemente von Villeroy &amp; Boch ihren Platz im Haus finden. Hier ist etwas, das Sie in diesem Winter in Stimmung bringen wird! Kreieren Sie jetzt skandinavische Winterlooks f\u00fcr Ihr Zuhause.        <\/p>\n","protected":false},"excerpt":{"rendered":"<p>MATERIAL: Hochwertiges Porzellan<br \/>\nDURCHMESSER: ca. 58 mm<br \/>\nFARBE: wei\u00df<br \/>\nGARANTIE SP\u00dcLMASCHINENGARANTIE: Nicht<br \/>\nMIKROWELLENKOMPATIBEL: Nicht<br \/>\nREF. ARTIKEL: 1486714340 <\/p>\n","protected":false},"featured_media":15628,"template":"","meta":[],"location":[931],"product_brand":[],"product_cat":[1311,1309,2230,2448],"product_tag":[743,2470,2476,2166,2469],"class_list":{"0":"post-15627","1":"product","2":"type-product","3":"status-publish","4":"has-post-thumbnail","6":"location-21-2","7":"product_cat-dekoration","8":"product_cat-villeroy-boch-de","9":"product_cat-weihnachten","10":"product_cat-winter","11":"product_tag-decoration-de","12":"product_tag-festliche-dekorationen","13":"product_tag-tanne","14":"product_tag-weis","15":"product_tag-winter-glow-de","17":"first","18":"instock","19":"shipping-taxable","20":"purchasable","21":"product-type-simple"},"supplier_id":9071,"supplier_sku":"1486714340","barcode":"4003686430556","atum_controlled":true,"out_stock_date":null,"out_stock_threshold":null,"inheritable":false,"inbound_stock":0,"stock_on_hold":0,"sold_today":0,"sales_last_days":0,"reserved_stock":null,"customer_returns":null,"warehouse_damage":null,"lost_in_post":null,"other_logs":null,"out_stock_days":0,"lost_sales":0,"has_location":false,"update_date":"2025-07-19T06:26:30","atum_locations":[{"id":781,"name":"212","slug":"212"}],"atum_stock_status":"instock","restock_status":false,"low_stock_amount":"","sales_update_date":"2025-07-19T06:26:30","calc_backorders":null,"locations":[],"_links":{"self":[{"href":"https:\/\/delices.lu\/de\/wp-json\/wp\/v2\/product\/15627","targetHints":{"allow":["GET"]}}],"collection":[{"href":"https:\/\/delices.lu\/de\/wp-json\/wp\/v2\/product"}],"about":[{"href":"https:\/\/delices.lu\/de\/wp-json\/wp\/v2\/types\/product"}],"wp:featuredmedia":[{"embeddable":true,"href":"https:\/\/delices.lu\/de\/wp-json\/wp\/v2\/media\/15628"}],"wp:attachment":[{"href":"https:\/\/delices.lu\/de\/wp-json\/wp\/v2\/media?parent=15627"}],"wp:term":[{"taxonomy":"location","embeddable":true,"href":"https:\/\/delices.lu\/de\/wp-json\/wp\/v2\/location?post=15627"},{"taxonomy":"product_brand","embeddable":true,"href":"https:\/\/delices.lu\/de\/wp-json\/wp\/v2\/product_brand?post=15627"},{"taxonomy":"product_cat","embeddable":true,"href":"https:\/\/delices.lu\/de\/wp-json\/wp\/v2\/product_cat?post=15627"},{"taxonomy":"product_tag","embeddable":true,"href":"https:\/\/delices.lu\/de\/wp-json\/wp\/v2\/product_tag?post=15627"}],"curies":[{"name":"wp","href":"https:\/\/api.w.org\/{rel}","templated":true}]}}