{"id":15632,"date":"2024-08-23T00:00:14","date_gmt":"2025-03-20T10:51:20","guid":{"rendered":"https:\/\/delices.lu\/produit\/annual-christmas-edition-coupe\/"},"modified":"2025-03-20T11:51:20","modified_gmt":"2025-03-20T10:51:20","slug":"annual-christmas-edition-coupe","status":"publish","type":"product","link":"https:\/\/delices.lu\/de\/produit\/annual-christmas-edition-coupe\/","title":{"rendered":"Annual Christmas Edition Coupe"},"content":{"rendered":"<p><strong>Ein Sammlerst\u00fcck in streng limitierter Auflage<\/strong><br \/>\nDie Formen und Farben der detailreichen M\u00fcnzen der Annual Christmas Edition erinnern an die fr\u00f6hlichen Weihnachtsfeste unserer Kindheit. Diese Kollektion ist limitiert, jedes St\u00fcck ist mit einem goldenen Stempel versehen. Villeroy &amp; Boch, Porzellan von h\u00f6chster Qualit\u00e4t seit 1748. Auch in diesem Jahr wird der Pokal des Jahres in limitierter Auflage das Herz eines jeden Sammlers erfreuen. Das detailreiche und liebevoll gestaltete Design in weihnachtlichen Farben f\u00fcgt sich optisch wunderbar in bestehende Dekorationen ein. So lassen sich alle St\u00fccke der Kollektion leicht miteinander kombinieren und verschenken. Finden Sie das fehlende St\u00fcck in Ihrer Weihnachtskollektion.      <\/p>\n<p>&nbsp;<\/p>\n","protected":false},"excerpt":{"rendered":"<p><strong>Annual Christmas Edition, Schale, kleine<\/strong><br \/>\nMaterial: Premium Porcelain<br \/>\nMa\u00dfe: ca. 16 cm<br \/>\nmehrfarbig<\/p>\n<p>Preise inkl. MwSt., zzgl. Versandkosten je nach Empf\u00e4nger<br \/>\nArtikel-Nr. 1486263875 <\/p>\n","protected":false},"featured_media":15633,"template":"","meta":[],"location":[921],"product_brand":[],"product_cat":[1354,1356,2231,1309,2230],"product_tag":[1359,1358,2312,2248],"class_list":{"0":"post-15632","1":"product","2":"type-product","3":"status-publish","4":"has-post-thumbnail","6":"location-19-2","7":"product_cat-art-de-la-table-de","8":"product_cat-coupe-de","9":"product_cat-teller","10":"product_cat-villeroy-boch-de","11":"product_cat-weihnachten","12":"product_tag-bol-de","13":"product_tag-coupe-de","14":"product_tag-teller-de","15":"product_tag-teller","17":"first","18":"instock","19":"shipping-taxable","20":"purchasable","21":"product-type-simple"},"supplier_id":9071,"supplier_sku":"1486263875","barcode":"4003686","atum_controlled":true,"out_stock_date":null,"out_stock_threshold":null,"inheritable":false,"inbound_stock":0,"stock_on_hold":1,"sold_today":0,"sales_last_days":0,"reserved_stock":null,"customer_returns":null,"warehouse_damage":null,"lost_in_post":null,"other_logs":null,"out_stock_days":0,"lost_sales":0,"has_location":false,"update_date":"2025-10-06T20:26:01","atum_locations":[{"id":790,"name":"192","slug":"192"}],"atum_stock_status":"instock","restock_status":false,"low_stock_amount":"","sales_update_date":"2025-10-06T20:26:01","calc_backorders":0,"locations":[],"_links":{"self":[{"href":"https:\/\/delices.lu\/de\/wp-json\/wp\/v2\/product\/15632","targetHints":{"allow":["GET"]}}],"collection":[{"href":"https:\/\/delices.lu\/de\/wp-json\/wp\/v2\/product"}],"about":[{"href":"https:\/\/delices.lu\/de\/wp-json\/wp\/v2\/types\/product"}],"wp:featuredmedia":[{"embeddable":true,"href":"https:\/\/delices.lu\/de\/wp-json\/wp\/v2\/media\/15633"}],"wp:attachment":[{"href":"https:\/\/delices.lu\/de\/wp-json\/wp\/v2\/media?parent=15632"}],"wp:term":[{"taxonomy":"location","embeddable":true,"href":"https:\/\/delices.lu\/de\/wp-json\/wp\/v2\/location?post=15632"},{"taxonomy":"product_brand","embeddable":true,"href":"https:\/\/delices.lu\/de\/wp-json\/wp\/v2\/product_brand?post=15632"},{"taxonomy":"product_cat","embeddable":true,"href":"https:\/\/delices.lu\/de\/wp-json\/wp\/v2\/product_cat?post=15632"},{"taxonomy":"product_tag","embeddable":true,"href":"https:\/\/delices.lu\/de\/wp-json\/wp\/v2\/product_tag?post=15632"}],"curies":[{"name":"wp","href":"https:\/\/api.w.org\/{rel}","templated":true}]}}