{"id":15637,"date":"2024-08-24T00:00:15","date_gmt":"2025-03-20T10:51:21","guid":{"rendered":"https:\/\/delices.lu\/produit\/winter-glow-kleiner-teller-mit-rand-weiss\/"},"modified":"2025-03-20T11:51:21","modified_gmt":"2025-03-20T10:51:21","slug":"winter-glow-kleiner-teller-mit-rand-weiss","status":"publish","type":"product","link":"https:\/\/delices.lu\/de\/produit\/winter-glow-kleiner-teller-mit-rand-weiss\/","title":{"rendered":"Winter Glow &#8211; Kleiner Teller mit Rand, wei\u00df"},"content":{"rendered":"<p><strong>Ein raffinierter kleiner Teller mit Rand f\u00fcr festliche Mahlzeiten<\/strong><br \/>\nDie Feiertage zum Jahresende bedeuten ein festliches Essen mit der Familie! Erneuern Sie Ihr Geschirrset f\u00fcr diesen Anlass und entdecken Sie die m\u00e4rchenhafte Winter Glow Kollektion. Hier finden Sie Schalen, Becher, Tassen, flache Teller und kleine Teller mit Rand f\u00fcr Ihre Desserts. Dank seines Designs eignet sich dieser Teller hervorragend f\u00fcr Desserts und cremige S\u00fc\u00dfspeisen. Er wird leicht seinen Platz auf dem Weihnachts- oder Neujahrstisch finden. Mit seiner schneewei\u00dfen Glasur sieht der Porzellanteller aus, als w\u00e4re er in eine Schneedecke geh\u00fcllt: ein Design, das von Hygge beeinflusst ist. Er wird eine sanfte und gem\u00fctliche Atmosph\u00e4re bei Ihren Familienmahlzeiten verbreiten. Der Teller Winter Glow kann sogar f\u00fcr den Aperitif verwendet werden, um Toasts und andere festliche H\u00e4ppchen zu servieren! Kreieren Sie jetzt einen skandinavischen Winterlook f\u00fcr Ihr Zuhause.        <\/p>\n","protected":false},"excerpt":{"rendered":"<p>MATERIAL: Premium Porcelain<br \/>\nDURCHMESSER: ca. 170 mm<br \/>\nGR\u00d6SSE: ca. 120 ml<br \/>\nFARBE: wei\u00df<br \/>\nGARANTIERT SP\u00dcLMASCHINENGARANTIE: Nein<br \/>\nMIKROWELLENKOMPATIBEL: Ja<br \/>\nREF. ARTIKEL: 1486713800 <\/p>\n","protected":false},"featured_media":15639,"template":"","meta":[],"location":[931],"product_brand":[],"product_cat":[1356,2231,1309,2230,2448],"product_tag":[1358,2470,2166,2469],"class_list":{"0":"post-15637","1":"product","2":"type-product","3":"status-publish","4":"has-post-thumbnail","6":"location-21-2","7":"product_cat-coupe-de","8":"product_cat-teller","9":"product_cat-villeroy-boch-de","10":"product_cat-weihnachten","11":"product_cat-winter","12":"product_tag-coupe-de","13":"product_tag-festliche-dekorationen","14":"product_tag-weis","15":"product_tag-winter-glow-de","17":"first","18":"instock","19":"shipping-taxable","20":"purchasable","21":"product-type-simple"},"supplier_id":9071,"supplier_sku":"1486713800","barcode":"4003686430440","atum_controlled":true,"out_stock_date":null,"out_stock_threshold":null,"inheritable":false,"inbound_stock":0,"stock_on_hold":0,"sold_today":0,"sales_last_days":0,"reserved_stock":null,"customer_returns":null,"warehouse_damage":null,"lost_in_post":null,"other_logs":null,"out_stock_days":0,"lost_sales":0,"has_location":false,"update_date":"2025-07-19T06:26:30","atum_locations":[{"id":781,"name":"212","slug":"212"}],"atum_stock_status":"instock","restock_status":false,"low_stock_amount":"","sales_update_date":"2025-07-19T06:26:30","calc_backorders":0,"locations":[],"_links":{"self":[{"href":"https:\/\/delices.lu\/de\/wp-json\/wp\/v2\/product\/15637","targetHints":{"allow":["GET"]}}],"collection":[{"href":"https:\/\/delices.lu\/de\/wp-json\/wp\/v2\/product"}],"about":[{"href":"https:\/\/delices.lu\/de\/wp-json\/wp\/v2\/types\/product"}],"wp:featuredmedia":[{"embeddable":true,"href":"https:\/\/delices.lu\/de\/wp-json\/wp\/v2\/media\/15639"}],"wp:attachment":[{"href":"https:\/\/delices.lu\/de\/wp-json\/wp\/v2\/media?parent=15637"}],"wp:term":[{"taxonomy":"location","embeddable":true,"href":"https:\/\/delices.lu\/de\/wp-json\/wp\/v2\/location?post=15637"},{"taxonomy":"product_brand","embeddable":true,"href":"https:\/\/delices.lu\/de\/wp-json\/wp\/v2\/product_brand?post=15637"},{"taxonomy":"product_cat","embeddable":true,"href":"https:\/\/delices.lu\/de\/wp-json\/wp\/v2\/product_cat?post=15637"},{"taxonomy":"product_tag","embeddable":true,"href":"https:\/\/delices.lu\/de\/wp-json\/wp\/v2\/product_tag?post=15637"}],"curies":[{"name":"wp","href":"https:\/\/api.w.org\/{rel}","templated":true}]}}