{"id":15638,"date":"2024-08-23T00:00:49","date_gmt":"2025-03-20T10:51:21","guid":{"rendered":"https:\/\/delices.lu\/produit\/kleiner-becher-spielende-kinder\/"},"modified":"2025-03-20T11:51:21","modified_gmt":"2025-03-20T10:51:21","slug":"kleiner-becher-spielende-kinder","status":"publish","type":"product","link":"https:\/\/delices.lu\/de\/produit\/kleiner-becher-spielende-kinder\/","title":{"rendered":"Kleiner Becher, Spielende Kinder"},"content":{"rendered":"<p><strong>F\u00fcr Geb\u00e4ck, Snacks und als Dekoration<\/strong><br \/>\nToy&#8217;s Fantasy ist Teil der umfangreichen Weihnachtswelt von Villeroy &amp; Boch und weckt mit seinen in weihnachtlichen Farben und mit liebevollen Details gestalteten St\u00fccken sch\u00f6ne Kindheitserinnerungen. Seit 1748 verk\u00f6rpert Villeroy &amp; Boch kreative und qualitativ hochwertige Trends in der Inneneinrichtung. Diese kleine Weihnachtsschale ist mit fantasievollen Mustern in Rot, Gr\u00fcn und Wei\u00df verziert und eignet sich hervorragend, um Dekorationen, Geb\u00e4ck oder kleine Snacks in Szene zu setzen. Alle Teile der Kollektion lassen sich leicht miteinander kombinieren. Ein idealer Artikel zum Verschenken oder Dekorieren.    <\/p>\n","protected":false},"excerpt":{"rendered":"<p><strong>Toy&#8217;s Fantasy<br \/>\nKleine Schale<br \/>\nSpielende Kinder<br \/>\n<\/strong>MATERIAL: Porzellan<br \/>\nGR\u00d6SSE: ca. 160 ml<br \/>\nFARBE: mehrfarbig<br \/>\nGARANTIE SP\u00dcLMASCHINENGARANTIE: Nein<br \/>\nMIKROWELLENKOMPATIBEL: Ja<br \/>\nREF. ARTIKEL: 1483323712 <\/p>\n<p>&nbsp;<\/p>\n","protected":false},"featured_media":15643,"template":"","meta":[],"location":[959,897],"product_brand":[],"product_cat":[1356,1311,2231,1309,2230,2448],"product_tag":[1358,743,2248,2233],"class_list":{"0":"post-15638","1":"product","2":"type-product","3":"status-publish","4":"has-post-thumbnail","6":"location-0-shop","7":"location-14-3","8":"product_cat-coupe-de","9":"product_cat-dekoration","10":"product_cat-teller","11":"product_cat-villeroy-boch-de","12":"product_cat-weihnachten","13":"product_cat-winter","14":"product_tag-coupe-de","15":"product_tag-decoration-de","16":"product_tag-teller","17":"product_tag-weihnachtsdekorationen","19":"first","20":"instock","21":"shipping-taxable","22":"purchasable","23":"product-type-simple"},"supplier_id":9071,"supplier_sku":"1483323712","barcode":"4003686419414","atum_controlled":true,"out_stock_date":null,"out_stock_threshold":null,"inheritable":false,"inbound_stock":0,"stock_on_hold":0,"sold_today":0,"sales_last_days":0,"reserved_stock":null,"customer_returns":null,"warehouse_damage":null,"lost_in_post":null,"other_logs":null,"out_stock_days":0,"lost_sales":0,"has_location":false,"update_date":"2025-07-19T06:26:36","atum_locations":[{"id":960,"name":"0 SHOP","slug":"0-shop"},{"id":816,"name":"143","slug":"143"}],"atum_stock_status":"instock","restock_status":false,"low_stock_amount":"","sales_update_date":"2025-07-19T06:26:36","calc_backorders":0,"locations":[],"_links":{"self":[{"href":"https:\/\/delices.lu\/de\/wp-json\/wp\/v2\/product\/15638","targetHints":{"allow":["GET"]}}],"collection":[{"href":"https:\/\/delices.lu\/de\/wp-json\/wp\/v2\/product"}],"about":[{"href":"https:\/\/delices.lu\/de\/wp-json\/wp\/v2\/types\/product"}],"wp:featuredmedia":[{"embeddable":true,"href":"https:\/\/delices.lu\/de\/wp-json\/wp\/v2\/media\/15643"}],"wp:attachment":[{"href":"https:\/\/delices.lu\/de\/wp-json\/wp\/v2\/media?parent=15638"}],"wp:term":[{"taxonomy":"location","embeddable":true,"href":"https:\/\/delices.lu\/de\/wp-json\/wp\/v2\/location?post=15638"},{"taxonomy":"product_brand","embeddable":true,"href":"https:\/\/delices.lu\/de\/wp-json\/wp\/v2\/product_brand?post=15638"},{"taxonomy":"product_cat","embeddable":true,"href":"https:\/\/delices.lu\/de\/wp-json\/wp\/v2\/product_cat?post=15638"},{"taxonomy":"product_tag","embeddable":true,"href":"https:\/\/delices.lu\/de\/wp-json\/wp\/v2\/product_tag?post=15638"}],"curies":[{"name":"wp","href":"https:\/\/api.w.org\/{rel}","templated":true}]}}